{"id":48,"date":"2024-02-13T15:56:36","date_gmt":"2024-02-13T15:56:36","guid":{"rendered":"https:\/\/cfc.rehbars.com\/?page_id=48"},"modified":"2024-04-21T12:10:08","modified_gmt":"2024-04-21T12:10:08","slug":"careers","status":"publish","type":"page","link":"https:\/\/cfcegypt.com\/tr\/kariyer\/","title":{"rendered":"Kariyer"},"content":{"rendered":"<div data-elementor-type=\"wp-page\" data-elementor-id=\"48\" class=\"elementor elementor-48\" data-elementor-post-type=\"page\">\n\t\t\t\t<div data-dce-background-color=\"#124254\" class=\"elementor-element elementor-element-ea525fe e-con-full e-flex e-con e-parent\" data-id=\"ea525fe\" data-element_type=\"container\" data-settings=\"{&quot;background_background&quot;:&quot;classic&quot;}\">\n\t\t<div class=\"elementor-element elementor-element-7cefc46 e-con-full e-flex e-con e-child\" data-id=\"7cefc46\" data-element_type=\"container\">\n\t\t\t\t<div class=\"elementor-element elementor-element-6335bde animated-slow elementor-widget__width-initial elementor-invisible elementor-widget elementor-widget-heading\" data-id=\"6335bde\" data-element_type=\"widget\" data-settings=\"{&quot;_animation&quot;:&quot;fadeInUp&quot;,&quot;_animation_delay&quot;:400}\" data-widget_type=\"heading.default\">\n\t\t\t\t<div class=\"elementor-widget-container\">\n\t\t\t<style>\/*! elementor - v3.23.0 - 05-08-2024 *\/\n.elementor-heading-title{padding:0;margin:0;line-height:1}.elementor-widget-heading .elementor-heading-title[class*=elementor-size-]>a{color:inherit;font-size:inherit;line-height:inherit}.elementor-widget-heading .elementor-heading-title.elementor-size-small{font-size:15px}.elementor-widget-heading .elementor-heading-title.elementor-size-medium{font-size:19px}.elementor-widget-heading .elementor-heading-title.elementor-size-large{font-size:29px}.elementor-widget-heading .elementor-heading-title.elementor-size-xl{font-size:39px}.elementor-widget-heading .elementor-heading-title.elementor-size-xxl{font-size:59px}<\/style><h2 class=\"elementor-heading-title elementor-size-default\">Bo\u015f pozisyonlar<\/h2>\t\t<\/div>\n\t\t\t\t<\/div>\n\t\t\t\t<\/div>\n\t\t<div class=\"elementor-element elementor-element-6d101ae e-con-full e-flex e-con e-child\" data-id=\"6d101ae\" data-element_type=\"container\">\n\t\t\t\t<div class=\"elementor-element elementor-element-9815232 animated-slow elementor-invisible elementor-widget elementor-widget-heading\" data-id=\"9815232\" data-element_type=\"widget\" data-settings=\"{&quot;_animation&quot;:&quot;fadeInUp&quot;,&quot;_animation_delay&quot;:400}\" data-widget_type=\"heading.default\">\n\t\t\t\t<div class=\"elementor-widget-container\">\n\t\t\t<p class=\"elementor-heading-title elementor-size-default\">CFC Construction &amp; Foundries Industrial'da esnek ve i\u015fbirli\u011fine dayal\u0131 bir \u00e7al\u0131\u015fma k\u00fclt\u00fcr\u00fcne sahibiz. \u00d6n ofisimizden arka ofise kadar organizasyon genelinde son derece yetenekli insanlar\u0131 istihdam ediyoruz. A\u015fa\u011f\u0131da mevcut i\u015f ilanlar\u0131m\u0131za bir g\u00f6z at\u0131n.<\/p>\t\t<\/div>\n\t\t\t\t<\/div>\n\t\t\t\t<\/div>\n\t\t\t\t<\/div>\n\t\t<div class=\"elementor-element elementor-element-ece44a4 e-con-full e-flex e-con e-parent\" data-id=\"ece44a4\" data-element_type=\"container\">\n\t\t\t\t<div class=\"elementor-element elementor-element-bc0ca55 elementor-grid-3 elementor-grid-tablet-2 elementor-grid-mobile-1 elementor-widget elementor-widget-loop-grid\" data-id=\"bc0ca55\" data-element_type=\"widget\" data-settings=\"{&quot;template_id&quot;:&quot;1568&quot;,&quot;row_gap&quot;:{&quot;unit&quot;:&quot;custom&quot;,&quot;size&quot;:&quot;3vw&quot;,&quot;sizes&quot;:[]},&quot;row_gap_tablet&quot;:{&quot;unit&quot;:&quot;custom&quot;,&quot;size&quot;:&quot;&quot;,&quot;sizes&quot;:[]},&quot;row_gap_mobile&quot;:{&quot;unit&quot;:&quot;custom&quot;,&quot;size&quot;:&quot;5vw&quot;,&quot;sizes&quot;:[]},&quot;_skin&quot;:&quot;post&quot;,&quot;columns&quot;:&quot;3&quot;,&quot;columns_tablet&quot;:&quot;2&quot;,&quot;columns_mobile&quot;:&quot;1&quot;,&quot;edit_handle_selector&quot;:&quot;[data-elementor-type=\\&quot;loop-item\\&quot;]&quot;}\" data-widget_type=\"loop-grid.post\">\n\t\t\t\t<div class=\"elementor-widget-container\">\n\t\t\t<link rel=\"stylesheet\" href=\"https:\/\/cfcegypt.com\/wp-content\/plugins\/elementor-pro\/assets\/css\/widget-loop-builder.min.css\">\t\t<div class=\"e-loop-nothing-found-message\">\n\t\t\t\t\t<div class=\"e-loop-nothing-found-message__text\">\n\t\t\t\t\u015eu anda a\u00e7\u0131k kontenjan yok gibi g\u00f6r\u00fcn\u00fcyor.\t\t\t<\/div>\n\t\t\t<\/div>\n\t\t\t\t<\/div>\n\t\t\t\t<\/div>\n\t\t\t\t<\/div>\n\t\t<div data-dce-background-overlay-color=\"#000000\" class=\"elementor-element elementor-element-c67c0b2 e-con-full e-flex e-con e-parent\" data-id=\"c67c0b2\" data-element_type=\"container\" data-settings=\"{&quot;background_background&quot;:&quot;video&quot;,&quot;background_video_link&quot;:&quot;https:\\\/\\\/player.vimeo.com\\\/video\\\/696302527?background=1&amp;h=e188b6506d&amp;app_id=122963&quot;,&quot;background_play_on_mobile&quot;:&quot;yes&quot;}\">\n\t\t<div class=\"elementor-background-video-container\">\n\t\t\t\t\t\t\t<div class=\"elementor-background-video-embed\"><\/div>\n\t\t\t\t\t\t<\/div>\t\t<div class=\"elementor-element elementor-element-e8bcb96 animated-slow elementor-invisible elementor-widget elementor-widget-heading\" data-id=\"e8bcb96\" data-element_type=\"widget\" data-settings=\"{&quot;_animation&quot;:&quot;fadeInUp&quot;}\" data-widget_type=\"heading.default\">\n\t\t\t\t<div class=\"elementor-widget-container\">\n\t\t\t<h2 class=\"elementor-heading-title elementor-size-default\">CFC ba\u015fka hi\u00e7bir \u015feye benzemiyor<\/h2>\t\t<\/div>\n\t\t\t\t<\/div>\n\t\t\t\t<div class=\"elementor-element elementor-element-2049cfe animated-slow elementor-widget__width-initial elementor-invisible elementor-widget elementor-widget-heading\" data-id=\"2049cfe\" data-element_type=\"widget\" data-settings=\"{&quot;_animation&quot;:&quot;fadeInUp&quot;,&quot;_animation_delay&quot;:400}\" data-widget_type=\"heading.default\">\n\t\t\t\t<div class=\"elementor-widget-container\">\n\t\t\t<h2 class=\"elementor-heading-title elementor-size-default\">Her yaz, \u00e7ocuklu\u011funun ge\u00e7ti\u011fi evde ailesinin mahsulleri bi\u00e7mesine yard\u0131m ediyor. Ve her g\u00fcn ofiste ba\u015far\u0131n\u0131n tohumlar\u0131n\u0131 ekiyor.<\/h2>\t\t<\/div>\n\t\t\t\t<\/div>\n\t\t\t\t<div data-dce-background-color=\"#C2212E\" class=\"elementor-element elementor-element-65a9823 elementor-widget elementor-widget-button\" data-id=\"65a9823\" data-element_type=\"widget\" data-widget_type=\"button.default\">\n\t\t\t\t<div class=\"elementor-widget-container\">\n\t\t\t\t\t<div class=\"elementor-button-wrapper\">\n\t\t\t<a class=\"elementor-button elementor-button-link elementor-size-sm\" href=\"https:\/\/cfcegypt.com\/tr\/insanlar\/\">\n\t\t\t\t\t\t<span class=\"elementor-button-content-wrapper\">\n\t\t\t\t\t\t\t\t\t<span class=\"elementor-button-text\">\u00c7al\u0131\u015fanlar\u0131m\u0131zla tan\u0131\u015f\u0131n<\/span>\n\t\t\t\t\t<\/span>\n\t\t\t\t\t<\/a>\n\t\t<\/div>\n\t\t\t\t<\/div>\n\t\t\t\t<\/div>\n\t\t\t\t<\/div>\n\t\t<div class=\"elementor-element elementor-element-fbcabf7 e-con-full e-flex e-con e-parent\" data-id=\"fbcabf7\" data-element_type=\"container\">\n\t\t<div data-dce-background-color=\"#124254\" data-dce-background-overlay-color=\"#000000\" class=\"elementor-element elementor-element-d0f1ac1 e-con-full e-flex e-con e-child\" data-id=\"d0f1ac1\" data-element_type=\"container\" data-settings=\"{&quot;background_background&quot;:&quot;classic&quot;}\">\n\t\t\t\t<div class=\"elementor-element elementor-element-5e3c24e elementor-widget elementor-widget-heading\" data-id=\"5e3c24e\" data-element_type=\"widget\" data-widget_type=\"heading.default\">\n\t\t\t\t<div class=\"elementor-widget-container\">\n\t\t\t<h2 class=\"elementor-heading-title elementor-size-default\">Temasta olmak<\/h2>\t\t<\/div>\n\t\t\t\t<\/div>\n\t\t\t\t<div class=\"elementor-element elementor-element-cb63755 elementor-widget__width-initial elementor-widget elementor-widget-heading\" data-id=\"cb63755\" data-element_type=\"widget\" data-widget_type=\"heading.default\">\n\t\t\t\t<div class=\"elementor-widget-container\">\n\t\t\t<p class=\"elementor-heading-title elementor-size-default translation-block\">CFC \u0130n\u015faat ve D\u00f6k\u00fcmhane End\u00fcstrimiz hakk\u0131nda daha fazla bilgi edinmek ister misiniz? <br>Sorunuzla bizimle ileti\u015fime ge\u00e7in.<\/p>\t\t<\/div>\n\t\t\t\t<\/div>\n\t\t\t\t<div data-dce-background-color=\"#FFFFFF\" class=\"elementor-element elementor-element-5f3c967 elementor-widget elementor-widget-button\" data-id=\"5f3c967\" data-element_type=\"widget\" data-widget_type=\"button.default\">\n\t\t\t\t<div class=\"elementor-widget-container\">\n\t\t\t\t\t<div class=\"elementor-button-wrapper\">\n\t\t\t<a class=\"elementor-button elementor-button-link elementor-size-sm\" href=\"https:\/\/cfcegypt.com\/tr\/bize-ulasin\/\">\n\t\t\t\t\t\t<span class=\"elementor-button-content-wrapper\">\n\t\t\t\t\t\t\t\t\t<span class=\"elementor-button-text\">Bize Ula\u015f\u0131n<\/span>\n\t\t\t\t\t<\/span>\n\t\t\t\t\t<\/a>\n\t\t<\/div>\n\t\t\t\t<\/div>\n\t\t\t\t<\/div>\n\t\t\t\t<\/div>\n\t\t\t\t<\/div>\n\t\t\t\t<\/div>","protected":false},"excerpt":{"rendered":"<p>Vacancies At CFC Construction &#038; Foundries Industrial, we have a flexible and collaborative work culture. We employ highly capable people throughout the organisation, from our front to back office. Have a look at our current job openings below. CFC is like no other Every summer, he helps his family reap the crops at his childhood [&hellip;]<\/p>","protected":false},"author":1,"featured_media":0,"parent":0,"menu_order":0,"comment_status":"closed","ping_status":"closed","template":"","meta":{"_acf_changed":false,"footnotes":""},"class_list":["post-48","page","type-page","status-publish","hentry"],"blocksy_meta":[],"acf":[],"yoast_head":"<!-- This site is optimized with the Yoast SEO Premium plugin v22.0 (Yoast SEO v26.1.1) - https:\/\/yoast.com\/wordpress\/plugins\/seo\/ -->\n<title>Careers - CFC Egypt<\/title>\n<meta name=\"robots\" content=\"index, follow, max-snippet:-1, max-image-preview:large, max-video-preview:-1\" \/>\n<link rel=\"canonical\" href=\"https:\/\/cfcegypt.com\/tr\/kariyer\/\" \/>\n<meta property=\"og:locale\" content=\"tr_TR\" \/>\n<meta property=\"og:type\" content=\"article\" \/>\n<meta property=\"og:title\" content=\"Careers\" \/>\n<meta property=\"og:description\" content=\"Vacancies At CFC Construction &#038; Foundries Industrial, we have a flexible and collaborative work culture. We employ highly capable people throughout the organisation, from our front to back office. Have a look at our current job openings below. CFC is like no other Every summer, he helps his family reap the crops at his childhood [&hellip;]\" \/>\n<meta property=\"og:url\" content=\"https:\/\/cfcegypt.com\/tr\/kariyer\/\" \/>\n<meta property=\"og:site_name\" content=\"CFC Egypt\" \/>\n<meta property=\"article:publisher\" content=\"https:\/\/www.facebook.com\/CFCEGYPT\/\" \/>\n<meta property=\"article:modified_time\" content=\"2024-04-21T12:10:08+00:00\" \/>\n<meta name=\"twitter:card\" content=\"summary_large_image\" \/>\n<meta name=\"twitter:label1\" content=\"Tahmini okuma s\u00fcresi\" \/>\n\t<meta name=\"twitter:data1\" content=\"1 dakika\" \/>\n<script type=\"application\/ld+json\" class=\"yoast-schema-graph\">{\"@context\":\"https:\/\/schema.org\",\"@graph\":[{\"@type\":\"WebPage\",\"@id\":\"https:\/\/cfcegypt.com\/careers\/\",\"url\":\"https:\/\/cfcegypt.com\/careers\/\",\"name\":\"Careers - CFC Egypt\",\"isPartOf\":{\"@id\":\"https:\/\/cfcegypt.com\/#website\"},\"datePublished\":\"2024-02-13T15:56:36+00:00\",\"dateModified\":\"2024-04-21T12:10:08+00:00\",\"breadcrumb\":{\"@id\":\"https:\/\/cfcegypt.com\/careers\/#breadcrumb\"},\"inLanguage\":\"tr\",\"potentialAction\":[{\"@type\":\"ReadAction\",\"target\":[\"https:\/\/cfcegypt.com\/careers\/\"]}]},{\"@type\":\"BreadcrumbList\",\"@id\":\"https:\/\/cfcegypt.com\/careers\/#breadcrumb\",\"itemListElement\":[{\"@type\":\"ListItem\",\"position\":1,\"name\":\"Home\",\"item\":\"https:\/\/cfcegypt.com\/\"},{\"@type\":\"ListItem\",\"position\":2,\"name\":\"Careers\"}]},{\"@type\":\"WebSite\",\"@id\":\"https:\/\/cfcegypt.com\/#website\",\"url\":\"https:\/\/cfcegypt.com\/\",\"name\":\"CFC Egypt\",\"description\":\"\",\"publisher\":{\"@id\":\"https:\/\/cfcegypt.com\/#organization\"},\"potentialAction\":[{\"@type\":\"SearchAction\",\"target\":{\"@type\":\"EntryPoint\",\"urlTemplate\":\"https:\/\/cfcegypt.com\/?s={search_term_string}\"},\"query-input\":{\"@type\":\"PropertyValueSpecification\",\"valueRequired\":true,\"valueName\":\"search_term_string\"}}],\"inLanguage\":\"tr\"},{\"@type\":\"Organization\",\"@id\":\"https:\/\/cfcegypt.com\/#organization\",\"name\":\"Construction & Foundries Chemicals Industrial Co.\",\"url\":\"https:\/\/cfcegypt.com\/\",\"logo\":{\"@type\":\"ImageObject\",\"inLanguage\":\"tr\",\"@id\":\"https:\/\/cfcegypt.com\/#\/schema\/logo\/image\/\",\"url\":\"https:\/\/cfcegypt.com\/wp-content\/uploads\/2024\/02\/CFC-Transparent-Logo-e1707911341304.png\",\"contentUrl\":\"https:\/\/cfcegypt.com\/wp-content\/uploads\/2024\/02\/CFC-Transparent-Logo-e1707911341304.png\",\"width\":131,\"height\":85,\"caption\":\"Construction & Foundries Chemicals Industrial Co.\"},\"image\":{\"@id\":\"https:\/\/cfcegypt.com\/#\/schema\/logo\/image\/\"},\"sameAs\":[\"https:\/\/www.facebook.com\/CFCEGYPT\/\",\"https:\/\/www.instagram.com\/cfc_construction_foundries\/\",\"https:\/\/www.linkedin.com\/in\/cfc-construction-and-foundries-chemicals-092b81255\/\"]}]}<\/script>\n<!-- \/ Yoast SEO Premium plugin. -->","yoast_head_json":{"title":"Careers - CFC Egypt","robots":{"index":"index","follow":"follow","max-snippet":"max-snippet:-1","max-image-preview":"max-image-preview:large","max-video-preview":"max-video-preview:-1"},"canonical":"https:\/\/cfcegypt.com\/tr\/kariyer\/","og_locale":"tr_TR","og_type":"article","og_title":"Careers","og_description":"Vacancies At CFC Construction &#038; Foundries Industrial, we have a flexible and collaborative work culture. We employ highly capable people throughout the organisation, from our front to back office. Have a look at our current job openings below. CFC is like no other Every summer, he helps his family reap the crops at his childhood [&hellip;]","og_url":"https:\/\/cfcegypt.com\/tr\/kariyer\/","og_site_name":"CFC Egypt","article_publisher":"https:\/\/www.facebook.com\/CFCEGYPT\/","article_modified_time":"2024-04-21T12:10:08+00:00","twitter_card":"summary_large_image","twitter_misc":{"Tahmini okuma s\u00fcresi":"1 dakika"},"schema":{"@context":"https:\/\/schema.org","@graph":[{"@type":"WebPage","@id":"https:\/\/cfcegypt.com\/careers\/","url":"https:\/\/cfcegypt.com\/careers\/","name":"Careers - CFC Egypt","isPartOf":{"@id":"https:\/\/cfcegypt.com\/#website"},"datePublished":"2024-02-13T15:56:36+00:00","dateModified":"2024-04-21T12:10:08+00:00","breadcrumb":{"@id":"https:\/\/cfcegypt.com\/careers\/#breadcrumb"},"inLanguage":"tr","potentialAction":[{"@type":"ReadAction","target":["https:\/\/cfcegypt.com\/careers\/"]}]},{"@type":"BreadcrumbList","@id":"https:\/\/cfcegypt.com\/careers\/#breadcrumb","itemListElement":[{"@type":"ListItem","position":1,"name":"Home","item":"https:\/\/cfcegypt.com\/"},{"@type":"ListItem","position":2,"name":"Careers"}]},{"@type":"WebSite","@id":"https:\/\/cfcegypt.com\/#website","url":"https:\/\/cfcegypt.com\/","name":"CFC Egypt","description":"","publisher":{"@id":"https:\/\/cfcegypt.com\/#organization"},"potentialAction":[{"@type":"SearchAction","target":{"@type":"EntryPoint","urlTemplate":"https:\/\/cfcegypt.com\/?s={search_term_string}"},"query-input":{"@type":"PropertyValueSpecification","valueRequired":true,"valueName":"search_term_string"}}],"inLanguage":"tr"},{"@type":"Organization","@id":"https:\/\/cfcegypt.com\/#organization","name":"Construction & Foundries Chemicals Industrial Co.","url":"https:\/\/cfcegypt.com\/","logo":{"@type":"ImageObject","inLanguage":"tr","@id":"https:\/\/cfcegypt.com\/#\/schema\/logo\/image\/","url":"https:\/\/cfcegypt.com\/wp-content\/uploads\/2024\/02\/CFC-Transparent-Logo-e1707911341304.png","contentUrl":"https:\/\/cfcegypt.com\/wp-content\/uploads\/2024\/02\/CFC-Transparent-Logo-e1707911341304.png","width":131,"height":85,"caption":"Construction & Foundries Chemicals Industrial Co."},"image":{"@id":"https:\/\/cfcegypt.com\/#\/schema\/logo\/image\/"},"sameAs":["https:\/\/www.facebook.com\/CFCEGYPT\/","https:\/\/www.instagram.com\/cfc_construction_foundries\/","https:\/\/www.linkedin.com\/in\/cfc-construction-and-foundries-chemicals-092b81255\/"]}]}},"_links":{"self":[{"href":"https:\/\/cfcegypt.com\/tr\/wp-json\/wp\/v2\/pages\/48","targetHints":{"allow":["GET"]}}],"collection":[{"href":"https:\/\/cfcegypt.com\/tr\/wp-json\/wp\/v2\/pages"}],"about":[{"href":"https:\/\/cfcegypt.com\/tr\/wp-json\/wp\/v2\/types\/page"}],"author":[{"embeddable":true,"href":"https:\/\/cfcegypt.com\/tr\/wp-json\/wp\/v2\/users\/1"}],"replies":[{"embeddable":true,"href":"https:\/\/cfcegypt.com\/tr\/wp-json\/wp\/v2\/comments?post=48"}],"version-history":[{"count":0,"href":"https:\/\/cfcegypt.com\/tr\/wp-json\/wp\/v2\/pages\/48\/revisions"}],"wp:attachment":[{"href":"https:\/\/cfcegypt.com\/tr\/wp-json\/wp\/v2\/media?parent=48"}],"curies":[{"name":"wp","href":"https:\/\/api.w.org\/{rel}","templated":true}]}}