{"id":46,"date":"2024-02-13T15:56:29","date_gmt":"2024-02-13T15:56:29","guid":{"rendered":"https:\/\/cfc.rehbars.com\/?page_id=46"},"modified":"2024-03-17T15:13:00","modified_gmt":"2024-03-17T15:13:00","slug":"news","status":"publish","type":"page","link":"https:\/\/cfcegypt.com\/tr\/haberler\/","title":{"rendered":"Haberler"},"content":{"rendered":"<div data-elementor-type=\"wp-page\" data-elementor-id=\"46\" class=\"elementor elementor-46\" data-elementor-post-type=\"page\">\n\t\t\t\t<div data-dce-background-color=\"#124254\" class=\"elementor-element elementor-element-f90896f e-con-full e-flex e-con e-parent\" data-id=\"f90896f\" data-element_type=\"container\" data-settings=\"{&quot;background_background&quot;:&quot;classic&quot;}\">\n\t\t<div class=\"elementor-element elementor-element-7d9485a e-con-full e-flex e-con e-child\" data-id=\"7d9485a\" data-element_type=\"container\">\n\t\t\t\t<div class=\"elementor-element elementor-element-762a3de animated-slow elementor-widget__width-initial elementor-invisible elementor-widget elementor-widget-heading\" data-id=\"762a3de\" data-element_type=\"widget\" data-settings=\"{&quot;_animation&quot;:&quot;fadeInUp&quot;,&quot;_animation_delay&quot;:400}\" data-widget_type=\"heading.default\">\n\t\t\t\t<div class=\"elementor-widget-container\">\n\t\t\t<style>\/*! elementor - v3.23.0 - 05-08-2024 *\/\n.elementor-heading-title{padding:0;margin:0;line-height:1}.elementor-widget-heading .elementor-heading-title[class*=elementor-size-]>a{color:inherit;font-size:inherit;line-height:inherit}.elementor-widget-heading .elementor-heading-title.elementor-size-small{font-size:15px}.elementor-widget-heading .elementor-heading-title.elementor-size-medium{font-size:19px}.elementor-widget-heading .elementor-heading-title.elementor-size-large{font-size:29px}.elementor-widget-heading .elementor-heading-title.elementor-size-xl{font-size:39px}.elementor-widget-heading .elementor-heading-title.elementor-size-xxl{font-size:59px}<\/style><h2 class=\"elementor-heading-title elementor-size-default\">Haberler<\/h2>\t\t<\/div>\n\t\t\t\t<\/div>\n\t\t\t\t<\/div>\n\t\t<div class=\"elementor-element elementor-element-1f23bc2 e-con-full e-flex e-con e-child\" data-id=\"1f23bc2\" data-element_type=\"container\">\n\t\t\t\t<div class=\"elementor-element elementor-element-43293c5 animated-slow elementor-invisible elementor-widget elementor-widget-heading\" data-id=\"43293c5\" data-element_type=\"widget\" data-settings=\"{&quot;_animation&quot;:&quot;fadeInUp&quot;,&quot;_animation_delay&quot;:400}\" data-widget_type=\"heading.default\">\n\t\t\t\t<div class=\"elementor-widget-container\">\n\t\t\t<p class=\"elementor-heading-title elementor-size-default\">Yeni b\u00f6l\u00fcm\u00fcm\u00fcze ho\u015f geldiniz. Burada en son bas\u0131n b\u00fcltenlerimize, r\u00f6portajlar\u0131m\u0131za ve makalelerimize genel bir bak\u0131\u015f bulacaks\u0131n\u0131z.<\/p>\t\t<\/div>\n\t\t\t\t<\/div>\n\t\t\t\t<\/div>\n\t\t\t\t<\/div>\n\t\t<div class=\"elementor-element elementor-element-59f1217 e-con-full e-flex e-con e-parent\" data-id=\"59f1217\" data-element_type=\"container\">\n\t\t\t\t<div class=\"elementor-element elementor-element-e2b83c0 elementor-grid-3 elementor-grid-tablet-2 elementor-grid-mobile-1 elementor-posts--thumbnail-top elementor-widget elementor-widget-posts\" data-id=\"e2b83c0\" data-element_type=\"widget\" data-settings=\"{&quot;classic_row_gap&quot;:{&quot;unit&quot;:&quot;custom&quot;,&quot;size&quot;:&quot;2vw&quot;,&quot;sizes&quot;:[]},&quot;classic_row_gap_tablet&quot;:{&quot;unit&quot;:&quot;custom&quot;,&quot;size&quot;:&quot;&quot;,&quot;sizes&quot;:[]},&quot;classic_row_gap_mobile&quot;:{&quot;unit&quot;:&quot;custom&quot;,&quot;size&quot;:&quot;&quot;,&quot;sizes&quot;:[]},&quot;classic_columns&quot;:&quot;3&quot;,&quot;classic_columns_tablet&quot;:&quot;2&quot;,&quot;classic_columns_mobile&quot;:&quot;1&quot;}\" data-widget_type=\"posts.classic\">\n\t\t\t\t<div class=\"elementor-widget-container\">\n\t\t\t<link rel=\"stylesheet\" href=\"https:\/\/cfcegypt.com\/wp-content\/plugins\/elementor-pro\/assets\/css\/widget-posts.min.css\">\t\t<div class=\"elementor-posts-container elementor-posts elementor-posts--skin-classic elementor-grid\">\n\t\t\t\t<article class=\"elementor-post elementor-grid-item post-4062 post type-post status-publish format-standard has-post-thumbnail hentry category-uncategorized\">\n\t\t\t\t<a class=\"elementor-post__thumbnail__link\" href=\"https:\/\/cfcegypt.com\/tr\/delta-steel-foundry-launches-trial-operation-a-milestone-for-egypts-industrial-advancement\/\" tabindex=\"-1\" >\n\t\t\t<div class=\"elementor-post__thumbnail\"><img fetchpriority=\"high\" decoding=\"async\" width=\"2048\" height=\"1536\" src=\"https:\/\/cfcegypt.com\/wp-content\/uploads\/2024\/11\/467335247_488943480838133_753311829658338677_n-1.jpg\" class=\"attachment-full size-full wp-image-4065\" alt=\"\" srcset=\"https:\/\/cfcegypt.com\/wp-content\/uploads\/2024\/11\/467335247_488943480838133_753311829658338677_n-1.jpg 2048w, https:\/\/cfcegypt.com\/wp-content\/uploads\/2024\/11\/467335247_488943480838133_753311829658338677_n-1-300x225.jpg 300w, https:\/\/cfcegypt.com\/wp-content\/uploads\/2024\/11\/467335247_488943480838133_753311829658338677_n-1-1024x768.jpg 1024w, https:\/\/cfcegypt.com\/wp-content\/uploads\/2024\/11\/467335247_488943480838133_753311829658338677_n-1-768x576.jpg 768w, https:\/\/cfcegypt.com\/wp-content\/uploads\/2024\/11\/467335247_488943480838133_753311829658338677_n-1-1536x1152.jpg 1536w, https:\/\/cfcegypt.com\/wp-content\/uploads\/2024\/11\/467335247_488943480838133_753311829658338677_n-1-16x12.jpg 16w\" sizes=\"(max-width: 2048px) 100vw, 2048px\" \/><\/div>\n\t\t<\/a>\n\t\t\t\t<div class=\"elementor-post__text\">\n\t\t\t\t<h3 class=\"elementor-post__title\">\n\t\t\t<a href=\"https:\/\/cfcegypt.com\/tr\/delta-steel-foundry-launches-trial-operation-a-milestone-for-egypts-industrial-advancement\/\" >\n\t\t\t\tDelta Steel Foundry Launches Trial Operation: A Milestone for Egypt&#8217;s Industrial Advancement\t\t\t<\/a>\n\t\t<\/h3>\n\t\t\t\t<div class=\"elementor-post__meta-data\">\n\t\t\t\t\t<span class=\"elementor-post-date\">\n\t\t\t17\/11\/2024\t\t<\/span>\n\t\t\t\t<\/div>\n\t\t\t\t<div class=\"elementor-post__excerpt\">\n\t\t\t<p>Thursday, 14 November 2024, as part of an ongoing collaboration to advance the industry in Egypt, and in partnership with GEMCO ENGINEERS B.V., ABP, and the Construction Chemicals &amp; Foundry Company (CFC), the agent of INSERTEC Furnaces &amp; Refractories Refractories in Egypt, the trial operation of Delta Steel Company&#8217;s cast<\/p>\n\t\t<\/div>\n\t\t\t\t<\/div>\n\t\t\t\t<\/article>\n\t\t\t\t<article class=\"elementor-post elementor-grid-item post-1987 post type-post status-publish format-standard has-post-thumbnail hentry category-uncategorized\">\n\t\t\t\t<a class=\"elementor-post__thumbnail__link\" href=\"https:\/\/cfcegypt.com\/tr\/cfc-at-ankiros-2024-shaping-the-future-of-construction-and-foundry-sectors\/\" tabindex=\"-1\" >\n\t\t\t<div class=\"elementor-post__thumbnail\"><img decoding=\"async\" width=\"1600\" height=\"1200\" src=\"https:\/\/cfcegypt.com\/wp-content\/uploads\/2024\/03\/IMG-20241027-WA0008.jpg\" class=\"attachment-full size-full wp-image-4041\" alt=\"\" srcset=\"https:\/\/cfcegypt.com\/wp-content\/uploads\/2024\/03\/IMG-20241027-WA0008.jpg 1600w, https:\/\/cfcegypt.com\/wp-content\/uploads\/2024\/03\/IMG-20241027-WA0008-300x225.jpg 300w, https:\/\/cfcegypt.com\/wp-content\/uploads\/2024\/03\/IMG-20241027-WA0008-1024x768.jpg 1024w, https:\/\/cfcegypt.com\/wp-content\/uploads\/2024\/03\/IMG-20241027-WA0008-768x576.jpg 768w, https:\/\/cfcegypt.com\/wp-content\/uploads\/2024\/03\/IMG-20241027-WA0008-1536x1152.jpg 1536w, https:\/\/cfcegypt.com\/wp-content\/uploads\/2024\/03\/IMG-20241027-WA0008-16x12.jpg 16w\" sizes=\"(max-width: 1600px) 100vw, 1600px\" \/><\/div>\n\t\t<\/a>\n\t\t\t\t<div class=\"elementor-post__text\">\n\t\t\t\t<h3 class=\"elementor-post__title\">\n\t\t\t<a href=\"https:\/\/cfcegypt.com\/tr\/cfc-at-ankiros-2024-shaping-the-future-of-construction-and-foundry-sectors\/\" >\n\t\t\t\tCFC Ankiros 2024'te: \u0130n\u015faat ve D\u00f6k\u00fcm Sekt\u00f6rlerinin Gelece\u011fini \u015eekillendiriyor\t\t\t<\/a>\n\t\t<\/h3>\n\t\t\t\t<div class=\"elementor-post__meta-data\">\n\t\t\t\t\t<span class=\"elementor-post-date\">\n\t\t\t21\/09\/2024\t\t<\/span>\n\t\t\t\t<\/div>\n\t\t\t\t<div class=\"elementor-post__excerpt\">\n\t\t\t<p>In a global market that demands innovation and precision, CFC stands at the forefront of manufacturing and trading, reshaping the construction and foundry sectors with cutting-edge chemical solutions. As a leader in quality production, we don\u2019t merely supply materials; we drive change, connecting groundbreaking products directly to project needs, enabling<\/p>\n\t\t<\/div>\n\t\t\t\t<\/div>\n\t\t\t\t<\/article>\n\t\t\t\t<\/div>\n\t\t\n\t\t\t\t<\/div>\n\t\t\t\t<\/div>\n\t\t\t\t<\/div>\n\t\t\t\t<\/div>","protected":false},"excerpt":{"rendered":"<p>Haberler Yeni b\u00f6l\u00fcm\u00fcm\u00fcze ho\u015f geldiniz. Burada en son bas\u0131n b\u00fcltenlerimize, r\u00f6portajlar\u0131m\u0131za ve makalelerimize genel bir bak\u0131\u015f bulacaks\u0131n\u0131z.<\/p>","protected":false},"author":1,"featured_media":0,"parent":0,"menu_order":0,"comment_status":"closed","ping_status":"closed","template":"","meta":{"_acf_changed":false,"footnotes":""},"class_list":["post-46","page","type-page","status-publish","hentry"],"blocksy_meta":[],"acf":[],"yoast_head":"<!-- This site is optimized with the Yoast SEO Premium plugin v22.0 (Yoast SEO v26.1.1) - https:\/\/yoast.com\/wordpress\/plugins\/seo\/ -->\n<title>News - CFC Egypt<\/title>\n<meta name=\"robots\" content=\"index, follow, max-snippet:-1, max-image-preview:large, max-video-preview:-1\" \/>\n<link rel=\"canonical\" href=\"https:\/\/cfcegypt.com\/tr\/haberler\/\" \/>\n<meta property=\"og:locale\" content=\"tr_TR\" \/>\n<meta property=\"og:type\" content=\"article\" \/>\n<meta property=\"og:title\" content=\"News\" \/>\n<meta property=\"og:description\" content=\"News Welcome to our new section. Here, you\u2019ll find an overview of our latest press releases, interviews and articles.\" \/>\n<meta property=\"og:url\" content=\"https:\/\/cfcegypt.com\/tr\/haberler\/\" \/>\n<meta property=\"og:site_name\" content=\"CFC Egypt\" \/>\n<meta property=\"article:publisher\" content=\"https:\/\/www.facebook.com\/CFCEGYPT\/\" \/>\n<meta property=\"article:modified_time\" content=\"2024-03-17T15:13:00+00:00\" \/>\n<meta name=\"twitter:card\" content=\"summary_large_image\" \/>\n<meta name=\"twitter:label1\" content=\"Tahmini okuma s\u00fcresi\" \/>\n\t<meta name=\"twitter:data1\" content=\"1 dakika\" \/>\n<script type=\"application\/ld+json\" class=\"yoast-schema-graph\">{\"@context\":\"https:\/\/schema.org\",\"@graph\":[{\"@type\":\"WebPage\",\"@id\":\"https:\/\/cfcegypt.com\/news\/\",\"url\":\"https:\/\/cfcegypt.com\/news\/\",\"name\":\"News - CFC Egypt\",\"isPartOf\":{\"@id\":\"https:\/\/cfcegypt.com\/#website\"},\"datePublished\":\"2024-02-13T15:56:29+00:00\",\"dateModified\":\"2024-03-17T15:13:00+00:00\",\"breadcrumb\":{\"@id\":\"https:\/\/cfcegypt.com\/news\/#breadcrumb\"},\"inLanguage\":\"tr\",\"potentialAction\":[{\"@type\":\"ReadAction\",\"target\":[\"https:\/\/cfcegypt.com\/news\/\"]}]},{\"@type\":\"BreadcrumbList\",\"@id\":\"https:\/\/cfcegypt.com\/news\/#breadcrumb\",\"itemListElement\":[{\"@type\":\"ListItem\",\"position\":1,\"name\":\"Home\",\"item\":\"https:\/\/cfcegypt.com\/\"},{\"@type\":\"ListItem\",\"position\":2,\"name\":\"News\"}]},{\"@type\":\"WebSite\",\"@id\":\"https:\/\/cfcegypt.com\/#website\",\"url\":\"https:\/\/cfcegypt.com\/\",\"name\":\"CFC Egypt\",\"description\":\"\",\"publisher\":{\"@id\":\"https:\/\/cfcegypt.com\/#organization\"},\"potentialAction\":[{\"@type\":\"SearchAction\",\"target\":{\"@type\":\"EntryPoint\",\"urlTemplate\":\"https:\/\/cfcegypt.com\/?s={search_term_string}\"},\"query-input\":{\"@type\":\"PropertyValueSpecification\",\"valueRequired\":true,\"valueName\":\"search_term_string\"}}],\"inLanguage\":\"tr\"},{\"@type\":\"Organization\",\"@id\":\"https:\/\/cfcegypt.com\/#organization\",\"name\":\"Construction & Foundries Chemicals Industrial Co.\",\"url\":\"https:\/\/cfcegypt.com\/\",\"logo\":{\"@type\":\"ImageObject\",\"inLanguage\":\"tr\",\"@id\":\"https:\/\/cfcegypt.com\/#\/schema\/logo\/image\/\",\"url\":\"https:\/\/cfcegypt.com\/wp-content\/uploads\/2024\/02\/CFC-Transparent-Logo-e1707911341304.png\",\"contentUrl\":\"https:\/\/cfcegypt.com\/wp-content\/uploads\/2024\/02\/CFC-Transparent-Logo-e1707911341304.png\",\"width\":131,\"height\":85,\"caption\":\"Construction & Foundries Chemicals Industrial Co.\"},\"image\":{\"@id\":\"https:\/\/cfcegypt.com\/#\/schema\/logo\/image\/\"},\"sameAs\":[\"https:\/\/www.facebook.com\/CFCEGYPT\/\",\"https:\/\/www.instagram.com\/cfc_construction_foundries\/\",\"https:\/\/www.linkedin.com\/in\/cfc-construction-and-foundries-chemicals-092b81255\/\"]}]}<\/script>\n<!-- \/ Yoast SEO Premium plugin. -->","yoast_head_json":{"title":"News - CFC Egypt","robots":{"index":"index","follow":"follow","max-snippet":"max-snippet:-1","max-image-preview":"max-image-preview:large","max-video-preview":"max-video-preview:-1"},"canonical":"https:\/\/cfcegypt.com\/tr\/haberler\/","og_locale":"tr_TR","og_type":"article","og_title":"News","og_description":"News Welcome to our new section. Here, you\u2019ll find an overview of our latest press releases, interviews and articles.","og_url":"https:\/\/cfcegypt.com\/tr\/haberler\/","og_site_name":"CFC Egypt","article_publisher":"https:\/\/www.facebook.com\/CFCEGYPT\/","article_modified_time":"2024-03-17T15:13:00+00:00","twitter_card":"summary_large_image","twitter_misc":{"Tahmini okuma s\u00fcresi":"1 dakika"},"schema":{"@context":"https:\/\/schema.org","@graph":[{"@type":"WebPage","@id":"https:\/\/cfcegypt.com\/news\/","url":"https:\/\/cfcegypt.com\/news\/","name":"News - CFC Egypt","isPartOf":{"@id":"https:\/\/cfcegypt.com\/#website"},"datePublished":"2024-02-13T15:56:29+00:00","dateModified":"2024-03-17T15:13:00+00:00","breadcrumb":{"@id":"https:\/\/cfcegypt.com\/news\/#breadcrumb"},"inLanguage":"tr","potentialAction":[{"@type":"ReadAction","target":["https:\/\/cfcegypt.com\/news\/"]}]},{"@type":"BreadcrumbList","@id":"https:\/\/cfcegypt.com\/news\/#breadcrumb","itemListElement":[{"@type":"ListItem","position":1,"name":"Home","item":"https:\/\/cfcegypt.com\/"},{"@type":"ListItem","position":2,"name":"News"}]},{"@type":"WebSite","@id":"https:\/\/cfcegypt.com\/#website","url":"https:\/\/cfcegypt.com\/","name":"CFC Egypt","description":"","publisher":{"@id":"https:\/\/cfcegypt.com\/#organization"},"potentialAction":[{"@type":"SearchAction","target":{"@type":"EntryPoint","urlTemplate":"https:\/\/cfcegypt.com\/?s={search_term_string}"},"query-input":{"@type":"PropertyValueSpecification","valueRequired":true,"valueName":"search_term_string"}}],"inLanguage":"tr"},{"@type":"Organization","@id":"https:\/\/cfcegypt.com\/#organization","name":"Construction & Foundries Chemicals Industrial Co.","url":"https:\/\/cfcegypt.com\/","logo":{"@type":"ImageObject","inLanguage":"tr","@id":"https:\/\/cfcegypt.com\/#\/schema\/logo\/image\/","url":"https:\/\/cfcegypt.com\/wp-content\/uploads\/2024\/02\/CFC-Transparent-Logo-e1707911341304.png","contentUrl":"https:\/\/cfcegypt.com\/wp-content\/uploads\/2024\/02\/CFC-Transparent-Logo-e1707911341304.png","width":131,"height":85,"caption":"Construction & Foundries Chemicals Industrial Co."},"image":{"@id":"https:\/\/cfcegypt.com\/#\/schema\/logo\/image\/"},"sameAs":["https:\/\/www.facebook.com\/CFCEGYPT\/","https:\/\/www.instagram.com\/cfc_construction_foundries\/","https:\/\/www.linkedin.com\/in\/cfc-construction-and-foundries-chemicals-092b81255\/"]}]}},"_links":{"self":[{"href":"https:\/\/cfcegypt.com\/tr\/wp-json\/wp\/v2\/pages\/46","targetHints":{"allow":["GET"]}}],"collection":[{"href":"https:\/\/cfcegypt.com\/tr\/wp-json\/wp\/v2\/pages"}],"about":[{"href":"https:\/\/cfcegypt.com\/tr\/wp-json\/wp\/v2\/types\/page"}],"author":[{"embeddable":true,"href":"https:\/\/cfcegypt.com\/tr\/wp-json\/wp\/v2\/users\/1"}],"replies":[{"embeddable":true,"href":"https:\/\/cfcegypt.com\/tr\/wp-json\/wp\/v2\/comments?post=46"}],"version-history":[{"count":0,"href":"https:\/\/cfcegypt.com\/tr\/wp-json\/wp\/v2\/pages\/46\/revisions"}],"wp:attachment":[{"href":"https:\/\/cfcegypt.com\/tr\/wp-json\/wp\/v2\/media?parent=46"}],"curies":[{"name":"wp","href":"https:\/\/api.w.org\/{rel}","templated":true}]}}