{"id":396,"date":"2024-02-14T18:27:10","date_gmt":"2024-02-14T18:27:10","guid":{"rendered":"https:\/\/cfc.rehbars.com\/?page_id=396"},"modified":"2024-04-04T22:14:17","modified_gmt":"2024-04-04T22:14:17","slug":"products","status":"publish","type":"page","link":"https:\/\/cfcegypt.com\/tr\/urunler\/","title":{"rendered":"\u00dcr\u00fcnler"},"content":{"rendered":"<div data-elementor-type=\"wp-page\" data-elementor-id=\"396\" class=\"elementor elementor-396\" data-elementor-post-type=\"page\">\n\t\t\t\t<div data-dce-background-color=\"#124254\" class=\"elementor-element elementor-element-9765c50 e-con-full e-flex e-con e-parent\" data-id=\"9765c50\" data-element_type=\"container\" data-settings=\"{&quot;background_background&quot;:&quot;classic&quot;}\">\n\t\t<div class=\"elementor-element elementor-element-eca6717 e-con-full e-flex e-con e-child\" data-id=\"eca6717\" data-element_type=\"container\">\n\t\t\t\t<div class=\"elementor-element elementor-element-bea4038 elementor-widget__width-initial elementor-widget elementor-widget-heading\" data-id=\"bea4038\" data-element_type=\"widget\" data-widget_type=\"heading.default\">\n\t\t\t\t<div class=\"elementor-widget-container\">\n\t\t\t<style>\/*! elementor - v3.23.0 - 05-08-2024 *\/\n.elementor-heading-title{padding:0;margin:0;line-height:1}.elementor-widget-heading .elementor-heading-title[class*=elementor-size-]>a{color:inherit;font-size:inherit;line-height:inherit}.elementor-widget-heading .elementor-heading-title.elementor-size-small{font-size:15px}.elementor-widget-heading .elementor-heading-title.elementor-size-medium{font-size:19px}.elementor-widget-heading .elementor-heading-title.elementor-size-large{font-size:29px}.elementor-widget-heading .elementor-heading-title.elementor-size-xl{font-size:39px}.elementor-widget-heading .elementor-heading-title.elementor-size-xxl{font-size:59px}<\/style><h2 class=\"elementor-heading-title elementor-size-default\">\u00dcr\u00fcnler<\/h2>\t\t<\/div>\n\t\t\t\t<\/div>\n\t\t\t\t<\/div>\n\t\t<div class=\"elementor-element elementor-element-4f63af4 e-con-full e-flex e-con e-child\" data-id=\"4f63af4\" data-element_type=\"container\">\n\t\t\t\t<div class=\"elementor-element elementor-element-b250eb3 elementor-widget elementor-widget-heading\" data-id=\"b250eb3\" data-element_type=\"widget\" data-widget_type=\"heading.default\">\n\t\t\t\t<div class=\"elementor-widget-container\">\n\t\t\t<p class=\"elementor-heading-title elementor-size-default\">\u00dcr\u00fcn yelpazemiz, metal i\u015flemeye y\u00f6nelik Metalurji Kimyasallar\u0131n\u0131, geli\u015ftirilmi\u015f yap\u0131 malzemelerine y\u00f6nelik Yap\u0131 Kimyasallar\u0131n\u0131 ve ferroalyajlar, karbon katk\u0131 maddeleri ve daha fazlas\u0131n\u0131 sunan bir Ticaret B\u00f6l\u00fcm\u00fcn\u00fc kapsamaktad\u0131r. Her kategori, belirli end\u00fcstri ihtiya\u00e7lar\u0131na g\u00f6re uyarlanm\u0131\u015f kaliteli \u00e7\u00f6z\u00fcmlere odaklanm\u0131\u015ft\u0131r.<\/p>\t\t<\/div>\n\t\t\t\t<\/div>\n\t\t\t\t<\/div>\n\t\t\t\t<\/div>\n\t\t<div class=\"elementor-element elementor-element-4614f59 e-con-full e-flex e-con e-parent\" data-id=\"4614f59\" data-element_type=\"container\">\n\t\t<div class=\"elementor-element elementor-element-5966632 e-con-full e-flex e-con e-child\" data-id=\"5966632\" data-element_type=\"container\">\n\t\t\t\t<div class=\"elementor-element elementor-element-21fe9c7 dce_masking-none elementor-widget elementor-widget-image\" data-id=\"21fe9c7\" data-element_type=\"widget\" data-widget_type=\"image.default\">\n\t\t\t\t<div class=\"elementor-widget-container\">\n\t\t\t<style>\/*! elementor - v3.23.0 - 05-08-2024 *\/\n.elementor-widget-image{text-align:center}.elementor-widget-image a{display:inline-block}.elementor-widget-image a img[src$=\".svg\"]{width:48px}.elementor-widget-image img{vertical-align:middle;display:inline-block}<\/style>\t\t\t\t\t\t\t\t\t\t<img fetchpriority=\"high\" decoding=\"async\" width=\"653\" height=\"393\" src=\"https:\/\/cfcegypt.com\/wp-content\/uploads\/2024\/03\/03-centrifugal_casting-pipe-production-coating.png\" class=\"attachment-large size-large wp-image-2049\" alt=\"\" srcset=\"https:\/\/cfcegypt.com\/wp-content\/uploads\/2024\/03\/03-centrifugal_casting-pipe-production-coating.png 653w, https:\/\/cfcegypt.com\/wp-content\/uploads\/2024\/03\/03-centrifugal_casting-pipe-production-coating-300x181.png 300w\" sizes=\"(max-width: 653px) 100vw, 653px\" \/>\t\t\t\t\t\t\t\t\t\t\t\t\t<\/div>\n\t\t\t\t<\/div>\n\t\t\t\t<\/div>\n\t\t<div class=\"elementor-element elementor-element-e8ca712 e-con-full e-flex e-con e-child\" data-id=\"e8ca712\" data-element_type=\"container\">\n\t\t\t\t<div class=\"elementor-element elementor-element-306d4ff elementor-widget elementor-widget-heading\" data-id=\"306d4ff\" data-element_type=\"widget\" data-widget_type=\"heading.default\">\n\t\t\t\t<div class=\"elementor-widget-container\">\n\t\t\t<h2 class=\"elementor-heading-title elementor-size-default\">Metalurji Kimyasallar\u0131<\/h2>\t\t<\/div>\n\t\t\t\t<\/div>\n\t\t\t\t<div class=\"elementor-element elementor-element-cbb92c2 elementor-widget elementor-widget-heading\" data-id=\"cbb92c2\" data-element_type=\"widget\" data-widget_type=\"heading.default\">\n\t\t\t\t<div class=\"elementor-widget-container\">\n\t\t\t<p class=\"elementor-heading-title elementor-size-default\">Metalurjide hayati \u00f6nem ta\u015f\u0131yan metalurjik kimyasallar, konsantrasyon ve elektroliz gibi i\u015flemlerle metallerin \u00e7\u0131kar\u0131lmas\u0131n\u0131 ve rafine edilmesini kolayla\u015ft\u0131rarak end\u00fcstriyel uygulamalar i\u00e7in verimli metal \u00fcretimi sa\u011flar.<\/p>\t\t<\/div>\n\t\t\t\t<\/div>\n\t\t\t\t<div data-dce-background-color=\"#C2212E\" class=\"elementor-element elementor-element-e037003 elementor-widget elementor-widget-button\" data-id=\"e037003\" data-element_type=\"widget\" data-widget_type=\"button.default\">\n\t\t\t\t<div class=\"elementor-widget-container\">\n\t\t\t\t\t<div class=\"elementor-button-wrapper\">\n\t\t\t<a class=\"elementor-button elementor-button-link elementor-size-sm\" href=\"https:\/\/cfcegypt.com\/tr\/urunler\/metalurji-kimyasallar\/\">\n\t\t\t\t\t\t<span class=\"elementor-button-content-wrapper\">\n\t\t\t\t\t\t\t\t\t<span class=\"elementor-button-text\">Metalurji Kimyasallar\u0131<\/span>\n\t\t\t\t\t<\/span>\n\t\t\t\t\t<\/a>\n\t\t<\/div>\n\t\t\t\t<\/div>\n\t\t\t\t<\/div>\n\t\t\t\t<\/div>\n\t\t\t\t<\/div>\n\t\t<div class=\"elementor-element elementor-element-2e9b8a5 e-con-full e-flex e-con e-parent\" data-id=\"2e9b8a5\" data-element_type=\"container\">\n\t\t<div class=\"elementor-element elementor-element-b204121 e-con-full e-flex e-con e-child\" data-id=\"b204121\" data-element_type=\"container\">\n\t\t\t\t<div class=\"elementor-element elementor-element-ca349ea elementor-widget elementor-widget-heading\" data-id=\"ca349ea\" data-element_type=\"widget\" data-widget_type=\"heading.default\">\n\t\t\t\t<div class=\"elementor-widget-container\">\n\t\t\t<h2 class=\"elementor-heading-title elementor-size-default\">Yap\u0131 Kimyasallar\u0131<\/h2>\t\t<\/div>\n\t\t\t\t<\/div>\n\t\t\t\t<div class=\"elementor-element elementor-element-f58e3b1 elementor-widget elementor-widget-heading\" data-id=\"f58e3b1\" data-element_type=\"widget\" data-widget_type=\"heading.default\">\n\t\t\t\t<div class=\"elementor-widget-container\">\n\t\t\t<p class=\"elementor-heading-title elementor-size-default\">Yap\u0131 kimyasallar\u0131, modern in\u015faat\u0131n g\u00fcc\u00fc, s\u00fcrd\u00fcr\u00fclebilirli\u011fi ve \u00e7evre dostu olmas\u0131 i\u00e7in hayati \u00f6nem ta\u015f\u0131yan katk\u0131lar ve su yal\u0131t\u0131m \u00e7\u00f6z\u00fcmleri de dahil olmak \u00fczere, binadaki malzemelerin dayan\u0131kl\u0131l\u0131\u011f\u0131n\u0131 ve performans\u0131n\u0131 art\u0131r\u0131r.\n\n<\/p>\t\t<\/div>\n\t\t\t\t<\/div>\n\t\t\t\t<div data-dce-background-color=\"#C2212E\" class=\"elementor-element elementor-element-e27eabb elementor-widget elementor-widget-button\" data-id=\"e27eabb\" data-element_type=\"widget\" data-widget_type=\"button.default\">\n\t\t\t\t<div class=\"elementor-widget-container\">\n\t\t\t\t\t<div class=\"elementor-button-wrapper\">\n\t\t\t<a class=\"elementor-button elementor-button-link elementor-size-sm\" href=\"https:\/\/cfcegypt.com\/tr\/urunler\/yapi-kimyasallari\/\">\n\t\t\t\t\t\t<span class=\"elementor-button-content-wrapper\">\n\t\t\t\t\t\t\t\t\t<span class=\"elementor-button-text\">Yap\u0131 Kimyasallar\u0131<\/span>\n\t\t\t\t\t<\/span>\n\t\t\t\t\t<\/a>\n\t\t<\/div>\n\t\t\t\t<\/div>\n\t\t\t\t<\/div>\n\t\t\t\t<\/div>\n\t\t<div class=\"elementor-element elementor-element-2b50cc7 e-con-full e-flex e-con e-child\" data-id=\"2b50cc7\" data-element_type=\"container\">\n\t\t\t\t<div class=\"elementor-element elementor-element-38ebcbe dce_masking-none elementor-widget elementor-widget-image\" data-id=\"38ebcbe\" data-element_type=\"widget\" data-widget_type=\"image.default\">\n\t\t\t\t<div class=\"elementor-widget-container\">\n\t\t\t\t\t\t\t\t\t\t\t\t\t<img decoding=\"async\" width=\"1024\" height=\"768\" src=\"https:\/\/cfcegypt.com\/wp-content\/uploads\/2024\/03\/EGYCOAT-PU-CFC-1024x768.jpg\" class=\"attachment-large size-large wp-image-1250\" alt=\"\" srcset=\"https:\/\/cfcegypt.com\/wp-content\/uploads\/2024\/03\/EGYCOAT-PU-CFC-1024x768.jpg 1024w, https:\/\/cfcegypt.com\/wp-content\/uploads\/2024\/03\/EGYCOAT-PU-CFC-300x225.jpg 300w, https:\/\/cfcegypt.com\/wp-content\/uploads\/2024\/03\/EGYCOAT-PU-CFC-768x576.jpg 768w, https:\/\/cfcegypt.com\/wp-content\/uploads\/2024\/03\/EGYCOAT-PU-CFC.jpg 1030w\" sizes=\"(max-width: 1024px) 100vw, 1024px\" \/>\t\t\t\t\t\t\t\t\t\t\t\t\t<\/div>\n\t\t\t\t<\/div>\n\t\t\t\t<\/div>\n\t\t\t\t<\/div>\n\t\t<div class=\"elementor-element elementor-element-5781224 e-con-full e-flex e-con e-parent\" data-id=\"5781224\" data-element_type=\"container\">\n\t\t<div class=\"elementor-element elementor-element-bee2344 e-con-full e-flex e-con e-child\" data-id=\"bee2344\" data-element_type=\"container\">\n\t\t\t\t<div class=\"elementor-element elementor-element-d8626c6 elementor-widget elementor-widget-heading\" data-id=\"d8626c6\" data-element_type=\"widget\" data-widget_type=\"heading.default\">\n\t\t\t\t<div class=\"elementor-widget-container\">\n\t\t\t<h2 class=\"elementor-heading-title elementor-size-default\">Ticaret B\u00f6l\u00fcm\u00fc<\/h2>\t\t<\/div>\n\t\t\t\t<\/div>\n\t\t\t\t<div class=\"elementor-element elementor-element-b1d14da elementor-widget elementor-widget-heading\" data-id=\"b1d14da\" data-element_type=\"widget\" data-widget_type=\"heading.default\">\n\t\t\t\t<div class=\"elementor-widget-container\">\n\t\t\t<p class=\"elementor-heading-title elementor-size-default\">CFC M\u0131s\u0131r'\u0131n Ticaret B\u00f6l\u00fcm\u00fc, \u00e7elik yap\u0131m\u0131 ve d\u00f6k\u00fcm i\u00e7in ferroalyajlar ve saf metaller gibi \u00fcr\u00fcnler sunarak, mukavemet ve korozyon direnci gibi malzeme \u00f6zelliklerini geli\u015ftirir.\n\n<\/p>\t\t<\/div>\n\t\t\t\t<\/div>\n\t\t\t\t<div data-dce-background-color=\"#C2212E\" class=\"elementor-element elementor-element-06481ad elementor-widget elementor-widget-button\" data-id=\"06481ad\" data-element_type=\"widget\" data-widget_type=\"button.default\">\n\t\t\t\t<div class=\"elementor-widget-container\">\n\t\t\t\t\t<div class=\"elementor-button-wrapper\">\n\t\t\t<a class=\"elementor-button elementor-button-link elementor-size-sm\" href=\"https:\/\/cfcegypt.com\/tr\/urunler\/ticaret-bolumu\/\">\n\t\t\t\t\t\t<span class=\"elementor-button-content-wrapper\">\n\t\t\t\t\t\t\t\t\t<span class=\"elementor-button-text\">Ticaret B\u00f6l\u00fcm\u00fc<\/span>\n\t\t\t\t\t<\/span>\n\t\t\t\t\t<\/a>\n\t\t<\/div>\n\t\t\t\t<\/div>\n\t\t\t\t<\/div>\n\t\t\t\t<\/div>\n\t\t<div class=\"elementor-element elementor-element-436149e e-con-full e-flex e-con e-child\" data-id=\"436149e\" data-element_type=\"container\">\n\t\t\t\t<div class=\"elementor-element elementor-element-17cabea dce_masking-none elementor-widget elementor-widget-image\" data-id=\"17cabea\" data-element_type=\"widget\" data-widget_type=\"image.default\">\n\t\t\t\t<div class=\"elementor-widget-container\">\n\t\t\t\t\t\t\t\t\t\t\t\t\t<img decoding=\"async\" width=\"1024\" height=\"768\" src=\"https:\/\/cfcegypt.com\/wp-content\/uploads\/2024\/03\/sacos-insertec_4-3540746551-1024x768.jpg\" class=\"attachment-large size-large wp-image-2048\" alt=\"\" srcset=\"https:\/\/cfcegypt.com\/wp-content\/uploads\/2024\/03\/sacos-insertec_4-3540746551-1024x768.jpg 1024w, https:\/\/cfcegypt.com\/wp-content\/uploads\/2024\/03\/sacos-insertec_4-3540746551-300x225.jpg 300w, https:\/\/cfcegypt.com\/wp-content\/uploads\/2024\/03\/sacos-insertec_4-3540746551-768x576.jpg 768w, https:\/\/cfcegypt.com\/wp-content\/uploads\/2024\/03\/sacos-insertec_4-3540746551.jpg 1200w\" sizes=\"(max-width: 1024px) 100vw, 1024px\" \/>\t\t\t\t\t\t\t\t\t\t\t\t\t<\/div>\n\t\t\t\t<\/div>\n\t\t\t\t<\/div>\n\t\t\t\t<\/div>\n\t\t<div class=\"elementor-element elementor-element-a61e951 e-con-full e-flex e-con e-parent\" data-id=\"a61e951\" data-element_type=\"container\">\n\t\t<div data-dce-background-color=\"#124254\" data-dce-background-overlay-color=\"#000000\" class=\"elementor-element elementor-element-7df94b5 e-con-full e-flex e-con e-child\" data-id=\"7df94b5\" data-element_type=\"container\" data-settings=\"{&quot;background_background&quot;:&quot;classic&quot;}\">\n\t\t\t\t<div class=\"elementor-element elementor-element-0d0e17a elementor-widget elementor-widget-heading\" data-id=\"0d0e17a\" data-element_type=\"widget\" data-widget_type=\"heading.default\">\n\t\t\t\t<div class=\"elementor-widget-container\">\n\t\t\t<h2 class=\"elementor-heading-title elementor-size-default\">Temasta olmak<\/h2>\t\t<\/div>\n\t\t\t\t<\/div>\n\t\t\t\t<div class=\"elementor-element elementor-element-b1273d8 elementor-widget__width-initial elementor-widget elementor-widget-heading\" data-id=\"b1273d8\" data-element_type=\"widget\" data-widget_type=\"heading.default\">\n\t\t\t\t<div class=\"elementor-widget-container\">\n\t\t\t<p class=\"elementor-heading-title elementor-size-default\">\u00dcr\u00fcnlerimiz hakk\u0131nda daha fazla bilgi edinmek ister misiniz? Sorunuzla bizimle ileti\u015fime ge\u00e7in.<\/p>\t\t<\/div>\n\t\t\t\t<\/div>\n\t\t\t\t<div data-dce-background-color=\"#FFFFFF\" class=\"elementor-element elementor-element-3d8cab0 elementor-widget elementor-widget-button\" data-id=\"3d8cab0\" data-element_type=\"widget\" data-widget_type=\"button.default\">\n\t\t\t\t<div class=\"elementor-widget-container\">\n\t\t\t\t\t<div class=\"elementor-button-wrapper\">\n\t\t\t<a class=\"elementor-button elementor-button-link elementor-size-sm\" href=\"https:\/\/cfcegypt.com\/tr\/bize-ulasin\/\">\n\t\t\t\t\t\t<span class=\"elementor-button-content-wrapper\">\n\t\t\t\t\t\t\t\t\t<span class=\"elementor-button-text\">Bize Ula\u015f\u0131n<\/span>\n\t\t\t\t\t<\/span>\n\t\t\t\t\t<\/a>\n\t\t<\/div>\n\t\t\t\t<\/div>\n\t\t\t\t<\/div>\n\t\t\t\t<\/div>\n\t\t\t\t<\/div>\n\t\t\t\t<\/div>","protected":false},"excerpt":{"rendered":"<p>Products Our product range spans Metallurgical Chemicals for metal processing, Construction Chemicals for enhanced building materials, and a Trading Division offering ferroalloys, carbon additives, and more. Each category is focused on quality solutions tailored to specific industry needs. Metallurgical Chemicals Metallurgical chemicals, vital in metallurgy, facilitate the extraction and refining of metals through processes like [&hellip;]<\/p>","protected":false},"author":1,"featured_media":0,"parent":0,"menu_order":0,"comment_status":"closed","ping_status":"closed","template":"","meta":{"_acf_changed":false,"footnotes":""},"class_list":["post-396","page","type-page","status-publish","hentry"],"blocksy_meta":[],"acf":[],"yoast_head":"<!-- This site is optimized with the Yoast SEO Premium plugin v22.0 (Yoast SEO v26.1.1) - https:\/\/yoast.com\/wordpress\/plugins\/seo\/ -->\n<title>Products - CFC Egypt<\/title>\n<meta name=\"robots\" content=\"index, follow, max-snippet:-1, max-image-preview:large, max-video-preview:-1\" \/>\n<link rel=\"canonical\" href=\"https:\/\/cfcegypt.com\/tr\/urunler\/\" \/>\n<meta property=\"og:locale\" content=\"tr_TR\" \/>\n<meta property=\"og:type\" content=\"article\" \/>\n<meta property=\"og:title\" content=\"Products\" \/>\n<meta property=\"og:description\" content=\"Products Our product range spans Metallurgical Chemicals for metal processing, Construction Chemicals for enhanced building materials, and a Trading Division offering ferroalloys, carbon additives, and more. Each category is focused on quality solutions tailored to specific industry needs. Metallurgical Chemicals Metallurgical chemicals, vital in metallurgy, facilitate the extraction and refining of metals through processes like [&hellip;]\" \/>\n<meta property=\"og:url\" content=\"https:\/\/cfcegypt.com\/tr\/urunler\/\" \/>\n<meta property=\"og:site_name\" content=\"CFC Egypt\" \/>\n<meta property=\"article:publisher\" content=\"https:\/\/www.facebook.com\/CFCEGYPT\/\" \/>\n<meta property=\"article:modified_time\" content=\"2024-04-04T22:14:17+00:00\" \/>\n<meta property=\"og:image\" content=\"https:\/\/cfcegypt.com\/wp-content\/uploads\/2024\/03\/03-centrifugal_casting-pipe-production-coating.png\" \/>\n<meta name=\"twitter:card\" content=\"summary_large_image\" \/>\n<meta name=\"twitter:label1\" content=\"Tahmini okuma s\u00fcresi\" \/>\n\t<meta name=\"twitter:data1\" content=\"2 dakika\" \/>\n<script type=\"application\/ld+json\" class=\"yoast-schema-graph\">{\"@context\":\"https:\/\/schema.org\",\"@graph\":[{\"@type\":\"WebPage\",\"@id\":\"https:\/\/cfcegypt.com\/products\/\",\"url\":\"https:\/\/cfcegypt.com\/products\/\",\"name\":\"Products - CFC Egypt\",\"isPartOf\":{\"@id\":\"https:\/\/cfcegypt.com\/#website\"},\"primaryImageOfPage\":{\"@id\":\"https:\/\/cfcegypt.com\/products\/#primaryimage\"},\"image\":{\"@id\":\"https:\/\/cfcegypt.com\/products\/#primaryimage\"},\"thumbnailUrl\":\"https:\/\/cfcegypt.com\/wp-content\/uploads\/2024\/03\/03-centrifugal_casting-pipe-production-coating.png\",\"datePublished\":\"2024-02-14T18:27:10+00:00\",\"dateModified\":\"2024-04-04T22:14:17+00:00\",\"breadcrumb\":{\"@id\":\"https:\/\/cfcegypt.com\/products\/#breadcrumb\"},\"inLanguage\":\"tr\",\"potentialAction\":[{\"@type\":\"ReadAction\",\"target\":[\"https:\/\/cfcegypt.com\/products\/\"]}]},{\"@type\":\"ImageObject\",\"inLanguage\":\"tr\",\"@id\":\"https:\/\/cfcegypt.com\/products\/#primaryimage\",\"url\":\"https:\/\/cfcegypt.com\/wp-content\/uploads\/2024\/03\/03-centrifugal_casting-pipe-production-coating.png\",\"contentUrl\":\"https:\/\/cfcegypt.com\/wp-content\/uploads\/2024\/03\/03-centrifugal_casting-pipe-production-coating.png\"},{\"@type\":\"BreadcrumbList\",\"@id\":\"https:\/\/cfcegypt.com\/products\/#breadcrumb\",\"itemListElement\":[{\"@type\":\"ListItem\",\"position\":1,\"name\":\"Home\",\"item\":\"https:\/\/cfcegypt.com\/\"},{\"@type\":\"ListItem\",\"position\":2,\"name\":\"Products\"}]},{\"@type\":\"WebSite\",\"@id\":\"https:\/\/cfcegypt.com\/#website\",\"url\":\"https:\/\/cfcegypt.com\/\",\"name\":\"CFC Egypt\",\"description\":\"\",\"publisher\":{\"@id\":\"https:\/\/cfcegypt.com\/#organization\"},\"potentialAction\":[{\"@type\":\"SearchAction\",\"target\":{\"@type\":\"EntryPoint\",\"urlTemplate\":\"https:\/\/cfcegypt.com\/?s={search_term_string}\"},\"query-input\":{\"@type\":\"PropertyValueSpecification\",\"valueRequired\":true,\"valueName\":\"search_term_string\"}}],\"inLanguage\":\"tr\"},{\"@type\":\"Organization\",\"@id\":\"https:\/\/cfcegypt.com\/#organization\",\"name\":\"Construction & Foundries Chemicals Industrial Co.\",\"url\":\"https:\/\/cfcegypt.com\/\",\"logo\":{\"@type\":\"ImageObject\",\"inLanguage\":\"tr\",\"@id\":\"https:\/\/cfcegypt.com\/#\/schema\/logo\/image\/\",\"url\":\"https:\/\/cfcegypt.com\/wp-content\/uploads\/2024\/02\/CFC-Transparent-Logo-e1707911341304.png\",\"contentUrl\":\"https:\/\/cfcegypt.com\/wp-content\/uploads\/2024\/02\/CFC-Transparent-Logo-e1707911341304.png\",\"width\":131,\"height\":85,\"caption\":\"Construction & Foundries Chemicals Industrial Co.\"},\"image\":{\"@id\":\"https:\/\/cfcegypt.com\/#\/schema\/logo\/image\/\"},\"sameAs\":[\"https:\/\/www.facebook.com\/CFCEGYPT\/\",\"https:\/\/www.instagram.com\/cfc_construction_foundries\/\",\"https:\/\/www.linkedin.com\/in\/cfc-construction-and-foundries-chemicals-092b81255\/\"]}]}<\/script>\n<!-- \/ Yoast SEO Premium plugin. -->","yoast_head_json":{"title":"Products - CFC Egypt","robots":{"index":"index","follow":"follow","max-snippet":"max-snippet:-1","max-image-preview":"max-image-preview:large","max-video-preview":"max-video-preview:-1"},"canonical":"https:\/\/cfcegypt.com\/tr\/urunler\/","og_locale":"tr_TR","og_type":"article","og_title":"Products","og_description":"Products Our product range spans Metallurgical Chemicals for metal processing, Construction Chemicals for enhanced building materials, and a Trading Division offering ferroalloys, carbon additives, and more. Each category is focused on quality solutions tailored to specific industry needs. Metallurgical Chemicals Metallurgical chemicals, vital in metallurgy, facilitate the extraction and refining of metals through processes like [&hellip;]","og_url":"https:\/\/cfcegypt.com\/tr\/urunler\/","og_site_name":"CFC Egypt","article_publisher":"https:\/\/www.facebook.com\/CFCEGYPT\/","article_modified_time":"2024-04-04T22:14:17+00:00","og_image":[{"url":"https:\/\/cfcegypt.com\/wp-content\/uploads\/2024\/03\/03-centrifugal_casting-pipe-production-coating.png","type":"","width":"","height":""}],"twitter_card":"summary_large_image","twitter_misc":{"Tahmini okuma s\u00fcresi":"2 dakika"},"schema":{"@context":"https:\/\/schema.org","@graph":[{"@type":"WebPage","@id":"https:\/\/cfcegypt.com\/products\/","url":"https:\/\/cfcegypt.com\/products\/","name":"Products - CFC Egypt","isPartOf":{"@id":"https:\/\/cfcegypt.com\/#website"},"primaryImageOfPage":{"@id":"https:\/\/cfcegypt.com\/products\/#primaryimage"},"image":{"@id":"https:\/\/cfcegypt.com\/products\/#primaryimage"},"thumbnailUrl":"https:\/\/cfcegypt.com\/wp-content\/uploads\/2024\/03\/03-centrifugal_casting-pipe-production-coating.png","datePublished":"2024-02-14T18:27:10+00:00","dateModified":"2024-04-04T22:14:17+00:00","breadcrumb":{"@id":"https:\/\/cfcegypt.com\/products\/#breadcrumb"},"inLanguage":"tr","potentialAction":[{"@type":"ReadAction","target":["https:\/\/cfcegypt.com\/products\/"]}]},{"@type":"ImageObject","inLanguage":"tr","@id":"https:\/\/cfcegypt.com\/products\/#primaryimage","url":"https:\/\/cfcegypt.com\/wp-content\/uploads\/2024\/03\/03-centrifugal_casting-pipe-production-coating.png","contentUrl":"https:\/\/cfcegypt.com\/wp-content\/uploads\/2024\/03\/03-centrifugal_casting-pipe-production-coating.png"},{"@type":"BreadcrumbList","@id":"https:\/\/cfcegypt.com\/products\/#breadcrumb","itemListElement":[{"@type":"ListItem","position":1,"name":"Home","item":"https:\/\/cfcegypt.com\/"},{"@type":"ListItem","position":2,"name":"Products"}]},{"@type":"WebSite","@id":"https:\/\/cfcegypt.com\/#website","url":"https:\/\/cfcegypt.com\/","name":"CFC Egypt","description":"","publisher":{"@id":"https:\/\/cfcegypt.com\/#organization"},"potentialAction":[{"@type":"SearchAction","target":{"@type":"EntryPoint","urlTemplate":"https:\/\/cfcegypt.com\/?s={search_term_string}"},"query-input":{"@type":"PropertyValueSpecification","valueRequired":true,"valueName":"search_term_string"}}],"inLanguage":"tr"},{"@type":"Organization","@id":"https:\/\/cfcegypt.com\/#organization","name":"Construction & Foundries Chemicals Industrial Co.","url":"https:\/\/cfcegypt.com\/","logo":{"@type":"ImageObject","inLanguage":"tr","@id":"https:\/\/cfcegypt.com\/#\/schema\/logo\/image\/","url":"https:\/\/cfcegypt.com\/wp-content\/uploads\/2024\/02\/CFC-Transparent-Logo-e1707911341304.png","contentUrl":"https:\/\/cfcegypt.com\/wp-content\/uploads\/2024\/02\/CFC-Transparent-Logo-e1707911341304.png","width":131,"height":85,"caption":"Construction & Foundries Chemicals Industrial Co."},"image":{"@id":"https:\/\/cfcegypt.com\/#\/schema\/logo\/image\/"},"sameAs":["https:\/\/www.facebook.com\/CFCEGYPT\/","https:\/\/www.instagram.com\/cfc_construction_foundries\/","https:\/\/www.linkedin.com\/in\/cfc-construction-and-foundries-chemicals-092b81255\/"]}]}},"_links":{"self":[{"href":"https:\/\/cfcegypt.com\/tr\/wp-json\/wp\/v2\/pages\/396","targetHints":{"allow":["GET"]}}],"collection":[{"href":"https:\/\/cfcegypt.com\/tr\/wp-json\/wp\/v2\/pages"}],"about":[{"href":"https:\/\/cfcegypt.com\/tr\/wp-json\/wp\/v2\/types\/page"}],"author":[{"embeddable":true,"href":"https:\/\/cfcegypt.com\/tr\/wp-json\/wp\/v2\/users\/1"}],"replies":[{"embeddable":true,"href":"https:\/\/cfcegypt.com\/tr\/wp-json\/wp\/v2\/comments?post=396"}],"version-history":[{"count":0,"href":"https:\/\/cfcegypt.com\/tr\/wp-json\/wp\/v2\/pages\/396\/revisions"}],"wp:attachment":[{"href":"https:\/\/cfcegypt.com\/tr\/wp-json\/wp\/v2\/media?parent=396"}],"curies":[{"name":"wp","href":"https:\/\/api.w.org\/{rel}","templated":true}]}}