{"id":1717,"date":"2024-03-16T22:58:56","date_gmt":"2024-03-16T22:58:56","guid":{"rendered":"https:\/\/cfc.rehbars.com\/?page_id=1717"},"modified":"2024-05-29T08:47:32","modified_gmt":"2024-05-29T08:47:32","slug":"cookies","status":"publish","type":"page","link":"https:\/\/cfcegypt.com\/tr\/kurabiye\/","title":{"rendered":"Kurabiye"},"content":{"rendered":"<div data-elementor-type=\"wp-page\" data-elementor-id=\"1717\" class=\"elementor elementor-1717\" data-elementor-post-type=\"page\">\n\t\t\t\t<div data-dce-background-color=\"#124254\" class=\"elementor-element elementor-element-82f7ba1 e-con-full e-flex e-con e-parent\" data-id=\"82f7ba1\" data-element_type=\"container\" data-settings=\"{&quot;background_background&quot;:&quot;classic&quot;}\">\n\t\t<div class=\"elementor-element elementor-element-511cbb7 e-con-full e-flex e-con e-child\" data-id=\"511cbb7\" data-element_type=\"container\">\n\t\t\t\t<div class=\"elementor-element elementor-element-a94132f animated-slow elementor-widget__width-inherit elementor-invisible elementor-widget elementor-widget-heading\" data-id=\"a94132f\" data-element_type=\"widget\" data-settings=\"{&quot;_animation&quot;:&quot;fadeInUp&quot;,&quot;_animation_delay&quot;:400}\" data-widget_type=\"heading.default\">\n\t\t\t\t<div class=\"elementor-widget-container\">\n\t\t\t<style>\/*! elementor - v3.23.0 - 05-08-2024 *\/\n.elementor-heading-title{padding:0;margin:0;line-height:1}.elementor-widget-heading .elementor-heading-title[class*=elementor-size-]>a{color:inherit;font-size:inherit;line-height:inherit}.elementor-widget-heading .elementor-heading-title.elementor-size-small{font-size:15px}.elementor-widget-heading .elementor-heading-title.elementor-size-medium{font-size:19px}.elementor-widget-heading .elementor-heading-title.elementor-size-large{font-size:29px}.elementor-widget-heading .elementor-heading-title.elementor-size-xl{font-size:39px}.elementor-widget-heading .elementor-heading-title.elementor-size-xxl{font-size:59px}<\/style><h2 class=\"elementor-heading-title elementor-size-default\">Kurabiye<\/h2>\t\t<\/div>\n\t\t\t\t<\/div>\n\t\t\t\t<\/div>\n\t\t\t\t<\/div>\n\t\t<div class=\"elementor-element elementor-element-385f94d e-con-full e-flex e-con e-parent\" data-id=\"385f94d\" data-element_type=\"container\">\n\t\t<div class=\"elementor-element elementor-element-110e802 e-con-full e-flex e-con e-child\" data-id=\"110e802\" data-element_type=\"container\">\n\t\t\t\t<div class=\"elementor-element elementor-element-7da91ea elementor-widget elementor-widget-text-editor\" data-id=\"7da91ea\" data-element_type=\"widget\" data-widget_type=\"text-editor.default\">\n\t\t\t\t<div class=\"elementor-widget-container\">\n\t\t\t<style>\/*! elementor - v3.23.0 - 05-08-2024 *\/\n.elementor-widget-text-editor.elementor-drop-cap-view-stacked .elementor-drop-cap{background-color:#69727d;color:#fff}.elementor-widget-text-editor.elementor-drop-cap-view-framed .elementor-drop-cap{color:#69727d;border:3px solid;background-color:transparent}.elementor-widget-text-editor:not(.elementor-drop-cap-view-default) .elementor-drop-cap{margin-top:8px}.elementor-widget-text-editor:not(.elementor-drop-cap-view-default) .elementor-drop-cap-letter{width:1em;height:1em}.elementor-widget-text-editor .elementor-drop-cap{float:left;text-align:center;line-height:1;font-size:50px}.elementor-widget-text-editor .elementor-drop-cap-letter{display:inline-block}<\/style>\t\t\t\t<div class=\"imTAJustify\"><h2>\u00c7erez nedir?<\/h2><p class=\" translation-block\">\u00c7erez, \u0130nternet ayarlar\u0131n\u0131 saklayan k\u00fc\u00e7\u00fck bir metin dosyas\u0131d\u0131r. Hemen hemen her web sitesi \u00e7erez teknolojisini kullan\u0131r. \u00c7erez, bir web sitesini ilk kez ziyaret etti\u011finizde \u0130nternet taray\u0131c\u0131n\u0131z taraf\u0131ndan indirilir. Bu web sitesini ayn\u0131 cihazdan bir sonraki ziyaretinizde, \u00e7erez ve i\u00e7indeki bilgiler ya kaynak web sitesine (birinci taraf \u00e7erezleri) ya da ait oldu\u011fu ba\u015fka bir web sitesine (\u00fc\u00e7\u00fcnc\u00fc taraf \u00e7erezleri) geri g\u00f6nderilir. B\u00f6ylece web sitesi, bu taray\u0131c\u0131 kullan\u0131larak zaten a\u00e7\u0131ld\u0131\u011f\u0131n\u0131 tespit edebilir ve baz\u0131 durumlarda g\u00f6sterdi\u011fi i\u00e7eri\u011fi de\u011fi\u015ftirir.<br>Baz\u0131 \u00e7erezler son derece faydal\u0131d\u0131r \u00e7\u00fcnk\u00fc siteye geri d\u00f6nd\u00fc\u011f\u00fcn\u00fczde kullan\u0131c\u0131 deneyiminizi geli\u015ftirebilirler. Daha \u00f6nce ziyaret etti\u011finiz bir web sitesi. Bu, \u00f6ncekiyle ayn\u0131 cihaz\u0131 ve ayn\u0131 taray\u0131c\u0131y\u0131 kulland\u0131\u011f\u0131n\u0131z\u0131 varsayar; e\u011fer \u00f6yleyse, \u00e7erezler tercihlerinizi hat\u0131rlayacak, web sitesini nas\u0131l kulland\u0131\u011f\u0131n\u0131z\u0131 bilecek ve size g\u00f6sterilen i\u00e7eri\u011fi ki\u015fisel ilgi alanlar\u0131n\u0131za ve ihtiya\u00e7lar\u0131n\u0131za daha uygun olacak \u015fekilde uyarlayacakt\u0131r.<\/p><h2>Bu web sitesindeki onay gerektirmeyen \u00e7erezler.<\/h2><p>'Kesinlikle gerekli' \u00e7erezler olarak da bilinen temel \u00e7erezler, onlar olmadan web sitesini ama\u00e7land\u0131\u011f\u0131 gibi kullanamayaca\u011f\u0131n\u0131z \u00f6zellikleri etkinle\u015ftirir. Bu \u00e7erezler yaln\u0131zca bu web sitesi taraf\u0131ndan kullan\u0131l\u0131r ve bu nedenle birinci taraf \u00e7erezleri olarak bilinir. Bunlar yaln\u0131zca web sitesinde gezinirken bilgisayar\u0131n\u0131za kaydedilir. Kesinlikle gerekli olan \u00e7erezlerin neden kullan\u0131ld\u0131\u011f\u0131na bir \u00f6rnek, ekranda g\u00f6rd\u00fcklerinizin mevcut \u0130nternet ba\u011flant\u0131n\u0131z\u0131n i\u015fleyebilece\u011fi veri hacmine kar\u015f\u0131l\u0131k gelmesini sa\u011flamakt\u0131r. Bu \u00e7erezlerin yapt\u0131klar\u0131na bir ba\u015fka \u00f6rnek de, sayfalar\u0131 de\u011fi\u015ftirdi\u011finizde iletilen verilerin g\u00fcvenli\u011finin korunmas\u0131 i\u00e7in http'den https'ye ge\u00e7i\u015fi kolayla\u015ft\u0131rmakt\u0131r. Ayr\u0131ca bu t\u00fcr bir \u00e7erez, web sitemizde \u00e7erez kullan\u0131m\u0131na ili\u015fkin karar\u0131n\u0131z\u0131 saklamak i\u00e7in kullan\u0131l\u0131r. Kesinlikle gerekli \u00e7erezlerin kullan\u0131m\u0131 i\u00e7in izniniz gerekli de\u011fildir.<\/p><h2>Bu web sitesindeki izin gerektiren birinci taraf \u00e7erezleri<\/h2><p>Cookies which, in strictly legal terms, are not essential to use this website, do nevertheless fulfill important functions. Without these cookies, features that enable our website to be used easily, such as pre-completed forms, will no longer be available. Settings you make, such as language choices, will no longer be saved, so you will be asked about them every time you change pages. As well as that, we will no longer have a way of presenting offers to you that are tailored to you personally.<\/p><h2>Bu web sitesinde izin gerektiren \u00fc\u00e7\u00fcnc\u00fc taraf \u00e7erezlerinin kullan\u0131m\u0131<\/h2><p>Bu web sitesi, \u00fc\u00e7\u00fcnc\u00fc \u015fah\u0131slara ait i\u00e7eri\u011fi bu web sitesine entegre etmi\u015ftir. Bu \u00fc\u00e7\u00fcnc\u00fc taraf sa\u011flay\u0131c\u0131lar, web sitesini ziyaret etti\u011finizde \u00e7erez yerle\u015ftirebilir ve bunu yaparken web sitesini ziyaret etti\u011finize dair bilgi alabilirler. \u00c7erezleri nas\u0131l kulland\u0131klar\u0131 hakk\u0131nda daha fazla bilgiye ihtiyac\u0131n\u0131z varsa l\u00fctfen bu \u00fc\u00e7\u00fcnc\u00fc taraf sa\u011flay\u0131c\u0131lara ait web sitelerini ziyaret edin. Bunu gerektiren \u00e7erezlerin kullan\u0131m\u0131na onay vermemeye karar verdiyseniz veya bu izni iptal ettiyseniz, o zaman size yaln\u0131zca kullan\u0131m\u0131 bu t\u00fcr \u00e7erezleri gerektirmeyen web sitesi \u00f6zellikleri sunulacakt\u0131r. Bu durumda, web sitesinin potansiyel olarak \u00fc\u00e7\u00fcnc\u00fc taraflardan i\u00e7erik i\u00e7erebilecek ve dolay\u0131s\u0131yla \u00fc\u00e7\u00fcnc\u00fc taraf \u00e7erezleri yerle\u015ftirebilecek alanlar\u0131 kullan\u0131m\u0131n\u0131za sunulmayacakt\u0131r.<\/p><p>You can opt out of cookies from Google Analytics <a href=\"https:\/\/cfcegypt.com\/tr\/kurabiye\/\" target=\"\">here<\/a>.&lt;br &ldquo;&rdquo;=&quot;&rdquo;&rdquo;&quot;&gt;You can send a &lsquo;Do-Not-Track&rsquo; request to various advertising networks here\u00a0<a href=\"https:\/\/cfcegypt.com\/tr\/kurabiye\/\" target=\"\">here<\/a>.<\/p><p class=\"CookieDeclarationLastUpdated\">\u00c7erez beyan\u0131 en son 23.02.2024 tarihinde g\u00fcncellendi<\/p><\/div>\t\t\t\t\t\t<\/div>\n\t\t\t\t<\/div>\n\t\t\t\t<\/div>\n\t\t\t\t<\/div>\n\t\t\t\t<\/div>","protected":false},"excerpt":{"rendered":"<p>Cookies What is a Cookie? A cookie is a small text file that stores Internet settings. Almost every website uses cookie technology. The cookie is downloaded by your Internet browser the first time you visit a website. The next time you visit this website from the same device, the cookie and the information in it [&hellip;]<\/p>","protected":false},"author":1,"featured_media":0,"parent":0,"menu_order":0,"comment_status":"closed","ping_status":"closed","template":"","meta":{"_acf_changed":false,"footnotes":""},"class_list":["post-1717","page","type-page","status-publish","hentry"],"blocksy_meta":[],"acf":[],"yoast_head":"<!-- This site is optimized with the Yoast SEO Premium plugin v22.0 (Yoast SEO v26.1.1) - https:\/\/yoast.com\/wordpress\/plugins\/seo\/ -->\n<title>Cookies - CFC Egypt<\/title>\n<meta name=\"robots\" content=\"index, follow, max-snippet:-1, max-image-preview:large, max-video-preview:-1\" \/>\n<link rel=\"canonical\" href=\"https:\/\/cfcegypt.com\/tr\/kurabiye\/\" \/>\n<meta property=\"og:locale\" content=\"tr_TR\" \/>\n<meta property=\"og:type\" content=\"article\" \/>\n<meta property=\"og:title\" content=\"Cookies\" \/>\n<meta property=\"og:description\" content=\"Cookies What is a Cookie? A cookie is a small text file that stores Internet settings. Almost every website uses cookie technology. The cookie is downloaded by your Internet browser the first time you visit a website. The next time you visit this website from the same device, the cookie and the information in it [&hellip;]\" \/>\n<meta property=\"og:url\" content=\"https:\/\/cfcegypt.com\/tr\/kurabiye\/\" \/>\n<meta property=\"og:site_name\" content=\"CFC Egypt\" \/>\n<meta property=\"article:publisher\" content=\"https:\/\/www.facebook.com\/CFCEGYPT\/\" \/>\n<meta property=\"article:modified_time\" content=\"2024-05-29T08:47:32+00:00\" \/>\n<meta name=\"twitter:card\" content=\"summary_large_image\" \/>\n<meta name=\"twitter:label1\" content=\"Tahmini okuma s\u00fcresi\" \/>\n\t<meta name=\"twitter:data1\" content=\"3 dakika\" \/>\n<script type=\"application\/ld+json\" class=\"yoast-schema-graph\">{\"@context\":\"https:\/\/schema.org\",\"@graph\":[{\"@type\":\"WebPage\",\"@id\":\"https:\/\/cfcegypt.com\/cookies\/\",\"url\":\"https:\/\/cfcegypt.com\/cookies\/\",\"name\":\"Cookies - CFC Egypt\",\"isPartOf\":{\"@id\":\"https:\/\/cfcegypt.com\/#website\"},\"datePublished\":\"2024-03-16T22:58:56+00:00\",\"dateModified\":\"2024-05-29T08:47:32+00:00\",\"breadcrumb\":{\"@id\":\"https:\/\/cfcegypt.com\/cookies\/#breadcrumb\"},\"inLanguage\":\"tr\",\"potentialAction\":[{\"@type\":\"ReadAction\",\"target\":[\"https:\/\/cfcegypt.com\/cookies\/\"]}]},{\"@type\":\"BreadcrumbList\",\"@id\":\"https:\/\/cfcegypt.com\/cookies\/#breadcrumb\",\"itemListElement\":[{\"@type\":\"ListItem\",\"position\":1,\"name\":\"Home\",\"item\":\"https:\/\/cfcegypt.com\/\"},{\"@type\":\"ListItem\",\"position\":2,\"name\":\"Cookies\"}]},{\"@type\":\"WebSite\",\"@id\":\"https:\/\/cfcegypt.com\/#website\",\"url\":\"https:\/\/cfcegypt.com\/\",\"name\":\"CFC Egypt\",\"description\":\"\",\"publisher\":{\"@id\":\"https:\/\/cfcegypt.com\/#organization\"},\"potentialAction\":[{\"@type\":\"SearchAction\",\"target\":{\"@type\":\"EntryPoint\",\"urlTemplate\":\"https:\/\/cfcegypt.com\/?s={search_term_string}\"},\"query-input\":{\"@type\":\"PropertyValueSpecification\",\"valueRequired\":true,\"valueName\":\"search_term_string\"}}],\"inLanguage\":\"tr\"},{\"@type\":\"Organization\",\"@id\":\"https:\/\/cfcegypt.com\/#organization\",\"name\":\"Construction & Foundries Chemicals Industrial Co.\",\"url\":\"https:\/\/cfcegypt.com\/\",\"logo\":{\"@type\":\"ImageObject\",\"inLanguage\":\"tr\",\"@id\":\"https:\/\/cfcegypt.com\/#\/schema\/logo\/image\/\",\"url\":\"https:\/\/cfcegypt.com\/wp-content\/uploads\/2024\/02\/CFC-Transparent-Logo-e1707911341304.png\",\"contentUrl\":\"https:\/\/cfcegypt.com\/wp-content\/uploads\/2024\/02\/CFC-Transparent-Logo-e1707911341304.png\",\"width\":131,\"height\":85,\"caption\":\"Construction & Foundries Chemicals Industrial Co.\"},\"image\":{\"@id\":\"https:\/\/cfcegypt.com\/#\/schema\/logo\/image\/\"},\"sameAs\":[\"https:\/\/www.facebook.com\/CFCEGYPT\/\",\"https:\/\/www.instagram.com\/cfc_construction_foundries\/\",\"https:\/\/www.linkedin.com\/in\/cfc-construction-and-foundries-chemicals-092b81255\/\"]}]}<\/script>\n<!-- \/ Yoast SEO Premium plugin. -->","yoast_head_json":{"title":"Cookies - CFC Egypt","robots":{"index":"index","follow":"follow","max-snippet":"max-snippet:-1","max-image-preview":"max-image-preview:large","max-video-preview":"max-video-preview:-1"},"canonical":"https:\/\/cfcegypt.com\/tr\/kurabiye\/","og_locale":"tr_TR","og_type":"article","og_title":"Cookies","og_description":"Cookies What is a Cookie? A cookie is a small text file that stores Internet settings. Almost every website uses cookie technology. The cookie is downloaded by your Internet browser the first time you visit a website. The next time you visit this website from the same device, the cookie and the information in it [&hellip;]","og_url":"https:\/\/cfcegypt.com\/tr\/kurabiye\/","og_site_name":"CFC Egypt","article_publisher":"https:\/\/www.facebook.com\/CFCEGYPT\/","article_modified_time":"2024-05-29T08:47:32+00:00","twitter_card":"summary_large_image","twitter_misc":{"Tahmini okuma s\u00fcresi":"3 dakika"},"schema":{"@context":"https:\/\/schema.org","@graph":[{"@type":"WebPage","@id":"https:\/\/cfcegypt.com\/cookies\/","url":"https:\/\/cfcegypt.com\/cookies\/","name":"Cookies - CFC Egypt","isPartOf":{"@id":"https:\/\/cfcegypt.com\/#website"},"datePublished":"2024-03-16T22:58:56+00:00","dateModified":"2024-05-29T08:47:32+00:00","breadcrumb":{"@id":"https:\/\/cfcegypt.com\/cookies\/#breadcrumb"},"inLanguage":"tr","potentialAction":[{"@type":"ReadAction","target":["https:\/\/cfcegypt.com\/cookies\/"]}]},{"@type":"BreadcrumbList","@id":"https:\/\/cfcegypt.com\/cookies\/#breadcrumb","itemListElement":[{"@type":"ListItem","position":1,"name":"Home","item":"https:\/\/cfcegypt.com\/"},{"@type":"ListItem","position":2,"name":"Cookies"}]},{"@type":"WebSite","@id":"https:\/\/cfcegypt.com\/#website","url":"https:\/\/cfcegypt.com\/","name":"CFC Egypt","description":"","publisher":{"@id":"https:\/\/cfcegypt.com\/#organization"},"potentialAction":[{"@type":"SearchAction","target":{"@type":"EntryPoint","urlTemplate":"https:\/\/cfcegypt.com\/?s={search_term_string}"},"query-input":{"@type":"PropertyValueSpecification","valueRequired":true,"valueName":"search_term_string"}}],"inLanguage":"tr"},{"@type":"Organization","@id":"https:\/\/cfcegypt.com\/#organization","name":"Construction & Foundries Chemicals Industrial Co.","url":"https:\/\/cfcegypt.com\/","logo":{"@type":"ImageObject","inLanguage":"tr","@id":"https:\/\/cfcegypt.com\/#\/schema\/logo\/image\/","url":"https:\/\/cfcegypt.com\/wp-content\/uploads\/2024\/02\/CFC-Transparent-Logo-e1707911341304.png","contentUrl":"https:\/\/cfcegypt.com\/wp-content\/uploads\/2024\/02\/CFC-Transparent-Logo-e1707911341304.png","width":131,"height":85,"caption":"Construction & Foundries Chemicals Industrial Co."},"image":{"@id":"https:\/\/cfcegypt.com\/#\/schema\/logo\/image\/"},"sameAs":["https:\/\/www.facebook.com\/CFCEGYPT\/","https:\/\/www.instagram.com\/cfc_construction_foundries\/","https:\/\/www.linkedin.com\/in\/cfc-construction-and-foundries-chemicals-092b81255\/"]}]}},"_links":{"self":[{"href":"https:\/\/cfcegypt.com\/tr\/wp-json\/wp\/v2\/pages\/1717","targetHints":{"allow":["GET"]}}],"collection":[{"href":"https:\/\/cfcegypt.com\/tr\/wp-json\/wp\/v2\/pages"}],"about":[{"href":"https:\/\/cfcegypt.com\/tr\/wp-json\/wp\/v2\/types\/page"}],"author":[{"embeddable":true,"href":"https:\/\/cfcegypt.com\/tr\/wp-json\/wp\/v2\/users\/1"}],"replies":[{"embeddable":true,"href":"https:\/\/cfcegypt.com\/tr\/wp-json\/wp\/v2\/comments?post=1717"}],"version-history":[{"count":3,"href":"https:\/\/cfcegypt.com\/tr\/wp-json\/wp\/v2\/pages\/1717\/revisions"}],"predecessor-version":[{"id":4006,"href":"https:\/\/cfcegypt.com\/tr\/wp-json\/wp\/v2\/pages\/1717\/revisions\/4006"}],"wp:attachment":[{"href":"https:\/\/cfcegypt.com\/tr\/wp-json\/wp\/v2\/media?parent=1717"}],"curies":[{"name":"wp","href":"https:\/\/api.w.org\/{rel}","templated":true}]}}