{"id":1601,"date":"2024-03-14T22:16:25","date_gmt":"2024-03-14T22:16:25","guid":{"rendered":"https:\/\/cfc.rehbars.com\/?page_id=1601"},"modified":"2024-05-29T08:46:06","modified_gmt":"2024-05-29T08:46:06","slug":"terms-of-use","status":"publish","type":"page","link":"https:\/\/cfcegypt.com\/tr\/kullanim-sartlari\/","title":{"rendered":"Terms of use"},"content":{"rendered":"<div data-elementor-type=\"wp-page\" data-elementor-id=\"1601\" class=\"elementor elementor-1601\" data-elementor-post-type=\"page\">\n\t\t\t\t<div data-dce-background-color=\"#124254\" class=\"elementor-element elementor-element-61f4fd7 e-con-full e-flex e-con e-parent\" data-id=\"61f4fd7\" data-element_type=\"container\" data-settings=\"{&quot;background_background&quot;:&quot;classic&quot;}\">\n\t\t<div class=\"elementor-element elementor-element-d6665f4 e-con-full e-flex e-con e-child\" data-id=\"d6665f4\" data-element_type=\"container\">\n\t\t\t\t<div class=\"elementor-element elementor-element-cf1c6ef animated-slow elementor-widget__width-inherit elementor-invisible elementor-widget elementor-widget-heading\" data-id=\"cf1c6ef\" data-element_type=\"widget\" data-settings=\"{&quot;_animation&quot;:&quot;fadeInUp&quot;,&quot;_animation_delay&quot;:400}\" data-widget_type=\"heading.default\">\n\t\t\t\t<div class=\"elementor-widget-container\">\n\t\t\t<style>\/*! elementor - v3.23.0 - 05-08-2024 *\/\n.elementor-heading-title{padding:0;margin:0;line-height:1}.elementor-widget-heading .elementor-heading-title[class*=elementor-size-]>a{color:inherit;font-size:inherit;line-height:inherit}.elementor-widget-heading .elementor-heading-title.elementor-size-small{font-size:15px}.elementor-widget-heading .elementor-heading-title.elementor-size-medium{font-size:19px}.elementor-widget-heading .elementor-heading-title.elementor-size-large{font-size:29px}.elementor-widget-heading .elementor-heading-title.elementor-size-xl{font-size:39px}.elementor-widget-heading .elementor-heading-title.elementor-size-xxl{font-size:59px}<\/style><h2 class=\"elementor-heading-title elementor-size-default\">Kullan\u0131m \u015eartlar\u0131<\/h2>\t\t<\/div>\n\t\t\t\t<\/div>\n\t\t\t\t<\/div>\n\t\t\t\t<\/div>\n\t\t<div class=\"elementor-element elementor-element-7de305b e-con-full e-flex e-con e-parent\" data-id=\"7de305b\" data-element_type=\"container\">\n\t\t<div class=\"elementor-element elementor-element-c180d7a e-con-full e-flex e-con e-child\" data-id=\"c180d7a\" data-element_type=\"container\">\n\t\t\t\t<div class=\"elementor-element elementor-element-4ecb71e elementor-widget elementor-widget-text-editor\" data-id=\"4ecb71e\" data-element_type=\"widget\" data-widget_type=\"text-editor.default\">\n\t\t\t\t<div class=\"elementor-widget-container\">\n\t\t\t<style>\/*! elementor - v3.23.0 - 05-08-2024 *\/\n.elementor-widget-text-editor.elementor-drop-cap-view-stacked .elementor-drop-cap{background-color:#69727d;color:#fff}.elementor-widget-text-editor.elementor-drop-cap-view-framed .elementor-drop-cap{color:#69727d;border:3px solid;background-color:transparent}.elementor-widget-text-editor:not(.elementor-drop-cap-view-default) .elementor-drop-cap{margin-top:8px}.elementor-widget-text-editor:not(.elementor-drop-cap-view-default) .elementor-drop-cap-letter{width:1em;height:1em}.elementor-widget-text-editor .elementor-drop-cap{float:left;text-align:center;line-height:1;font-size:50px}.elementor-widget-text-editor .elementor-drop-cap-letter{display:inline-block}<\/style>\t\t\t\t<div class=\"imTAJustify\"><p>Bu web sitesi Aarhus'taki CFC Construction and Foundries Chemicals A\/S'ye aittir ve onun taraf\u0131ndan i\u015fletilmektedir.<\/p><p>Bu web sitesini kullanman\u0131z, a\u015fa\u011f\u0131da belirtilen kullan\u0131m ko\u015fullar\u0131n\u0131 kabul etti\u011finizi ve kabul etti\u011finizi g\u00f6sterir.<\/p><p>Bu web sitesinin i\u00e7eri\u011fi yaln\u0131zca genel bilgi ve a\u00e7\u0131klama ama\u00e7l\u0131d\u0131r ve kullan\u0131lmas\u0131n\u0131n riski size aittir. CFC \u0130n\u015faat ve D\u00f6k\u00fcm Kimyasallar\u0131 bilgilerin do\u011frulu\u011funu sa\u011flamak i\u00e7in t\u00fcm makul \u00e7abay\u0131 g\u00f6sterir. Ancak CFC \u0130n\u015faat ve D\u00f6k\u00fcm Kimyasallar\u0131 bu web sitesinde yer alan herhangi bir bilginin do\u011frulu\u011funu, eksiksizli\u011fini, fiili do\u011frulu\u011funu veya g\u00fcvenilirli\u011fini garanti etmez ve garanti etmez ve hatalar, eksiklikler, yanl\u0131\u015fl\u0131klar veya yaz\u0131m kusurlar\u0131 konusunda sorumluluk kabul etmez. Bu yay\u0131nda ifade edilen g\u00f6r\u00fc\u015f ve g\u00f6r\u00fc\u015fler mutlaka CFC \u0130n\u015faat ve D\u00f6k\u00fcm Kimyasallar\u0131'na ait de\u011fildir. CFC \u0130n\u015faat ve D\u00f6k\u00fcm Kimyasallar\u0131, web sitesinin ba\u011flant\u0131 verdi\u011fi siteler \u00fczerinde herhangi bir kontrol, ili\u015fki veya bu sitelerin onay\u0131n\u0131 reddeder.<\/p><p>\u00a9 2024 CFC \u0130n\u015faat ve D\u00f6k\u00fcm Kimyasallar\u0131 A\/S. Her hakk\u0131 sakl\u0131d\u0131r. Telif hakk\u0131 kapsam\u0131ndaki haklar\u0131 s\u0131n\u0131rlamaks\u0131z\u0131n, bu web sitesinin hi\u00e7bir k\u0131sm\u0131 \u00e7o\u011falt\u0131lamaz, saklanamaz veya bir eri\u015fim sistemine dahil edilemez veya herhangi bir bi\u00e7imde, herhangi bir y\u00f6ntemle (elektronik, mekanik, fotokopi, kay\u0131t veya ba\u015fka \u015fekilde) veya herhangi bir ama\u00e7la iletilemez. CFC \u0130n\u015faat ve D\u00f6k\u00fcm Kimyasallar\u0131 A\/S'nin a\u00e7\u0131k yaz\u0131l\u0131 izni olmadan bu ama\u00e7la kullan\u0131lamaz. CFC Construction and Foundries Chemicals, CFC Construction and Foundries Chemicals A\/S ve CFC Construction and Foundries Chemicals logosu, CFC Construction and Foundries Chemicals A\/S'nin Danimarka ve\/veya di\u011fer \u00fclkelerdeki tescilli ticari markalar\u0131 veya ticari markalar\u0131d\u0131r. Bu web sitesinde ad\u0131 ge\u00e7en di\u011fer ticari markalar ilgili sahiplerinin m\u00fclkiyetindedir.<\/p><\/div>\t\t\t\t\t\t<\/div>\n\t\t\t\t<\/div>\n\t\t\t\t<\/div>\n\t\t\t\t<\/div>\n\t\t\t\t<\/div>","protected":false},"excerpt":{"rendered":"<p>Terms of Use This website is owned and operated by CFC Construction and Foundries Chemicals A\/S, Aarhus. Your use of this website indicates your acceptance of and agreement to the terms of use for as they are set out below. The contents of this website are for general information and illustrative purposes only and are [&hellip;]<\/p>","protected":false},"author":1,"featured_media":0,"parent":0,"menu_order":0,"comment_status":"closed","ping_status":"closed","template":"","meta":{"_acf_changed":false,"footnotes":""},"class_list":["post-1601","page","type-page","status-publish","hentry"],"blocksy_meta":[],"acf":[],"yoast_head":"<!-- This site is optimized with the Yoast SEO Premium plugin v22.0 (Yoast SEO v26.1.1) - https:\/\/yoast.com\/wordpress\/plugins\/seo\/ -->\n<title>Terms of use - CFC Egypt<\/title>\n<meta name=\"robots\" content=\"index, follow, max-snippet:-1, max-image-preview:large, max-video-preview:-1\" \/>\n<link rel=\"canonical\" href=\"https:\/\/cfcegypt.com\/tr\/kullanim-sartlari\/\" \/>\n<meta property=\"og:locale\" content=\"tr_TR\" \/>\n<meta property=\"og:type\" content=\"article\" \/>\n<meta property=\"og:title\" content=\"Terms of use\" \/>\n<meta property=\"og:description\" content=\"Terms of Use This website is owned and operated by CFC Construction and Foundries Chemicals A\/S, Aarhus. Your use of this website indicates your acceptance of and agreement to the terms of use for as they are set out below. The contents of this website are for general information and illustrative purposes only and are [&hellip;]\" \/>\n<meta property=\"og:url\" content=\"https:\/\/cfcegypt.com\/tr\/kullanim-sartlari\/\" \/>\n<meta property=\"og:site_name\" content=\"CFC Egypt\" \/>\n<meta property=\"article:publisher\" content=\"https:\/\/www.facebook.com\/CFCEGYPT\/\" \/>\n<meta property=\"article:modified_time\" content=\"2024-05-29T08:46:06+00:00\" \/>\n<meta name=\"twitter:card\" content=\"summary_large_image\" \/>\n<meta name=\"twitter:label1\" content=\"Tahmini okuma s\u00fcresi\" \/>\n\t<meta name=\"twitter:data1\" content=\"2 dakika\" \/>\n<script type=\"application\/ld+json\" class=\"yoast-schema-graph\">{\"@context\":\"https:\/\/schema.org\",\"@graph\":[{\"@type\":\"WebPage\",\"@id\":\"https:\/\/cfcegypt.com\/terms-of-use\/\",\"url\":\"https:\/\/cfcegypt.com\/terms-of-use\/\",\"name\":\"Terms of use - CFC Egypt\",\"isPartOf\":{\"@id\":\"https:\/\/cfcegypt.com\/#website\"},\"datePublished\":\"2024-03-14T22:16:25+00:00\",\"dateModified\":\"2024-05-29T08:46:06+00:00\",\"breadcrumb\":{\"@id\":\"https:\/\/cfcegypt.com\/terms-of-use\/#breadcrumb\"},\"inLanguage\":\"tr\",\"potentialAction\":[{\"@type\":\"ReadAction\",\"target\":[\"https:\/\/cfcegypt.com\/terms-of-use\/\"]}]},{\"@type\":\"BreadcrumbList\",\"@id\":\"https:\/\/cfcegypt.com\/terms-of-use\/#breadcrumb\",\"itemListElement\":[{\"@type\":\"ListItem\",\"position\":1,\"name\":\"Home\",\"item\":\"https:\/\/cfcegypt.com\/\"},{\"@type\":\"ListItem\",\"position\":2,\"name\":\"Terms of use\"}]},{\"@type\":\"WebSite\",\"@id\":\"https:\/\/cfcegypt.com\/#website\",\"url\":\"https:\/\/cfcegypt.com\/\",\"name\":\"CFC Egypt\",\"description\":\"\",\"publisher\":{\"@id\":\"https:\/\/cfcegypt.com\/#organization\"},\"potentialAction\":[{\"@type\":\"SearchAction\",\"target\":{\"@type\":\"EntryPoint\",\"urlTemplate\":\"https:\/\/cfcegypt.com\/?s={search_term_string}\"},\"query-input\":{\"@type\":\"PropertyValueSpecification\",\"valueRequired\":true,\"valueName\":\"search_term_string\"}}],\"inLanguage\":\"tr\"},{\"@type\":\"Organization\",\"@id\":\"https:\/\/cfcegypt.com\/#organization\",\"name\":\"Construction & Foundries Chemicals Industrial Co.\",\"url\":\"https:\/\/cfcegypt.com\/\",\"logo\":{\"@type\":\"ImageObject\",\"inLanguage\":\"tr\",\"@id\":\"https:\/\/cfcegypt.com\/#\/schema\/logo\/image\/\",\"url\":\"https:\/\/cfcegypt.com\/wp-content\/uploads\/2024\/02\/CFC-Transparent-Logo-e1707911341304.png\",\"contentUrl\":\"https:\/\/cfcegypt.com\/wp-content\/uploads\/2024\/02\/CFC-Transparent-Logo-e1707911341304.png\",\"width\":131,\"height\":85,\"caption\":\"Construction & Foundries Chemicals Industrial Co.\"},\"image\":{\"@id\":\"https:\/\/cfcegypt.com\/#\/schema\/logo\/image\/\"},\"sameAs\":[\"https:\/\/www.facebook.com\/CFCEGYPT\/\",\"https:\/\/www.instagram.com\/cfc_construction_foundries\/\",\"https:\/\/www.linkedin.com\/in\/cfc-construction-and-foundries-chemicals-092b81255\/\"]}]}<\/script>\n<!-- \/ Yoast SEO Premium plugin. -->","yoast_head_json":{"title":"Terms of use - CFC Egypt","robots":{"index":"index","follow":"follow","max-snippet":"max-snippet:-1","max-image-preview":"max-image-preview:large","max-video-preview":"max-video-preview:-1"},"canonical":"https:\/\/cfcegypt.com\/tr\/kullanim-sartlari\/","og_locale":"tr_TR","og_type":"article","og_title":"Terms of use","og_description":"Terms of Use This website is owned and operated by CFC Construction and Foundries Chemicals A\/S, Aarhus. Your use of this website indicates your acceptance of and agreement to the terms of use for as they are set out below. The contents of this website are for general information and illustrative purposes only and are [&hellip;]","og_url":"https:\/\/cfcegypt.com\/tr\/kullanim-sartlari\/","og_site_name":"CFC Egypt","article_publisher":"https:\/\/www.facebook.com\/CFCEGYPT\/","article_modified_time":"2024-05-29T08:46:06+00:00","twitter_card":"summary_large_image","twitter_misc":{"Tahmini okuma s\u00fcresi":"2 dakika"},"schema":{"@context":"https:\/\/schema.org","@graph":[{"@type":"WebPage","@id":"https:\/\/cfcegypt.com\/terms-of-use\/","url":"https:\/\/cfcegypt.com\/terms-of-use\/","name":"Terms of use - CFC Egypt","isPartOf":{"@id":"https:\/\/cfcegypt.com\/#website"},"datePublished":"2024-03-14T22:16:25+00:00","dateModified":"2024-05-29T08:46:06+00:00","breadcrumb":{"@id":"https:\/\/cfcegypt.com\/terms-of-use\/#breadcrumb"},"inLanguage":"tr","potentialAction":[{"@type":"ReadAction","target":["https:\/\/cfcegypt.com\/terms-of-use\/"]}]},{"@type":"BreadcrumbList","@id":"https:\/\/cfcegypt.com\/terms-of-use\/#breadcrumb","itemListElement":[{"@type":"ListItem","position":1,"name":"Home","item":"https:\/\/cfcegypt.com\/"},{"@type":"ListItem","position":2,"name":"Terms of use"}]},{"@type":"WebSite","@id":"https:\/\/cfcegypt.com\/#website","url":"https:\/\/cfcegypt.com\/","name":"CFC Egypt","description":"","publisher":{"@id":"https:\/\/cfcegypt.com\/#organization"},"potentialAction":[{"@type":"SearchAction","target":{"@type":"EntryPoint","urlTemplate":"https:\/\/cfcegypt.com\/?s={search_term_string}"},"query-input":{"@type":"PropertyValueSpecification","valueRequired":true,"valueName":"search_term_string"}}],"inLanguage":"tr"},{"@type":"Organization","@id":"https:\/\/cfcegypt.com\/#organization","name":"Construction & Foundries Chemicals Industrial Co.","url":"https:\/\/cfcegypt.com\/","logo":{"@type":"ImageObject","inLanguage":"tr","@id":"https:\/\/cfcegypt.com\/#\/schema\/logo\/image\/","url":"https:\/\/cfcegypt.com\/wp-content\/uploads\/2024\/02\/CFC-Transparent-Logo-e1707911341304.png","contentUrl":"https:\/\/cfcegypt.com\/wp-content\/uploads\/2024\/02\/CFC-Transparent-Logo-e1707911341304.png","width":131,"height":85,"caption":"Construction & Foundries Chemicals Industrial Co."},"image":{"@id":"https:\/\/cfcegypt.com\/#\/schema\/logo\/image\/"},"sameAs":["https:\/\/www.facebook.com\/CFCEGYPT\/","https:\/\/www.instagram.com\/cfc_construction_foundries\/","https:\/\/www.linkedin.com\/in\/cfc-construction-and-foundries-chemicals-092b81255\/"]}]}},"_links":{"self":[{"href":"https:\/\/cfcegypt.com\/tr\/wp-json\/wp\/v2\/pages\/1601","targetHints":{"allow":["GET"]}}],"collection":[{"href":"https:\/\/cfcegypt.com\/tr\/wp-json\/wp\/v2\/pages"}],"about":[{"href":"https:\/\/cfcegypt.com\/tr\/wp-json\/wp\/v2\/types\/page"}],"author":[{"embeddable":true,"href":"https:\/\/cfcegypt.com\/tr\/wp-json\/wp\/v2\/users\/1"}],"replies":[{"embeddable":true,"href":"https:\/\/cfcegypt.com\/tr\/wp-json\/wp\/v2\/comments?post=1601"}],"version-history":[{"count":3,"href":"https:\/\/cfcegypt.com\/tr\/wp-json\/wp\/v2\/pages\/1601\/revisions"}],"predecessor-version":[{"id":4003,"href":"https:\/\/cfcegypt.com\/tr\/wp-json\/wp\/v2\/pages\/1601\/revisions\/4003"}],"wp:attachment":[{"href":"https:\/\/cfcegypt.com\/tr\/wp-json\/wp\/v2\/media?parent=1601"}],"curies":[{"name":"wp","href":"https:\/\/api.w.org\/{rel}","templated":true}]}}