{"id":1598,"date":"2024-03-14T22:16:10","date_gmt":"2024-03-14T22:16:10","guid":{"rendered":"https:\/\/cfc.rehbars.com\/?page_id=1598"},"modified":"2024-05-29T08:45:34","modified_gmt":"2024-05-29T08:45:34","slug":"privacy-policy","status":"publish","type":"page","link":"https:\/\/cfcegypt.com\/tr\/gizlilik-politikasi\/","title":{"rendered":"Gizlilik Politikas\u0131"},"content":{"rendered":"<div data-elementor-type=\"wp-page\" data-elementor-id=\"1598\" class=\"elementor elementor-1598\" data-elementor-post-type=\"page\">\n\t\t\t\t<div data-dce-background-color=\"#124254\" class=\"elementor-element elementor-element-9425612 e-con-full e-flex e-con e-parent\" data-id=\"9425612\" data-element_type=\"container\" data-settings=\"{&quot;background_background&quot;:&quot;classic&quot;}\">\n\t\t<div class=\"elementor-element elementor-element-7eb983b e-con-full e-flex e-con e-child\" data-id=\"7eb983b\" data-element_type=\"container\">\n\t\t\t\t<div class=\"elementor-element elementor-element-336460d animated-slow elementor-widget__width-inherit elementor-invisible elementor-widget elementor-widget-heading\" data-id=\"336460d\" data-element_type=\"widget\" data-settings=\"{&quot;_animation&quot;:&quot;fadeInUp&quot;,&quot;_animation_delay&quot;:400}\" data-widget_type=\"heading.default\">\n\t\t\t\t<div class=\"elementor-widget-container\">\n\t\t\t<style>\/*! elementor - v3.23.0 - 05-08-2024 *\/\n.elementor-heading-title{padding:0;margin:0;line-height:1}.elementor-widget-heading .elementor-heading-title[class*=elementor-size-]>a{color:inherit;font-size:inherit;line-height:inherit}.elementor-widget-heading .elementor-heading-title.elementor-size-small{font-size:15px}.elementor-widget-heading .elementor-heading-title.elementor-size-medium{font-size:19px}.elementor-widget-heading .elementor-heading-title.elementor-size-large{font-size:29px}.elementor-widget-heading .elementor-heading-title.elementor-size-xl{font-size:39px}.elementor-widget-heading .elementor-heading-title.elementor-size-xxl{font-size:59px}<\/style><h2 class=\"elementor-heading-title elementor-size-default\">Gizlilik Politikas\u0131<\/h2>\t\t<\/div>\n\t\t\t\t<\/div>\n\t\t\t\t<\/div>\n\t\t\t\t<\/div>\n\t\t<div class=\"elementor-element elementor-element-75beadf e-con-full e-flex e-con e-parent\" data-id=\"75beadf\" data-element_type=\"container\">\n\t\t<div class=\"elementor-element elementor-element-02abe9c e-con-full e-flex e-con e-child\" data-id=\"02abe9c\" data-element_type=\"container\">\n\t\t\t\t<div class=\"elementor-element elementor-element-f961ad4 elementor-widget elementor-widget-text-editor\" data-id=\"f961ad4\" data-element_type=\"widget\" data-widget_type=\"text-editor.default\">\n\t\t\t\t<div class=\"elementor-widget-container\">\n\t\t\t<style>\/*! elementor - v3.23.0 - 05-08-2024 *\/\n.elementor-widget-text-editor.elementor-drop-cap-view-stacked .elementor-drop-cap{background-color:#69727d;color:#fff}.elementor-widget-text-editor.elementor-drop-cap-view-framed .elementor-drop-cap{color:#69727d;border:3px solid;background-color:transparent}.elementor-widget-text-editor:not(.elementor-drop-cap-view-default) .elementor-drop-cap{margin-top:8px}.elementor-widget-text-editor:not(.elementor-drop-cap-view-default) .elementor-drop-cap-letter{width:1em;height:1em}.elementor-widget-text-editor .elementor-drop-cap{float:left;text-align:center;line-height:1;font-size:50px}.elementor-widget-text-editor .elementor-drop-cap-letter{display:inline-block}<\/style>\t\t\t\t<div class=\"imTAJustify\"><p class=\" translation-block\">Bu gizlilik politikas\u0131, CFC Construction and Foundries Chemicals A\/S'nin, bu web sitesini kulland\u0131\u011f\u0131n\u0131zda bize verdi\u011finiz bilgileri, CFC Construction and Foundries Chemicals A\/S taraf\u0131ndan i\u015fletilen herhangi bir sosyal medya profilini veya ba\u015fka herhangi bir \u015fekilde etkile\u015fime girdi\u011finiz bilgileri nas\u0131l kulland\u0131\u011f\u0131n\u0131 ve korudu\u011funu ortaya koyar. CFC \u0130n\u015faat ve D\u00f6k\u00fcm Kimyasallar\u0131 A\/S ile. Bu Gizlilik Politikas\u0131yla ilgili herhangi bir sorunuz varsa l\u00fctfen <a href=\"mailto:info@cfcegypt.com\" target=\"_self\">info@cfcegypt.com<\/a> adresinden bizimle ileti\u015fime ge\u00e7in.<\/p><p>Gizlili\u011finizin korunmas\u0131n\u0131 sa\u011flamaya kararl\u0131y\u0131z. Bu web sitesini, CFC \u0130n\u015faat ve D\u00f6k\u00fcm Kimyasallar\u0131 A\/S taraf\u0131ndan i\u015fletilen herhangi bir sosyal medya profilini kullan\u0131rken veya ba\u015fka bir \u015fekilde CFC \u0130n\u015faat ve D\u00f6k\u00fcm Kimyasallar\u0131 A\/ ile etkile\u015fimde bulundu\u011funuzda kimli\u011finizin belirlenebilmesini sa\u011flayacak belirli bilgileri sa\u011flaman\u0131z\u0131 istersek, S, yaln\u0131zca bu gizlilik bildirimine uygun olarak kullan\u0131laca\u011f\u0131ndan emin olabilirsiniz.<\/p><p>Bu politikay\u0131 zaman zaman bu sayfay\u0131 g\u00fcncelleyerek de\u011fi\u015ftirebiliriz. Bu nedenle, herhangi bir de\u011fi\u015fiklikten memnun oldu\u011funuzdan emin olmak i\u00e7in bu sayfay\u0131 zaman zaman kontrol etmelisiniz.<\/p><h3>Kurabiye<\/h3><p>Sitemizi daha kolay kullanman\u0131z\u0131 sa\u011flamak ve web sitemizi ve sosyal medya profillerimizi geli\u015ftirmemize yard\u0131mc\u0131 olan belirli istatistiksel bilgileri takip etmemize olanak sa\u011flamak i\u00e7in bilgi depolamay\u0131 (genellikle \u00e7erezler olarak bilinir) kullanabiliriz.<\/p><h3>G\u00fcvenlik<\/h3><p>Bilgilerinizin g\u00fcvende olmas\u0131n\u0131 sa\u011flamaya kararl\u0131y\u0131z. Yetkisiz eri\u015fimi veya if\u015fay\u0131 \u00f6nlemek amac\u0131yla, toplad\u0131\u011f\u0131m\u0131z bilgileri korumak ve g\u00fcvence alt\u0131na almak i\u00e7in uygun fiziksel, elektronik ve y\u00f6netimsel prosed\u00fcrleri uygulamaya koyduk.<\/p><h3>Ki\u015fisel veri t\u00fcrleri CFC \u0130n\u015faat ve D\u00f6k\u00fcm Kimyasallar\u0131 s\u00fcre\u00e7leri<\/h3><p>Web sitelerimizi kullanman\u0131zla, CFC \u0130n\u015faat ve D\u00f6k\u00fcm Kimyasallar\u0131 A\/S taraf\u0131ndan i\u015fletilen herhangi bir sosyal medya profiliyle veya CFC \u0130n\u015faat ve D\u00f6k\u00fcm Kimyasallar\u0131 ile ba\u015fka bir \u015fekilde etkile\u015fime girmenizle ilgili olarak CFC \u0130n\u015faat ve D\u00f6k\u00fcm Kimyasallar\u0131 A\/S taraf\u0131ndan toplanan ki\u015fisel veriler A\/S, ad\u0131n\u0131z\u0131, do\u011fum tarihinizi, g\u00f6rselleri\/foto\u011fraflar\u0131n\u0131z\u0131, ileti\u015fim bilgilerinizi, e-posta adresinizi, genel \u00f6zge\u00e7mi\u015f bilgilerinizi, IP adresinizle ilgili bilgileri vb. i\u00e7erebilir. Ki\u015fisel verilerinizi, \u00f6nceden a\u00e7\u0131k izniniz olmadan pazarlama amac\u0131yla kullanmayaca\u011f\u0131z.<\/p><h3>Ki\u015fisel verilerinizi nas\u0131l topluyoruz?<\/h3><p>Ki\u015fisel verilerinizi, CFC \u0130n\u015faat ve D\u00f6k\u00fcm Kimyasallar\u0131 A\/S ile genel etkile\u015fiminizin niteli\u011fine ba\u011fl\u0131 olarak \u00e7e\u015fitli kaynaklardan topluyoruz. Bu, a\u015fa\u011f\u0131dakileri yapt\u0131\u011f\u0131n\u0131z durumlar\u0131 i\u00e7erebilir:<\/p><ul><li>web sitemizi veya farkl\u0131 sosyal medya hesaplar\u0131m\u0131z\u0131 ziyaret edin<\/li><li>bizimle hem yaz\u0131l\u0131 hem de s\u00f6zl\u00fc olarak ileti\u015fim kuruyorlar<\/li><li>bizimle anla\u015fmalar, s\u00f6zle\u015fmeler vb. imzalamak<\/li><li>bir b\u00fcltene kaydolun veya bir i\u015f ba\u015fvurusu g\u00f6nderin<\/li><li>hizmetlerimizi kullan\u0131n<\/li><\/ul><h3>Ki\u015fisel verilerinizi neden topluyor ve i\u015fliyoruz?<\/h3><p>Ki\u015fisel verilerinizi a\u015fa\u011f\u0131daki ama\u00e7larla kullan\u0131r\u0131z:<\/p><ul><li>ihtiya\u00e7lar\u0131n\u0131z\u0131 anlay\u0131p size daha iyi bir hizmet sunmak<\/li><li>web sitemizin ve sosyal medya profillerimizin i\u00e7eri\u011fini iyile\u015ftirmek<\/li><li>Bir i\u015fe ba\u015fvurman\u0131z veya ihbar sistemimizi kullanman\u0131z da dahil olmak \u00fczere sizden gelen talepleri de\u011ferlendirmek ve yan\u0131tlamak<\/li><li>Kullan\u0131c\u0131lar\u0131m\u0131z ve onlar\u0131n tercihleri \u200b\u200bhakk\u0131ndaki istatistikleri derlemek ve a\u00e7\u0131klamak. Bu istatistikler anonimdir ve bireysel kullan\u0131c\u0131lar\u0131 tan\u0131mlamaz. Ki\u015fisel verilerinizin i\u015flenmesinin hukuki dayana\u011f\u0131<\/li><\/ul><p>Ki\u015fisel verilerinizi, r\u0131zan\u0131z\u0131 verdi\u011finizde i\u015fleriz; \u00c7erezlerin kullan\u0131m\u0131n\u0131 kabul ederken.<\/p><p>Ki\u015fisel verilerinizi, yasal y\u00fck\u00fcml\u00fcl\u00fcklere uymak veya me\u015fru menfaatleri takip etmek i\u00e7in gerekti\u011finde, bu menfaatlerin ki\u015fisel verilerinizin korunmas\u0131n\u0131 gerektiren menfaatlerinizi veya temel hak ve \u00f6zg\u00fcrl\u00fcklerinizi ge\u00e7ersiz k\u0131lmamas\u0131 ko\u015fuluyla i\u015fleyebiliriz.<\/p><h3>Ki\u015fisel verilerinizin al\u0131c\u0131lar\u0131<\/h3><p>CFC \u0130n\u015faat ve D\u00f6k\u00fcm Kimyasallar\u0131 A\/S ki\u015fisel verilerinizi a\u015fa\u011f\u0131dakilerle payla\u015fabilir:<\/p><ul><li>CFC \u0130n\u015faat ve D\u00f6k\u00fcm Kimyasallar\u0131 A\/S'nin ba\u011fl\u0131 \u015firketleri<\/li><li>Tedarik\u00e7iler (veri i\u015fleyiciler). Bu t\u00fcr tedarik\u00e7iler, ki\u015fisel verileri CFC \u0130n\u015faat ve D\u00f6k\u00fcm Kimyasallar\u0131 A\/S ad\u0131na ve CFC \u0130n\u015faat ve D\u00f6k\u00fcm Kimyasallar\u0131 A\/S taraf\u0131ndan verilen talimatlara uygun olarak i\u015fleyecektir.<\/li><li>Gruba ba\u011fl\u0131 \u015firketler<\/li><\/ul><h3>Ki\u015fisel verilerinizin saklanmas\u0131<\/h3><p>CFC \u0130n\u015faat ve D\u00f6k\u00fcm Kimyasallar\u0131 A\/S, ki\u015fisel verileri toplama ama\u00e7lar\u0131n\u0131 yerine getirmek i\u00e7in gerekli oldu\u011fu s\u00fcrece saklar. Ki\u015fisel verileriniz y\u00fcr\u00fcrl\u00fckteki kanunlara uygun olarak saklanacak ve silinecektir.<\/p><h3>Haklar\u0131n\u0131z<\/h3><p>\u0130stedi\u011finiz zaman \u015funlar\u0131 yapma hakk\u0131na sahipsiniz:<\/p><ul><li>CFC \u0130n\u015faat ve D\u00f6k\u00fcm Kimyasallar\u0131 A\/S'nin sizinle ilgili i\u015fledi\u011fi ki\u015fisel verilere eri\u015fim<\/li><li>CFC Construction and Foundries Chemicals A\/S'nin hakk\u0131n\u0131zda i\u015fledi\u011fi ki\u015fisel verilerin d\u00fczeltilmesi, silinmesi (\"unutulma hakk\u0131\") veya s\u0131n\u0131rland\u0131r\u0131lmas\u0131<\/li><li>ki\u015fisel verilerinizin i\u015flenmesine itiraz etmek<\/li><li>veri ta\u015f\u0131nabilirli\u011fi (belirli ko\u015fullar alt\u0131nda)<\/li><li>Bu sayfan\u0131n alt k\u0131sm\u0131nda g\u00f6sterilen ileti\u015fim bilgileri hakk\u0131nda veya Danimarka Veri Koruma Ajans\u0131'na (Datatilsynet) \u015fikayette bulunun<\/li><\/ul><p>Ki\u015fisel verileriniz r\u0131zan\u0131za dayan\u0131larak i\u015fleniyorsa r\u0131zan\u0131z\u0131 istedi\u011finiz zaman geri \u00e7ekebilirsiniz.<\/p><p>Politika 01.05.2020 tarihinde g\u00fcncellenmi\u015ftir.<\/p><\/div>\t\t\t\t\t\t<\/div>\n\t\t\t\t<\/div>\n\t\t\t\t<\/div>\n\t\t\t\t<\/div>\n\t\t\t\t<\/div>","protected":false},"excerpt":{"rendered":"<p>Privacy Policy This privacy policy sets out how CFC Construction and Foundries Chemicals A\/S uses and protects any information that you give us when you use this website, any social media profile operated by CFC Construction and Foundries Chemicals A\/S, or in any other way interacts with CFC Construction and Foundries Chemicals A\/S. If you [&hellip;]<\/p>","protected":false},"author":1,"featured_media":0,"parent":0,"menu_order":0,"comment_status":"closed","ping_status":"closed","template":"","meta":{"_acf_changed":false,"footnotes":""},"class_list":["post-1598","page","type-page","status-publish","hentry"],"blocksy_meta":[],"acf":[],"yoast_head":"<!-- This site is optimized with the Yoast SEO Premium plugin v22.0 (Yoast SEO v26.1.1) - https:\/\/yoast.com\/wordpress\/plugins\/seo\/ -->\n<title>Privacy Policy - CFC Egypt<\/title>\n<meta name=\"robots\" content=\"index, follow, max-snippet:-1, max-image-preview:large, max-video-preview:-1\" \/>\n<link rel=\"canonical\" href=\"https:\/\/cfcegypt.com\/tr\/gizlilik-politikasi\/\" \/>\n<meta property=\"og:locale\" content=\"tr_TR\" \/>\n<meta property=\"og:type\" content=\"article\" \/>\n<meta property=\"og:title\" content=\"Privacy Policy\" \/>\n<meta property=\"og:description\" content=\"Privacy Policy This privacy policy sets out how CFC Construction and Foundries Chemicals A\/S uses and protects any information that you give us when you use this website, any social media profile operated by CFC Construction and Foundries Chemicals A\/S, or in any other way interacts with CFC Construction and Foundries Chemicals A\/S. If you [&hellip;]\" \/>\n<meta property=\"og:url\" content=\"https:\/\/cfcegypt.com\/tr\/gizlilik-politikasi\/\" \/>\n<meta property=\"og:site_name\" content=\"CFC Egypt\" \/>\n<meta property=\"article:publisher\" content=\"https:\/\/www.facebook.com\/CFCEGYPT\/\" \/>\n<meta property=\"article:modified_time\" content=\"2024-05-29T08:45:34+00:00\" \/>\n<meta name=\"twitter:card\" content=\"summary_large_image\" \/>\n<meta name=\"twitter:label1\" content=\"Tahmini okuma s\u00fcresi\" \/>\n\t<meta name=\"twitter:data1\" content=\"4 dakika\" \/>\n<script type=\"application\/ld+json\" class=\"yoast-schema-graph\">{\"@context\":\"https:\/\/schema.org\",\"@graph\":[{\"@type\":\"WebPage\",\"@id\":\"https:\/\/cfcegypt.com\/privacy-policy\/\",\"url\":\"https:\/\/cfcegypt.com\/privacy-policy\/\",\"name\":\"Privacy Policy - CFC Egypt\",\"isPartOf\":{\"@id\":\"https:\/\/cfcegypt.com\/#website\"},\"datePublished\":\"2024-03-14T22:16:10+00:00\",\"dateModified\":\"2024-05-29T08:45:34+00:00\",\"breadcrumb\":{\"@id\":\"https:\/\/cfcegypt.com\/privacy-policy\/#breadcrumb\"},\"inLanguage\":\"tr\",\"potentialAction\":[{\"@type\":\"ReadAction\",\"target\":[\"https:\/\/cfcegypt.com\/privacy-policy\/\"]}]},{\"@type\":\"BreadcrumbList\",\"@id\":\"https:\/\/cfcegypt.com\/privacy-policy\/#breadcrumb\",\"itemListElement\":[{\"@type\":\"ListItem\",\"position\":1,\"name\":\"Home\",\"item\":\"https:\/\/cfcegypt.com\/\"},{\"@type\":\"ListItem\",\"position\":2,\"name\":\"Privacy Policy\"}]},{\"@type\":\"WebSite\",\"@id\":\"https:\/\/cfcegypt.com\/#website\",\"url\":\"https:\/\/cfcegypt.com\/\",\"name\":\"CFC Egypt\",\"description\":\"\",\"publisher\":{\"@id\":\"https:\/\/cfcegypt.com\/#organization\"},\"potentialAction\":[{\"@type\":\"SearchAction\",\"target\":{\"@type\":\"EntryPoint\",\"urlTemplate\":\"https:\/\/cfcegypt.com\/?s={search_term_string}\"},\"query-input\":{\"@type\":\"PropertyValueSpecification\",\"valueRequired\":true,\"valueName\":\"search_term_string\"}}],\"inLanguage\":\"tr\"},{\"@type\":\"Organization\",\"@id\":\"https:\/\/cfcegypt.com\/#organization\",\"name\":\"Construction & Foundries Chemicals Industrial Co.\",\"url\":\"https:\/\/cfcegypt.com\/\",\"logo\":{\"@type\":\"ImageObject\",\"inLanguage\":\"tr\",\"@id\":\"https:\/\/cfcegypt.com\/#\/schema\/logo\/image\/\",\"url\":\"https:\/\/cfcegypt.com\/wp-content\/uploads\/2024\/02\/CFC-Transparent-Logo-e1707911341304.png\",\"contentUrl\":\"https:\/\/cfcegypt.com\/wp-content\/uploads\/2024\/02\/CFC-Transparent-Logo-e1707911341304.png\",\"width\":131,\"height\":85,\"caption\":\"Construction & Foundries Chemicals Industrial Co.\"},\"image\":{\"@id\":\"https:\/\/cfcegypt.com\/#\/schema\/logo\/image\/\"},\"sameAs\":[\"https:\/\/www.facebook.com\/CFCEGYPT\/\",\"https:\/\/www.instagram.com\/cfc_construction_foundries\/\",\"https:\/\/www.linkedin.com\/in\/cfc-construction-and-foundries-chemicals-092b81255\/\"]}]}<\/script>\n<!-- \/ Yoast SEO Premium plugin. -->","yoast_head_json":{"title":"Privacy Policy - CFC Egypt","robots":{"index":"index","follow":"follow","max-snippet":"max-snippet:-1","max-image-preview":"max-image-preview:large","max-video-preview":"max-video-preview:-1"},"canonical":"https:\/\/cfcegypt.com\/tr\/gizlilik-politikasi\/","og_locale":"tr_TR","og_type":"article","og_title":"Privacy Policy","og_description":"Privacy Policy This privacy policy sets out how CFC Construction and Foundries Chemicals A\/S uses and protects any information that you give us when you use this website, any social media profile operated by CFC Construction and Foundries Chemicals A\/S, or in any other way interacts with CFC Construction and Foundries Chemicals A\/S. If you [&hellip;]","og_url":"https:\/\/cfcegypt.com\/tr\/gizlilik-politikasi\/","og_site_name":"CFC Egypt","article_publisher":"https:\/\/www.facebook.com\/CFCEGYPT\/","article_modified_time":"2024-05-29T08:45:34+00:00","twitter_card":"summary_large_image","twitter_misc":{"Tahmini okuma s\u00fcresi":"4 dakika"},"schema":{"@context":"https:\/\/schema.org","@graph":[{"@type":"WebPage","@id":"https:\/\/cfcegypt.com\/privacy-policy\/","url":"https:\/\/cfcegypt.com\/privacy-policy\/","name":"Privacy Policy - CFC Egypt","isPartOf":{"@id":"https:\/\/cfcegypt.com\/#website"},"datePublished":"2024-03-14T22:16:10+00:00","dateModified":"2024-05-29T08:45:34+00:00","breadcrumb":{"@id":"https:\/\/cfcegypt.com\/privacy-policy\/#breadcrumb"},"inLanguage":"tr","potentialAction":[{"@type":"ReadAction","target":["https:\/\/cfcegypt.com\/privacy-policy\/"]}]},{"@type":"BreadcrumbList","@id":"https:\/\/cfcegypt.com\/privacy-policy\/#breadcrumb","itemListElement":[{"@type":"ListItem","position":1,"name":"Home","item":"https:\/\/cfcegypt.com\/"},{"@type":"ListItem","position":2,"name":"Privacy Policy"}]},{"@type":"WebSite","@id":"https:\/\/cfcegypt.com\/#website","url":"https:\/\/cfcegypt.com\/","name":"CFC Egypt","description":"","publisher":{"@id":"https:\/\/cfcegypt.com\/#organization"},"potentialAction":[{"@type":"SearchAction","target":{"@type":"EntryPoint","urlTemplate":"https:\/\/cfcegypt.com\/?s={search_term_string}"},"query-input":{"@type":"PropertyValueSpecification","valueRequired":true,"valueName":"search_term_string"}}],"inLanguage":"tr"},{"@type":"Organization","@id":"https:\/\/cfcegypt.com\/#organization","name":"Construction & Foundries Chemicals Industrial Co.","url":"https:\/\/cfcegypt.com\/","logo":{"@type":"ImageObject","inLanguage":"tr","@id":"https:\/\/cfcegypt.com\/#\/schema\/logo\/image\/","url":"https:\/\/cfcegypt.com\/wp-content\/uploads\/2024\/02\/CFC-Transparent-Logo-e1707911341304.png","contentUrl":"https:\/\/cfcegypt.com\/wp-content\/uploads\/2024\/02\/CFC-Transparent-Logo-e1707911341304.png","width":131,"height":85,"caption":"Construction & Foundries Chemicals Industrial Co."},"image":{"@id":"https:\/\/cfcegypt.com\/#\/schema\/logo\/image\/"},"sameAs":["https:\/\/www.facebook.com\/CFCEGYPT\/","https:\/\/www.instagram.com\/cfc_construction_foundries\/","https:\/\/www.linkedin.com\/in\/cfc-construction-and-foundries-chemicals-092b81255\/"]}]}},"_links":{"self":[{"href":"https:\/\/cfcegypt.com\/tr\/wp-json\/wp\/v2\/pages\/1598","targetHints":{"allow":["GET"]}}],"collection":[{"href":"https:\/\/cfcegypt.com\/tr\/wp-json\/wp\/v2\/pages"}],"about":[{"href":"https:\/\/cfcegypt.com\/tr\/wp-json\/wp\/v2\/types\/page"}],"author":[{"embeddable":true,"href":"https:\/\/cfcegypt.com\/tr\/wp-json\/wp\/v2\/users\/1"}],"replies":[{"embeddable":true,"href":"https:\/\/cfcegypt.com\/tr\/wp-json\/wp\/v2\/comments?post=1598"}],"version-history":[{"count":3,"href":"https:\/\/cfcegypt.com\/tr\/wp-json\/wp\/v2\/pages\/1598\/revisions"}],"predecessor-version":[{"id":4000,"href":"https:\/\/cfcegypt.com\/tr\/wp-json\/wp\/v2\/pages\/1598\/revisions\/4000"}],"wp:attachment":[{"href":"https:\/\/cfcegypt.com\/tr\/wp-json\/wp\/v2\/media?parent=1598"}],"curies":[{"name":"wp","href":"https:\/\/api.w.org\/{rel}","templated":true}]}}