{"id":1595,"date":"2024-03-14T22:16:01","date_gmt":"2024-03-14T22:16:01","guid":{"rendered":"https:\/\/cfc.rehbars.com\/?page_id=1595"},"modified":"2024-05-28T19:20:50","modified_gmt":"2024-05-28T19:20:50","slug":"people","status":"publish","type":"page","link":"https:\/\/cfcegypt.com\/tr\/insanlar\/","title":{"rendered":"\u0130nsanlar"},"content":{"rendered":"<div data-elementor-type=\"wp-page\" data-elementor-id=\"1595\" class=\"elementor elementor-1595\" data-elementor-post-type=\"page\">\n\t\t\t\t<div data-dce-background-color=\"#124254\" class=\"elementor-element elementor-element-32438de e-con-full e-flex e-con e-parent\" data-id=\"32438de\" data-element_type=\"container\" data-settings=\"{&quot;background_background&quot;:&quot;classic&quot;}\">\n\t\t<div class=\"elementor-element elementor-element-ac3d1c5 e-con-full e-flex e-con e-child\" data-id=\"ac3d1c5\" data-element_type=\"container\">\n\t\t\t\t<div class=\"elementor-element elementor-element-1790091 elementor-widget__width-initial elementor-widget elementor-widget-heading\" data-id=\"1790091\" data-element_type=\"widget\" data-widget_type=\"heading.default\">\n\t\t\t\t<div class=\"elementor-widget-container\">\n\t\t\t<style>\/*! elementor - v3.23.0 - 05-08-2024 *\/\n.elementor-heading-title{padding:0;margin:0;line-height:1}.elementor-widget-heading .elementor-heading-title[class*=elementor-size-]>a{color:inherit;font-size:inherit;line-height:inherit}.elementor-widget-heading .elementor-heading-title.elementor-size-small{font-size:15px}.elementor-widget-heading .elementor-heading-title.elementor-size-medium{font-size:19px}.elementor-widget-heading .elementor-heading-title.elementor-size-large{font-size:29px}.elementor-widget-heading .elementor-heading-title.elementor-size-xl{font-size:39px}.elementor-widget-heading .elementor-heading-title.elementor-size-xxl{font-size:59px}<\/style><h2 class=\"elementor-heading-title elementor-size-default\">\u00c7al\u0131\u015fanlar\u0131m\u0131z\n<\/h2>\t\t<\/div>\n\t\t\t\t<\/div>\n\t\t\t\t<\/div>\n\t\t<div class=\"elementor-element elementor-element-2cdd312 e-con-full e-flex e-con e-child\" data-id=\"2cdd312\" data-element_type=\"container\">\n\t\t\t\t<div class=\"elementor-element elementor-element-f669499 elementor-widget elementor-widget-heading\" data-id=\"f669499\" data-element_type=\"widget\" data-widget_type=\"heading.default\">\n\t\t\t\t<div class=\"elementor-widget-container\">\n\t\t\t<p class=\"elementor-heading-title elementor-size-default\">Ba\u015far\u0131m\u0131z\u0131n ard\u0131ndaki \u00e7e\u015fitli ve yetenekli ekibi kutluyor, i\u015fbirli\u011fi k\u00fclt\u00fcr\u00fcm\u00fcz\u00fc, yenilik\u00e7ili\u011fi ve s\u00fcrekli \u00f6\u011frenmeyi vurguluyoruz. Bireysel geli\u015fim hikayelerini, ekip ba\u015far\u0131lar\u0131n\u0131 ve herkesin geli\u015febilece\u011fi destekleyici ve kapsay\u0131c\u0131 bir ortam yaratma konusundaki kararl\u0131l\u0131\u011f\u0131m\u0131z\u0131 sergiliyor. Bu sayfa, misyonumuzu ve de\u011ferlerimizi ileriye ta\u015f\u0131yarak bizi sekt\u00f6r\u00fcm\u00fczde lider yapma konusunda \u00e7al\u0131\u015fanlar\u0131m\u0131z\u0131n \u00f6neminin alt\u0131n\u0131 \u00e7izmektedir.<\/p>\t\t<\/div>\n\t\t\t\t<\/div>\n\t\t\t\t<\/div>\n\t\t\t\t<\/div>\n\t\t<div class=\"elementor-element elementor-element-2bfe011 e-con-full e-flex e-con e-parent\" data-id=\"2bfe011\" data-element_type=\"container\">\n\t\t\t\t<div class=\"elementor-element elementor-element-2fec847 dce_masking-none elementor-widget elementor-widget-image\" data-id=\"2fec847\" data-element_type=\"widget\" data-widget_type=\"image.default\">\n\t\t\t\t<div class=\"elementor-widget-container\">\n\t\t\t<style>\/*! elementor - v3.23.0 - 05-08-2024 *\/\n.elementor-widget-image{text-align:center}.elementor-widget-image a{display:inline-block}.elementor-widget-image a img[src$=\".svg\"]{width:48px}.elementor-widget-image img{vertical-align:middle;display:inline-block}<\/style>\t\t\t\t\t\t\t\t\t\t<img fetchpriority=\"high\" decoding=\"async\" width=\"2560\" height=\"1920\" src=\"https:\/\/cfcegypt.com\/wp-content\/uploads\/2024\/03\/EE07CE60-CE9D-4FB7-8589-AE6D783D8894-scaled.jpg\" class=\"attachment-full size-full wp-image-2706\" alt=\"\" srcset=\"https:\/\/cfcegypt.com\/wp-content\/uploads\/2024\/03\/EE07CE60-CE9D-4FB7-8589-AE6D783D8894-scaled.jpg 2560w, https:\/\/cfcegypt.com\/wp-content\/uploads\/2024\/03\/EE07CE60-CE9D-4FB7-8589-AE6D783D8894-300x225.jpg 300w, https:\/\/cfcegypt.com\/wp-content\/uploads\/2024\/03\/EE07CE60-CE9D-4FB7-8589-AE6D783D8894-1024x768.jpg 1024w, https:\/\/cfcegypt.com\/wp-content\/uploads\/2024\/03\/EE07CE60-CE9D-4FB7-8589-AE6D783D8894-768x576.jpg 768w, https:\/\/cfcegypt.com\/wp-content\/uploads\/2024\/03\/EE07CE60-CE9D-4FB7-8589-AE6D783D8894-1536x1152.jpg 1536w, https:\/\/cfcegypt.com\/wp-content\/uploads\/2024\/03\/EE07CE60-CE9D-4FB7-8589-AE6D783D8894-2048x1536.jpg 2048w\" sizes=\"(max-width: 2560px) 100vw, 2560px\" \/>\t\t\t\t\t\t\t\t\t\t\t\t\t<\/div>\n\t\t\t\t<\/div>\n\t\t\t\t<\/div>\n\t\t<div class=\"elementor-element elementor-element-e677d64 e-con-full e-flex e-con e-parent\" data-id=\"e677d64\" data-element_type=\"container\">\n\t\t<div class=\"elementor-element elementor-element-50f3b43 e-con-full e-flex e-con e-child\" data-id=\"50f3b43\" data-element_type=\"container\">\n\t\t\t\t<div class=\"elementor-element elementor-element-8fc46a7 elementor-widget elementor-widget-heading\" data-id=\"8fc46a7\" data-element_type=\"widget\" data-widget_type=\"heading.default\">\n\t\t\t\t<div class=\"elementor-widget-container\">\n\t\t\t<h2 class=\"elementor-heading-title elementor-size-default\">Hakk\u0131m\u0131zda<\/h2>\t\t<\/div>\n\t\t\t\t<\/div>\n\t\t\t\t<div class=\"elementor-element elementor-element-d0ca1e1 elementor-widget elementor-widget-heading\" data-id=\"d0ca1e1\" data-element_type=\"widget\" data-widget_type=\"heading.default\">\n\t\t\t\t<div class=\"elementor-widget-container\">\n\t\t\t<p class=\"elementor-heading-title elementor-size-default\">CFC, yenilik\u00e7i kimyasallarla in\u015faat ve d\u00f6k\u00fcm sekt\u00f6rlerinde devrim yaratarak \u00fcretim ve ticarette lider konumdad\u0131r. Biz sadece tedarik\u00e7i de\u011filiz; y\u00fcksek kaliteli \u00fcretimi proje taleplerine ba\u011flayan \u00f6nc\u00fcy\u00fcz. Uzmanl\u0131\u011f\u0131m\u0131z, CFC ile end\u00fcstrilerin sadece b\u00fcy\u00fcmekle kalmay\u0131p ayn\u0131 zamanda yenilik yapmalar\u0131n\u0131 ve m\u00fckemmelle\u015fmelerini, yeni \u00f6l\u00e7\u00fctler belirlemelerini sa\u011flar.<\/p>\t\t<\/div>\n\t\t\t\t<\/div>\n\t\t\t\t<div data-dce-background-color=\"#C2212E\" class=\"elementor-element elementor-element-c4d4d33 elementor-widget elementor-widget-button\" data-id=\"c4d4d33\" data-element_type=\"widget\" data-widget_type=\"button.default\">\n\t\t\t\t<div class=\"elementor-widget-container\">\n\t\t\t\t\t<div class=\"elementor-button-wrapper\">\n\t\t\t<a class=\"elementor-button elementor-button-link elementor-size-sm\" href=\"https:\/\/cfcegypt.com\/tr\/hakkimizda\/\">\n\t\t\t\t\t\t<span class=\"elementor-button-content-wrapper\">\n\t\t\t\t\t\t\t\t\t<span class=\"elementor-button-text\">Hakk\u0131m\u0131zda<\/span>\n\t\t\t\t\t<\/span>\n\t\t\t\t\t<\/a>\n\t\t<\/div>\n\t\t\t\t<\/div>\n\t\t\t\t<\/div>\n\t\t\t\t<\/div>\n\t\t<div class=\"elementor-element elementor-element-ec95fff e-con-full e-flex e-con e-child\" data-id=\"ec95fff\" data-element_type=\"container\">\n\t\t\t\t<div data-dce-advanced-background-color=\"#124254\" class=\"elementor-element elementor-element-1dfcc06 dce_masking-none elementor-widget elementor-widget-image\" data-id=\"1dfcc06\" data-element_type=\"widget\" data-widget_type=\"image.default\">\n\t\t\t\t<div class=\"elementor-widget-container\">\n\t\t\t\t\t\t\t\t\t\t\t\t\t<img decoding=\"async\" width=\"691\" height=\"405\" src=\"https:\/\/cfcegypt.com\/wp-content\/uploads\/2024\/02\/CFC-Logo-White.png\" class=\"attachment-large size-large wp-image-2499\" alt=\"\" srcset=\"https:\/\/cfcegypt.com\/wp-content\/uploads\/2024\/02\/CFC-Logo-White.png 691w, https:\/\/cfcegypt.com\/wp-content\/uploads\/2024\/02\/CFC-Logo-White-300x176.png 300w\" sizes=\"(max-width: 691px) 100vw, 691px\" \/>\t\t\t\t\t\t\t\t\t\t\t\t\t<\/div>\n\t\t\t\t<\/div>\n\t\t\t\t<\/div>\n\t\t\t\t<\/div>\n\t\t\t\t<\/div>","protected":false},"excerpt":{"rendered":"<p>Our People We celebrates the diverse and talented team behind our success, emphasizing our culture of collaboration, innovation, and continuous learning. It showcases stories of individual growth, team achievements, and our commitment to creating a supportive and inclusive environment where everyone can thrive. This page underlines the importance of our people in driving forward our [&hellip;]<\/p>","protected":false},"author":1,"featured_media":0,"parent":0,"menu_order":0,"comment_status":"closed","ping_status":"closed","template":"","meta":{"_acf_changed":false,"footnotes":""},"class_list":["post-1595","page","type-page","status-publish","hentry"],"blocksy_meta":[],"acf":[],"yoast_head":"<!-- This site is optimized with the Yoast SEO Premium plugin v22.0 (Yoast SEO v26.1.1) - https:\/\/yoast.com\/wordpress\/plugins\/seo\/ -->\n<title>People - CFC Egypt<\/title>\n<meta name=\"robots\" content=\"index, follow, max-snippet:-1, max-image-preview:large, max-video-preview:-1\" \/>\n<link rel=\"canonical\" href=\"https:\/\/cfcegypt.com\/tr\/insanlar\/\" \/>\n<meta property=\"og:locale\" content=\"tr_TR\" \/>\n<meta property=\"og:type\" content=\"article\" \/>\n<meta property=\"og:title\" content=\"People\" \/>\n<meta property=\"og:description\" content=\"Our People We celebrates the diverse and talented team behind our success, emphasizing our culture of collaboration, innovation, and continuous learning. It showcases stories of individual growth, team achievements, and our commitment to creating a supportive and inclusive environment where everyone can thrive. This page underlines the importance of our people in driving forward our [&hellip;]\" \/>\n<meta property=\"og:url\" content=\"https:\/\/cfcegypt.com\/tr\/insanlar\/\" \/>\n<meta property=\"og:site_name\" content=\"CFC Egypt\" \/>\n<meta property=\"article:publisher\" content=\"https:\/\/www.facebook.com\/CFCEGYPT\/\" \/>\n<meta property=\"article:modified_time\" content=\"2024-05-28T19:20:50+00:00\" \/>\n<meta property=\"og:image\" content=\"https:\/\/cfcegypt.com\/wp-content\/uploads\/2024\/03\/EE07CE60-CE9D-4FB7-8589-AE6D783D8894-scaled.jpg\" \/>\n<meta name=\"twitter:card\" content=\"summary_large_image\" \/>\n<meta name=\"twitter:label1\" content=\"Tahmini okuma s\u00fcresi\" \/>\n\t<meta name=\"twitter:data1\" content=\"1 dakika\" \/>\n<script type=\"application\/ld+json\" class=\"yoast-schema-graph\">{\"@context\":\"https:\/\/schema.org\",\"@graph\":[{\"@type\":\"WebPage\",\"@id\":\"https:\/\/cfcegypt.com\/people\/\",\"url\":\"https:\/\/cfcegypt.com\/people\/\",\"name\":\"People - CFC Egypt\",\"isPartOf\":{\"@id\":\"https:\/\/cfcegypt.com\/#website\"},\"primaryImageOfPage\":{\"@id\":\"https:\/\/cfcegypt.com\/people\/#primaryimage\"},\"image\":{\"@id\":\"https:\/\/cfcegypt.com\/people\/#primaryimage\"},\"thumbnailUrl\":\"https:\/\/cfcegypt.com\/wp-content\/uploads\/2024\/03\/EE07CE60-CE9D-4FB7-8589-AE6D783D8894-scaled.jpg\",\"datePublished\":\"2024-03-14T22:16:01+00:00\",\"dateModified\":\"2024-05-28T19:20:50+00:00\",\"breadcrumb\":{\"@id\":\"https:\/\/cfcegypt.com\/people\/#breadcrumb\"},\"inLanguage\":\"tr\",\"potentialAction\":[{\"@type\":\"ReadAction\",\"target\":[\"https:\/\/cfcegypt.com\/people\/\"]}]},{\"@type\":\"ImageObject\",\"inLanguage\":\"tr\",\"@id\":\"https:\/\/cfcegypt.com\/people\/#primaryimage\",\"url\":\"https:\/\/cfcegypt.com\/wp-content\/uploads\/2024\/03\/EE07CE60-CE9D-4FB7-8589-AE6D783D8894-scaled.jpg\",\"contentUrl\":\"https:\/\/cfcegypt.com\/wp-content\/uploads\/2024\/03\/EE07CE60-CE9D-4FB7-8589-AE6D783D8894-scaled.jpg\"},{\"@type\":\"BreadcrumbList\",\"@id\":\"https:\/\/cfcegypt.com\/people\/#breadcrumb\",\"itemListElement\":[{\"@type\":\"ListItem\",\"position\":1,\"name\":\"Home\",\"item\":\"https:\/\/cfcegypt.com\/\"},{\"@type\":\"ListItem\",\"position\":2,\"name\":\"People\"}]},{\"@type\":\"WebSite\",\"@id\":\"https:\/\/cfcegypt.com\/#website\",\"url\":\"https:\/\/cfcegypt.com\/\",\"name\":\"CFC Egypt\",\"description\":\"\",\"publisher\":{\"@id\":\"https:\/\/cfcegypt.com\/#organization\"},\"potentialAction\":[{\"@type\":\"SearchAction\",\"target\":{\"@type\":\"EntryPoint\",\"urlTemplate\":\"https:\/\/cfcegypt.com\/?s={search_term_string}\"},\"query-input\":{\"@type\":\"PropertyValueSpecification\",\"valueRequired\":true,\"valueName\":\"search_term_string\"}}],\"inLanguage\":\"tr\"},{\"@type\":\"Organization\",\"@id\":\"https:\/\/cfcegypt.com\/#organization\",\"name\":\"Construction & Foundries Chemicals Industrial Co.\",\"url\":\"https:\/\/cfcegypt.com\/\",\"logo\":{\"@type\":\"ImageObject\",\"inLanguage\":\"tr\",\"@id\":\"https:\/\/cfcegypt.com\/#\/schema\/logo\/image\/\",\"url\":\"https:\/\/cfcegypt.com\/wp-content\/uploads\/2024\/02\/CFC-Transparent-Logo-e1707911341304.png\",\"contentUrl\":\"https:\/\/cfcegypt.com\/wp-content\/uploads\/2024\/02\/CFC-Transparent-Logo-e1707911341304.png\",\"width\":131,\"height\":85,\"caption\":\"Construction & Foundries Chemicals Industrial Co.\"},\"image\":{\"@id\":\"https:\/\/cfcegypt.com\/#\/schema\/logo\/image\/\"},\"sameAs\":[\"https:\/\/www.facebook.com\/CFCEGYPT\/\",\"https:\/\/www.instagram.com\/cfc_construction_foundries\/\",\"https:\/\/www.linkedin.com\/in\/cfc-construction-and-foundries-chemicals-092b81255\/\"]}]}<\/script>\n<!-- \/ Yoast SEO Premium plugin. -->","yoast_head_json":{"title":"People - CFC Egypt","robots":{"index":"index","follow":"follow","max-snippet":"max-snippet:-1","max-image-preview":"max-image-preview:large","max-video-preview":"max-video-preview:-1"},"canonical":"https:\/\/cfcegypt.com\/tr\/insanlar\/","og_locale":"tr_TR","og_type":"article","og_title":"People","og_description":"Our People We celebrates the diverse and talented team behind our success, emphasizing our culture of collaboration, innovation, and continuous learning. It showcases stories of individual growth, team achievements, and our commitment to creating a supportive and inclusive environment where everyone can thrive. This page underlines the importance of our people in driving forward our [&hellip;]","og_url":"https:\/\/cfcegypt.com\/tr\/insanlar\/","og_site_name":"CFC Egypt","article_publisher":"https:\/\/www.facebook.com\/CFCEGYPT\/","article_modified_time":"2024-05-28T19:20:50+00:00","og_image":[{"url":"https:\/\/cfcegypt.com\/wp-content\/uploads\/2024\/03\/EE07CE60-CE9D-4FB7-8589-AE6D783D8894-scaled.jpg","type":"","width":"","height":""}],"twitter_card":"summary_large_image","twitter_misc":{"Tahmini okuma s\u00fcresi":"1 dakika"},"schema":{"@context":"https:\/\/schema.org","@graph":[{"@type":"WebPage","@id":"https:\/\/cfcegypt.com\/people\/","url":"https:\/\/cfcegypt.com\/people\/","name":"People - CFC Egypt","isPartOf":{"@id":"https:\/\/cfcegypt.com\/#website"},"primaryImageOfPage":{"@id":"https:\/\/cfcegypt.com\/people\/#primaryimage"},"image":{"@id":"https:\/\/cfcegypt.com\/people\/#primaryimage"},"thumbnailUrl":"https:\/\/cfcegypt.com\/wp-content\/uploads\/2024\/03\/EE07CE60-CE9D-4FB7-8589-AE6D783D8894-scaled.jpg","datePublished":"2024-03-14T22:16:01+00:00","dateModified":"2024-05-28T19:20:50+00:00","breadcrumb":{"@id":"https:\/\/cfcegypt.com\/people\/#breadcrumb"},"inLanguage":"tr","potentialAction":[{"@type":"ReadAction","target":["https:\/\/cfcegypt.com\/people\/"]}]},{"@type":"ImageObject","inLanguage":"tr","@id":"https:\/\/cfcegypt.com\/people\/#primaryimage","url":"https:\/\/cfcegypt.com\/wp-content\/uploads\/2024\/03\/EE07CE60-CE9D-4FB7-8589-AE6D783D8894-scaled.jpg","contentUrl":"https:\/\/cfcegypt.com\/wp-content\/uploads\/2024\/03\/EE07CE60-CE9D-4FB7-8589-AE6D783D8894-scaled.jpg"},{"@type":"BreadcrumbList","@id":"https:\/\/cfcegypt.com\/people\/#breadcrumb","itemListElement":[{"@type":"ListItem","position":1,"name":"Home","item":"https:\/\/cfcegypt.com\/"},{"@type":"ListItem","position":2,"name":"People"}]},{"@type":"WebSite","@id":"https:\/\/cfcegypt.com\/#website","url":"https:\/\/cfcegypt.com\/","name":"CFC Egypt","description":"","publisher":{"@id":"https:\/\/cfcegypt.com\/#organization"},"potentialAction":[{"@type":"SearchAction","target":{"@type":"EntryPoint","urlTemplate":"https:\/\/cfcegypt.com\/?s={search_term_string}"},"query-input":{"@type":"PropertyValueSpecification","valueRequired":true,"valueName":"search_term_string"}}],"inLanguage":"tr"},{"@type":"Organization","@id":"https:\/\/cfcegypt.com\/#organization","name":"Construction & Foundries Chemicals Industrial Co.","url":"https:\/\/cfcegypt.com\/","logo":{"@type":"ImageObject","inLanguage":"tr","@id":"https:\/\/cfcegypt.com\/#\/schema\/logo\/image\/","url":"https:\/\/cfcegypt.com\/wp-content\/uploads\/2024\/02\/CFC-Transparent-Logo-e1707911341304.png","contentUrl":"https:\/\/cfcegypt.com\/wp-content\/uploads\/2024\/02\/CFC-Transparent-Logo-e1707911341304.png","width":131,"height":85,"caption":"Construction & Foundries Chemicals Industrial Co."},"image":{"@id":"https:\/\/cfcegypt.com\/#\/schema\/logo\/image\/"},"sameAs":["https:\/\/www.facebook.com\/CFCEGYPT\/","https:\/\/www.instagram.com\/cfc_construction_foundries\/","https:\/\/www.linkedin.com\/in\/cfc-construction-and-foundries-chemicals-092b81255\/"]}]}},"_links":{"self":[{"href":"https:\/\/cfcegypt.com\/tr\/wp-json\/wp\/v2\/pages\/1595","targetHints":{"allow":["GET"]}}],"collection":[{"href":"https:\/\/cfcegypt.com\/tr\/wp-json\/wp\/v2\/pages"}],"about":[{"href":"https:\/\/cfcegypt.com\/tr\/wp-json\/wp\/v2\/types\/page"}],"author":[{"embeddable":true,"href":"https:\/\/cfcegypt.com\/tr\/wp-json\/wp\/v2\/users\/1"}],"replies":[{"embeddable":true,"href":"https:\/\/cfcegypt.com\/tr\/wp-json\/wp\/v2\/comments?post=1595"}],"version-history":[{"count":3,"href":"https:\/\/cfcegypt.com\/tr\/wp-json\/wp\/v2\/pages\/1595\/revisions"}],"predecessor-version":[{"id":3997,"href":"https:\/\/cfcegypt.com\/tr\/wp-json\/wp\/v2\/pages\/1595\/revisions\/3997"}],"wp:attachment":[{"href":"https:\/\/cfcegypt.com\/tr\/wp-json\/wp\/v2\/media?parent=1595"}],"curies":[{"name":"wp","href":"https:\/\/api.w.org\/{rel}","templated":true}]}}