{"id":1501,"date":"2024-03-14T19:38:02","date_gmt":"2024-03-14T19:38:02","guid":{"rendered":"https:\/\/cfc.rehbars.com\/?page_id=1501"},"modified":"2024-04-04T22:23:32","modified_gmt":"2024-04-04T22:23:32","slug":"research-development","status":"publish","type":"page","link":"https:\/\/cfcegypt.com\/tr\/hakkimizda\/arastirma-gelistirme\/","title":{"rendered":"Research &#038; Development"},"content":{"rendered":"<div data-elementor-type=\"wp-page\" data-elementor-id=\"1501\" class=\"elementor elementor-1501\" data-elementor-post-type=\"page\">\n\t\t\t\t<div data-dce-background-color=\"#124254\" class=\"elementor-element elementor-element-e491d7c e-con-full e-flex e-con e-parent\" data-id=\"e491d7c\" data-element_type=\"container\" data-settings=\"{&quot;background_background&quot;:&quot;classic&quot;}\">\n\t\t<div class=\"elementor-element elementor-element-0691c8a e-con-full e-flex e-con e-child\" data-id=\"0691c8a\" data-element_type=\"container\">\n\t\t\t\t<div class=\"elementor-element elementor-element-d55681b elementor-widget__width-initial elementor-widget elementor-widget-heading\" data-id=\"d55681b\" data-element_type=\"widget\" data-widget_type=\"heading.default\">\n\t\t\t\t<div class=\"elementor-widget-container\">\n\t\t\t<style>\/*! elementor - v3.23.0 - 05-08-2024 *\/\n.elementor-heading-title{padding:0;margin:0;line-height:1}.elementor-widget-heading .elementor-heading-title[class*=elementor-size-]>a{color:inherit;font-size:inherit;line-height:inherit}.elementor-widget-heading .elementor-heading-title.elementor-size-small{font-size:15px}.elementor-widget-heading .elementor-heading-title.elementor-size-medium{font-size:19px}.elementor-widget-heading .elementor-heading-title.elementor-size-large{font-size:29px}.elementor-widget-heading .elementor-heading-title.elementor-size-xl{font-size:39px}.elementor-widget-heading .elementor-heading-title.elementor-size-xxl{font-size:59px}<\/style><h2 class=\"elementor-heading-title elementor-size-default\">Ara\u015ft\u0131rma ve Geli\u015ftirme (R&amp;D)<\/h2>\t\t<\/div>\n\t\t\t\t<\/div>\n\t\t\t\t<\/div>\n\t\t<div class=\"elementor-element elementor-element-dced294 e-con-full e-flex e-con e-child\" data-id=\"dced294\" data-element_type=\"container\">\n\t\t\t\t<div class=\"elementor-element elementor-element-ba284f6 elementor-widget elementor-widget-heading\" data-id=\"ba284f6\" data-element_type=\"widget\" data-widget_type=\"heading.default\">\n\t\t\t\t<div class=\"elementor-widget-container\">\n\t\t\t<p class=\"elementor-heading-title elementor-size-default\">Ara\u015ft\u0131rma ve Geli\u015ftirme (R&amp;D) sayfas\u0131, \u00fcr\u00fcnlerimizin ve s\u00fcre\u00e7lerimizin s\u00fcrekli ara\u015ft\u0131r\u0131lmas\u0131 ve iyile\u015ftirilmesi yoluyla yenili\u011fe ve end\u00fcstri standartlar\u0131n\u0131n geli\u015ftirilmesine olan ba\u011fl\u0131l\u0131\u011f\u0131m\u0131z\u0131 vurgulamaktad\u0131r. Ekibimizin yeni teknolojilere, malzemelere ve uygulamalara \u00f6nc\u00fcl\u00fck etme \u00e7abalar\u0131n\u0131 sergiliyor ve karma\u015f\u0131k zorluklar\u0131 \u00e7\u00f6zme ve ilerlemeyi art\u0131rma konusundaki kararl\u0131l\u0131\u011f\u0131m\u0131z\u0131n alt\u0131n\u0131 \u00e7iziyor. Bu sayfada Ar-Ge giri\u015fimlerimizin h\u0131zla geli\u015fen bir pazarda s\u00fcrd\u00fcr\u00fclebilir ilerlemelere ve m\u00fc\u015fteri ba\u015far\u0131s\u0131na nas\u0131l katk\u0131da bulundu\u011fu g\u00f6sterilmektedir.<\/p>\t\t<\/div>\n\t\t\t\t<\/div>\n\t\t\t\t<\/div>\n\t\t\t\t<\/div>\n\t\t<div class=\"elementor-element elementor-element-07e6ad0 e-con-full e-flex e-con e-parent\" data-id=\"07e6ad0\" data-element_type=\"container\">\n\t\t<div class=\"elementor-element elementor-element-7200d09 e-con-full e-flex e-con e-child\" data-id=\"7200d09\" data-element_type=\"container\">\n\t\t\t\t<div class=\"elementor-element elementor-element-b296838 dce_masking-none elementor-widget elementor-widget-image\" data-id=\"b296838\" data-element_type=\"widget\" data-widget_type=\"image.default\">\n\t\t\t\t<div class=\"elementor-widget-container\">\n\t\t\t<style>\/*! elementor - v3.23.0 - 05-08-2024 *\/\n.elementor-widget-image{text-align:center}.elementor-widget-image a{display:inline-block}.elementor-widget-image a img[src$=\".svg\"]{width:48px}.elementor-widget-image img{vertical-align:middle;display:inline-block}<\/style>\t\t\t\t\t\t\t\t\t\t<img fetchpriority=\"high\" decoding=\"async\" width=\"683\" height=\"1024\" src=\"https:\/\/cfcegypt.com\/wp-content\/uploads\/2024\/03\/children-learning-geography-study-concept-683x1024.jpg\" class=\"attachment-large size-large wp-image-1688\" alt=\"\" srcset=\"https:\/\/cfcegypt.com\/wp-content\/uploads\/2024\/03\/children-learning-geography-study-concept-683x1024.jpg 683w, https:\/\/cfcegypt.com\/wp-content\/uploads\/2024\/03\/children-learning-geography-study-concept-200x300.jpg 200w, https:\/\/cfcegypt.com\/wp-content\/uploads\/2024\/03\/children-learning-geography-study-concept-768x1152.jpg 768w, https:\/\/cfcegypt.com\/wp-content\/uploads\/2024\/03\/children-learning-geography-study-concept-1024x1536.jpg 1024w, https:\/\/cfcegypt.com\/wp-content\/uploads\/2024\/03\/children-learning-geography-study-concept-1365x2048.jpg 1365w, https:\/\/cfcegypt.com\/wp-content\/uploads\/2024\/03\/children-learning-geography-study-concept.jpg 1500w\" sizes=\"(max-width: 683px) 100vw, 683px\" \/>\t\t\t\t\t\t\t\t\t\t\t\t\t<\/div>\n\t\t\t\t<\/div>\n\t\t\t\t<\/div>\n\t\t<div class=\"elementor-element elementor-element-042ea38 e-con-full e-flex e-con e-child\" data-id=\"042ea38\" data-element_type=\"container\">\n\t\t\t\t<div class=\"elementor-element elementor-element-77822d8 elementor-widget elementor-widget-text-editor\" data-id=\"77822d8\" data-element_type=\"widget\" data-widget_type=\"text-editor.default\">\n\t\t\t\t<div class=\"elementor-widget-container\">\n\t\t\t<style>\/*! elementor - v3.23.0 - 05-08-2024 *\/\n.elementor-widget-text-editor.elementor-drop-cap-view-stacked .elementor-drop-cap{background-color:#69727d;color:#fff}.elementor-widget-text-editor.elementor-drop-cap-view-framed .elementor-drop-cap{color:#69727d;border:3px solid;background-color:transparent}.elementor-widget-text-editor:not(.elementor-drop-cap-view-default) .elementor-drop-cap{margin-top:8px}.elementor-widget-text-editor:not(.elementor-drop-cap-view-default) .elementor-drop-cap-letter{width:1em;height:1em}.elementor-widget-text-editor .elementor-drop-cap{float:left;text-align:center;line-height:1;font-size:50px}.elementor-widget-text-editor .elementor-drop-cap-letter{display:inline-block}<\/style>\t\t\t\t<div class=\"imTAJustify\"><p>Yenili\u011fin geli\u015fti\u011fi CFC'ye ho\u015f geldiniz. Ara\u015ft\u0131rma ve Geli\u015ftirme departman\u0131m\u0131z, yeni \u00fcr\u00fcnler geli\u015ftirme ve yenileme konusunda 20 y\u0131l\u0131 a\u015fk\u0131n deneyime sahip uzmanlardan olu\u015fan \u00f6zel bir ekibe sahiptir.<\/p><p>Pazarlama b\u00f6l\u00fcm\u00fcm\u00fczle kusursuz bir i\u015fbirli\u011fi i\u00e7inde olan ekibimiz, m\u00fc\u015fterilerimizin ihtiya\u00e7 ve beklentilerinin derinlemesine anla\u015f\u0131lmas\u0131n\u0131 sa\u011flar. \u0130ster belirli gereksinimleri kar\u015f\u0131lamak, ister \u00fcretkenli\u011fi art\u0131rmak i\u00e7in uygun maliyetli \u00e7\u00f6z\u00fcmlere \u00f6nc\u00fcl\u00fck etmek olsun, m\u00fc\u015fterilerimizin benzersiz zorluklar\u0131na yan\u0131t veren \u00fcr\u00fcnler sunmaya sars\u0131lmaz bir \u015fekilde kararl\u0131y\u0131z.<\/p><p>CFC olarak, s\u00fcrekli geli\u015fen pazar ortam\u0131na iyi haz\u0131rlanmak ve \u00e7a\u011f\u0131n ilerisinde kalmak i\u00e7in s\u00fcrekli \u00e7abalara \u00f6ncelik veriyoruz. Ara\u015ft\u0131rma ve geli\u015ftirmeye devam eden yat\u0131r\u0131mlar sayesinde sekt\u00f6r trendlerinin \u00f6n s\u0131ralar\u0131nda yer al\u0131yoruz, bu da maliyet azaltma hedeflerinin taleplerini kar\u015f\u0131lamam\u0131za ve geli\u015fen pazar ihtiya\u00e7lar\u0131na uyum sa\u011flamam\u0131za olanak tan\u0131yor.<\/p><p>R&amp;D konusundaki sars\u0131lmaz ba\u011fl\u0131l\u0131\u011f\u0131m\u0131z, yenili\u011fe olan ba\u011fl\u0131l\u0131\u011f\u0131m\u0131z\u0131n ve m\u00fc\u015fterilerimize en ileri \u00e7\u00f6z\u00fcmleri sunma \u00e7abam\u0131z\u0131n bir kan\u0131t\u0131d\u0131r. Proaktif kalarak ve pazar dinamiklerine duyarl\u0131 kalarak, rekabet avantaj\u0131m\u0131z\u0131 s\u00fcrd\u00fcr\u00fcyor ve de\u011ferli m\u00fc\u015fterilerimizin beklentilerini s\u00fcrekli olarak a\u015f\u0131yoruz. CFC'de \u00fcr\u00fcn inovasyonunda m\u00fckemmellik standartlar\u0131n\u0131 yeniden tan\u0131mlarken bize kat\u0131l\u0131n.<\/p><\/div>\t\t\t\t\t\t<\/div>\n\t\t\t\t<\/div>\n\t\t\t\t<\/div>\n\t\t\t\t<\/div>\n\t\t\t\t<\/div>","protected":false},"excerpt":{"rendered":"<p>Research &#038; Development (R&#038;D) The Research &#038; Development (R&#038;D) page highlights our dedication to innovation and the advancement of industry standards through continuous exploration and improvement of our products and processes. It showcases our team&#8217;s efforts in pioneering new technologies, materials, and applications, underscoring our commitment to solving complex challenges and driving progress. This page [&hellip;]<\/p>","protected":false},"author":1,"featured_media":0,"parent":35,"menu_order":0,"comment_status":"closed","ping_status":"closed","template":"","meta":{"_acf_changed":false,"footnotes":""},"class_list":["post-1501","page","type-page","status-publish","hentry"],"blocksy_meta":[],"acf":[],"yoast_head":"<!-- This site is optimized with the Yoast SEO Premium plugin v22.0 (Yoast SEO v26.1.1) - https:\/\/yoast.com\/wordpress\/plugins\/seo\/ -->\n<title>Research &amp; Development - CFC Egypt<\/title>\n<meta name=\"robots\" content=\"index, follow, max-snippet:-1, max-image-preview:large, max-video-preview:-1\" \/>\n<link rel=\"canonical\" href=\"https:\/\/cfcegypt.com\/tr\/hakkimizda\/arastirma-gelistirme\/\" \/>\n<meta property=\"og:locale\" content=\"tr_TR\" \/>\n<meta property=\"og:type\" content=\"article\" \/>\n<meta property=\"og:title\" content=\"Research &amp; Development\" \/>\n<meta property=\"og:description\" content=\"Research &#038; Development (R&#038;D) The Research &#038; Development (R&#038;D) page highlights our dedication to innovation and the advancement of industry standards through continuous exploration and improvement of our products and processes. It showcases our team&#8217;s efforts in pioneering new technologies, materials, and applications, underscoring our commitment to solving complex challenges and driving progress. This page [&hellip;]\" \/>\n<meta property=\"og:url\" content=\"https:\/\/cfcegypt.com\/tr\/hakkimizda\/arastirma-gelistirme\/\" \/>\n<meta property=\"og:site_name\" content=\"CFC Egypt\" \/>\n<meta property=\"article:publisher\" content=\"https:\/\/www.facebook.com\/CFCEGYPT\/\" \/>\n<meta property=\"article:modified_time\" content=\"2024-04-04T22:23:32+00:00\" \/>\n<meta property=\"og:image\" content=\"https:\/\/cfcegypt.com\/wp-content\/uploads\/2024\/03\/children-learning-geography-study-concept-683x1024.jpg\" \/>\n<meta name=\"twitter:card\" content=\"summary_large_image\" \/>\n<meta name=\"twitter:label1\" content=\"Tahmini okuma s\u00fcresi\" \/>\n\t<meta name=\"twitter:data1\" content=\"2 dakika\" \/>\n<script type=\"application\/ld+json\" class=\"yoast-schema-graph\">{\"@context\":\"https:\/\/schema.org\",\"@graph\":[{\"@type\":\"WebPage\",\"@id\":\"https:\/\/cfcegypt.com\/about-us\/research-development\/\",\"url\":\"https:\/\/cfcegypt.com\/about-us\/research-development\/\",\"name\":\"Research & Development - CFC Egypt\",\"isPartOf\":{\"@id\":\"https:\/\/cfcegypt.com\/#website\"},\"primaryImageOfPage\":{\"@id\":\"https:\/\/cfcegypt.com\/about-us\/research-development\/#primaryimage\"},\"image\":{\"@id\":\"https:\/\/cfcegypt.com\/about-us\/research-development\/#primaryimage\"},\"thumbnailUrl\":\"https:\/\/cfcegypt.com\/wp-content\/uploads\/2024\/03\/children-learning-geography-study-concept-683x1024.jpg\",\"datePublished\":\"2024-03-14T19:38:02+00:00\",\"dateModified\":\"2024-04-04T22:23:32+00:00\",\"breadcrumb\":{\"@id\":\"https:\/\/cfcegypt.com\/about-us\/research-development\/#breadcrumb\"},\"inLanguage\":\"tr\",\"potentialAction\":[{\"@type\":\"ReadAction\",\"target\":[\"https:\/\/cfcegypt.com\/about-us\/research-development\/\"]}]},{\"@type\":\"ImageObject\",\"inLanguage\":\"tr\",\"@id\":\"https:\/\/cfcegypt.com\/about-us\/research-development\/#primaryimage\",\"url\":\"https:\/\/cfcegypt.com\/wp-content\/uploads\/2024\/03\/children-learning-geography-study-concept-683x1024.jpg\",\"contentUrl\":\"https:\/\/cfcegypt.com\/wp-content\/uploads\/2024\/03\/children-learning-geography-study-concept-683x1024.jpg\"},{\"@type\":\"BreadcrumbList\",\"@id\":\"https:\/\/cfcegypt.com\/about-us\/research-development\/#breadcrumb\",\"itemListElement\":[{\"@type\":\"ListItem\",\"position\":1,\"name\":\"Home\",\"item\":\"https:\/\/cfcegypt.com\/\"},{\"@type\":\"ListItem\",\"position\":2,\"name\":\"About us\",\"item\":\"https:\/\/cfcegypt.com\/about-us\/\"},{\"@type\":\"ListItem\",\"position\":3,\"name\":\"Research &#038; Development\"}]},{\"@type\":\"WebSite\",\"@id\":\"https:\/\/cfcegypt.com\/#website\",\"url\":\"https:\/\/cfcegypt.com\/\",\"name\":\"CFC Egypt\",\"description\":\"\",\"publisher\":{\"@id\":\"https:\/\/cfcegypt.com\/#organization\"},\"potentialAction\":[{\"@type\":\"SearchAction\",\"target\":{\"@type\":\"EntryPoint\",\"urlTemplate\":\"https:\/\/cfcegypt.com\/?s={search_term_string}\"},\"query-input\":{\"@type\":\"PropertyValueSpecification\",\"valueRequired\":true,\"valueName\":\"search_term_string\"}}],\"inLanguage\":\"tr\"},{\"@type\":\"Organization\",\"@id\":\"https:\/\/cfcegypt.com\/#organization\",\"name\":\"Construction & Foundries Chemicals Industrial Co.\",\"url\":\"https:\/\/cfcegypt.com\/\",\"logo\":{\"@type\":\"ImageObject\",\"inLanguage\":\"tr\",\"@id\":\"https:\/\/cfcegypt.com\/#\/schema\/logo\/image\/\",\"url\":\"https:\/\/cfcegypt.com\/wp-content\/uploads\/2024\/02\/CFC-Transparent-Logo-e1707911341304.png\",\"contentUrl\":\"https:\/\/cfcegypt.com\/wp-content\/uploads\/2024\/02\/CFC-Transparent-Logo-e1707911341304.png\",\"width\":131,\"height\":85,\"caption\":\"Construction & Foundries Chemicals Industrial Co.\"},\"image\":{\"@id\":\"https:\/\/cfcegypt.com\/#\/schema\/logo\/image\/\"},\"sameAs\":[\"https:\/\/www.facebook.com\/CFCEGYPT\/\",\"https:\/\/www.instagram.com\/cfc_construction_foundries\/\",\"https:\/\/www.linkedin.com\/in\/cfc-construction-and-foundries-chemicals-092b81255\/\"]}]}<\/script>\n<!-- \/ Yoast SEO Premium plugin. -->","yoast_head_json":{"title":"Research & Development - CFC Egypt","robots":{"index":"index","follow":"follow","max-snippet":"max-snippet:-1","max-image-preview":"max-image-preview:large","max-video-preview":"max-video-preview:-1"},"canonical":"https:\/\/cfcegypt.com\/tr\/hakkimizda\/arastirma-gelistirme\/","og_locale":"tr_TR","og_type":"article","og_title":"Research & Development","og_description":"Research &#038; Development (R&#038;D) The Research &#038; Development (R&#038;D) page highlights our dedication to innovation and the advancement of industry standards through continuous exploration and improvement of our products and processes. It showcases our team&#8217;s efforts in pioneering new technologies, materials, and applications, underscoring our commitment to solving complex challenges and driving progress. This page [&hellip;]","og_url":"https:\/\/cfcegypt.com\/tr\/hakkimizda\/arastirma-gelistirme\/","og_site_name":"CFC Egypt","article_publisher":"https:\/\/www.facebook.com\/CFCEGYPT\/","article_modified_time":"2024-04-04T22:23:32+00:00","og_image":[{"url":"https:\/\/cfcegypt.com\/wp-content\/uploads\/2024\/03\/children-learning-geography-study-concept-683x1024.jpg","type":"","width":"","height":""}],"twitter_card":"summary_large_image","twitter_misc":{"Tahmini okuma s\u00fcresi":"2 dakika"},"schema":{"@context":"https:\/\/schema.org","@graph":[{"@type":"WebPage","@id":"https:\/\/cfcegypt.com\/about-us\/research-development\/","url":"https:\/\/cfcegypt.com\/about-us\/research-development\/","name":"Research & Development - CFC Egypt","isPartOf":{"@id":"https:\/\/cfcegypt.com\/#website"},"primaryImageOfPage":{"@id":"https:\/\/cfcegypt.com\/about-us\/research-development\/#primaryimage"},"image":{"@id":"https:\/\/cfcegypt.com\/about-us\/research-development\/#primaryimage"},"thumbnailUrl":"https:\/\/cfcegypt.com\/wp-content\/uploads\/2024\/03\/children-learning-geography-study-concept-683x1024.jpg","datePublished":"2024-03-14T19:38:02+00:00","dateModified":"2024-04-04T22:23:32+00:00","breadcrumb":{"@id":"https:\/\/cfcegypt.com\/about-us\/research-development\/#breadcrumb"},"inLanguage":"tr","potentialAction":[{"@type":"ReadAction","target":["https:\/\/cfcegypt.com\/about-us\/research-development\/"]}]},{"@type":"ImageObject","inLanguage":"tr","@id":"https:\/\/cfcegypt.com\/about-us\/research-development\/#primaryimage","url":"https:\/\/cfcegypt.com\/wp-content\/uploads\/2024\/03\/children-learning-geography-study-concept-683x1024.jpg","contentUrl":"https:\/\/cfcegypt.com\/wp-content\/uploads\/2024\/03\/children-learning-geography-study-concept-683x1024.jpg"},{"@type":"BreadcrumbList","@id":"https:\/\/cfcegypt.com\/about-us\/research-development\/#breadcrumb","itemListElement":[{"@type":"ListItem","position":1,"name":"Home","item":"https:\/\/cfcegypt.com\/"},{"@type":"ListItem","position":2,"name":"About us","item":"https:\/\/cfcegypt.com\/about-us\/"},{"@type":"ListItem","position":3,"name":"Research &#038; Development"}]},{"@type":"WebSite","@id":"https:\/\/cfcegypt.com\/#website","url":"https:\/\/cfcegypt.com\/","name":"CFC Egypt","description":"","publisher":{"@id":"https:\/\/cfcegypt.com\/#organization"},"potentialAction":[{"@type":"SearchAction","target":{"@type":"EntryPoint","urlTemplate":"https:\/\/cfcegypt.com\/?s={search_term_string}"},"query-input":{"@type":"PropertyValueSpecification","valueRequired":true,"valueName":"search_term_string"}}],"inLanguage":"tr"},{"@type":"Organization","@id":"https:\/\/cfcegypt.com\/#organization","name":"Construction & Foundries Chemicals Industrial Co.","url":"https:\/\/cfcegypt.com\/","logo":{"@type":"ImageObject","inLanguage":"tr","@id":"https:\/\/cfcegypt.com\/#\/schema\/logo\/image\/","url":"https:\/\/cfcegypt.com\/wp-content\/uploads\/2024\/02\/CFC-Transparent-Logo-e1707911341304.png","contentUrl":"https:\/\/cfcegypt.com\/wp-content\/uploads\/2024\/02\/CFC-Transparent-Logo-e1707911341304.png","width":131,"height":85,"caption":"Construction & Foundries Chemicals Industrial Co."},"image":{"@id":"https:\/\/cfcegypt.com\/#\/schema\/logo\/image\/"},"sameAs":["https:\/\/www.facebook.com\/CFCEGYPT\/","https:\/\/www.instagram.com\/cfc_construction_foundries\/","https:\/\/www.linkedin.com\/in\/cfc-construction-and-foundries-chemicals-092b81255\/"]}]}},"_links":{"self":[{"href":"https:\/\/cfcegypt.com\/tr\/wp-json\/wp\/v2\/pages\/1501","targetHints":{"allow":["GET"]}}],"collection":[{"href":"https:\/\/cfcegypt.com\/tr\/wp-json\/wp\/v2\/pages"}],"about":[{"href":"https:\/\/cfcegypt.com\/tr\/wp-json\/wp\/v2\/types\/page"}],"author":[{"embeddable":true,"href":"https:\/\/cfcegypt.com\/tr\/wp-json\/wp\/v2\/users\/1"}],"replies":[{"embeddable":true,"href":"https:\/\/cfcegypt.com\/tr\/wp-json\/wp\/v2\/comments?post=1501"}],"version-history":[{"count":0,"href":"https:\/\/cfcegypt.com\/tr\/wp-json\/wp\/v2\/pages\/1501\/revisions"}],"up":[{"embeddable":true,"href":"https:\/\/cfcegypt.com\/tr\/wp-json\/wp\/v2\/pages\/35"}],"wp:attachment":[{"href":"https:\/\/cfcegypt.com\/tr\/wp-json\/wp\/v2\/media?parent=1501"}],"curies":[{"name":"wp","href":"https:\/\/api.w.org\/{rel}","templated":true}]}}