{"id":1495,"date":"2024-03-14T19:37:24","date_gmt":"2024-03-14T19:37:24","guid":{"rendered":"https:\/\/cfc.rehbars.com\/?page_id=1495"},"modified":"2024-04-04T22:22:41","modified_gmt":"2024-04-04T22:22:41","slug":"quality-assurance","status":"publish","type":"page","link":"https:\/\/cfcegypt.com\/tr\/hakkimizda\/kalite-guvencesi\/","title":{"rendered":"Kalite g\u00fcvencesi"},"content":{"rendered":"<div data-elementor-type=\"wp-page\" data-elementor-id=\"1495\" class=\"elementor elementor-1495\" data-elementor-post-type=\"page\">\n\t\t\t\t<div data-dce-background-color=\"#124254\" class=\"elementor-element elementor-element-470a1c4 e-con-full e-flex e-con e-parent\" data-id=\"470a1c4\" data-element_type=\"container\" data-settings=\"{&quot;background_background&quot;:&quot;classic&quot;}\">\n\t\t<div class=\"elementor-element elementor-element-22204a3 e-con-full e-flex e-con e-child\" data-id=\"22204a3\" data-element_type=\"container\">\n\t\t\t\t<div class=\"elementor-element elementor-element-d318d00 elementor-widget__width-initial elementor-widget elementor-widget-heading\" data-id=\"d318d00\" data-element_type=\"widget\" data-widget_type=\"heading.default\">\n\t\t\t\t<div class=\"elementor-widget-container\">\n\t\t\t<style>\/*! elementor - v3.23.0 - 05-08-2024 *\/\n.elementor-heading-title{padding:0;margin:0;line-height:1}.elementor-widget-heading .elementor-heading-title[class*=elementor-size-]>a{color:inherit;font-size:inherit;line-height:inherit}.elementor-widget-heading .elementor-heading-title.elementor-size-small{font-size:15px}.elementor-widget-heading .elementor-heading-title.elementor-size-medium{font-size:19px}.elementor-widget-heading .elementor-heading-title.elementor-size-large{font-size:29px}.elementor-widget-heading .elementor-heading-title.elementor-size-xl{font-size:39px}.elementor-widget-heading .elementor-heading-title.elementor-size-xxl{font-size:59px}<\/style><h2 class=\"elementor-heading-title elementor-size-default\">Kalite g\u00fcvencesi<\/h2>\t\t<\/div>\n\t\t\t\t<\/div>\n\t\t\t\t<\/div>\n\t\t<div class=\"elementor-element elementor-element-14478c4 e-con-full e-flex e-con e-child\" data-id=\"14478c4\" data-element_type=\"container\">\n\t\t\t\t<div class=\"elementor-element elementor-element-00c7638 elementor-widget elementor-widget-heading\" data-id=\"00c7638\" data-element_type=\"widget\" data-widget_type=\"heading.default\">\n\t\t\t\t<div class=\"elementor-widget-container\">\n\t\t\t<p class=\"elementor-heading-title elementor-size-default\">Kalite G\u00fcvencesi sayfas\u0131, \u00fcr\u00fcn kalitesi ve g\u00fcvenli\u011finde en y\u00fcksek standartlar\u0131 sa\u011flama taahh\u00fcd\u00fcm\u00fcz\u00fcn ayr\u0131nt\u0131lar\u0131n\u0131 verir. G\u00fcvenilir ve \u00fcst\u00fcn \u00fcr\u00fcnler sunmak i\u00e7in s\u0131k\u0131 test s\u00fcre\u00e7lerimizi, end\u00fcstri d\u00fczenlemelerine ba\u011fl\u0131l\u0131\u011f\u0131m\u0131z\u0131 ve s\u00fcrekli iyile\u015ftirme \u00e7abalar\u0131m\u0131z\u0131 \u00f6zetlemektedir. Bu sayfa, i\u015fimizin her alan\u0131nda m\u00fckemmelli\u011fe ve m\u00fc\u015fteri memnuniyetine olan ba\u011fl\u0131l\u0131\u011f\u0131m\u0131z\u0131n bir kan\u0131t\u0131d\u0131r.<\/p>\t\t<\/div>\n\t\t\t\t<\/div>\n\t\t\t\t<\/div>\n\t\t\t\t<\/div>\n\t\t<div class=\"elementor-element elementor-element-1fa0df1 e-con-full e-flex e-con e-parent\" data-id=\"1fa0df1\" data-element_type=\"container\">\n\t\t<div class=\"elementor-element elementor-element-78be441 e-con-full e-flex e-con e-child\" data-id=\"78be441\" data-element_type=\"container\">\n\t\t\t\t<div class=\"elementor-element elementor-element-9d96368 dce_masking-none elementor-widget elementor-widget-image\" data-id=\"9d96368\" data-element_type=\"widget\" data-widget_type=\"image.default\">\n\t\t\t\t<div class=\"elementor-widget-container\">\n\t\t\t<style>\/*! elementor - v3.23.0 - 05-08-2024 *\/\n.elementor-widget-image{text-align:center}.elementor-widget-image a{display:inline-block}.elementor-widget-image a img[src$=\".svg\"]{width:48px}.elementor-widget-image img{vertical-align:middle;display:inline-block}<\/style>\t\t\t\t\t\t\t\t\t\t<img fetchpriority=\"high\" decoding=\"async\" width=\"684\" height=\"1024\" src=\"https:\/\/cfcegypt.com\/wp-content\/uploads\/2024\/03\/midsection-man-684x1024.jpg\" class=\"attachment-large size-large wp-image-1636\" alt=\"\" srcset=\"https:\/\/cfcegypt.com\/wp-content\/uploads\/2024\/03\/midsection-man-684x1024.jpg 684w, https:\/\/cfcegypt.com\/wp-content\/uploads\/2024\/03\/midsection-man-200x300.jpg 200w, https:\/\/cfcegypt.com\/wp-content\/uploads\/2024\/03\/midsection-man-768x1150.jpg 768w, https:\/\/cfcegypt.com\/wp-content\/uploads\/2024\/03\/midsection-man-1025x1536.jpg 1025w, https:\/\/cfcegypt.com\/wp-content\/uploads\/2024\/03\/midsection-man-1367x2048.jpg 1367w, https:\/\/cfcegypt.com\/wp-content\/uploads\/2024\/03\/midsection-man.jpg 1500w\" sizes=\"(max-width: 684px) 100vw, 684px\" \/>\t\t\t\t\t\t\t\t\t\t\t\t\t<\/div>\n\t\t\t\t<\/div>\n\t\t\t\t<\/div>\n\t\t<div class=\"elementor-element elementor-element-6f42f37 e-con-full e-flex e-con e-child\" data-id=\"6f42f37\" data-element_type=\"container\">\n\t\t\t\t<div class=\"elementor-element elementor-element-1034dce elementor-widget elementor-widget-text-editor\" data-id=\"1034dce\" data-element_type=\"widget\" data-widget_type=\"text-editor.default\">\n\t\t\t\t<div class=\"elementor-widget-container\">\n\t\t\t<style>\/*! elementor - v3.23.0 - 05-08-2024 *\/\n.elementor-widget-text-editor.elementor-drop-cap-view-stacked .elementor-drop-cap{background-color:#69727d;color:#fff}.elementor-widget-text-editor.elementor-drop-cap-view-framed .elementor-drop-cap{color:#69727d;border:3px solid;background-color:transparent}.elementor-widget-text-editor:not(.elementor-drop-cap-view-default) .elementor-drop-cap{margin-top:8px}.elementor-widget-text-editor:not(.elementor-drop-cap-view-default) .elementor-drop-cap-letter{width:1em;height:1em}.elementor-widget-text-editor .elementor-drop-cap{float:left;text-align:center;line-height:1;font-size:50px}.elementor-widget-text-editor .elementor-drop-cap-letter{display:inline-block}<\/style>\t\t\t\t<div><div class=\"imTAJustify translation-block\"><span class=\"fs12lh1-5 ff1\"><span class=\"cf1\">CFC<\/span> olarak, stratejik konseptlerimiz ve \u00fcretim s\u00fcre\u00e7lerimiz boyunca kalite g\u00fcvencesinde m\u00fckemmelli\u011fe \u00f6ncelik veriyoruz. \u00a0 \u00dcretim s\u00fcre\u00e7lerimizin tasar\u0131m\u0131ndan hedef ve standartlar\u0131n belirlenmesine kadar kalitenin \u00fcretim hatt\u0131 boyunca her noktada izlenmesini sa\u011fl\u0131yoruz. B\u00fct\u00fcnsel bak\u0131\u015f a\u00e7\u0131m\u0131z, kaliteye \u00f6ncelik veren sa\u011flam \u00fcretim kararlar\u0131 almam\u0131z\u0131 sa\u011flar.<\/span><\/div><div class=\"imTAJustify\">\u00a0<\/div><div class=\"imTAJustify\"><span class=\"fs12lh1-5 ff1\">\u00dcretim tasar\u0131m\u0131m\u0131zda sadeli\u011fin yan\u0131 s\u0131ra elimizdeki kaynaklar\u0131n kapsaml\u0131 bir \u015fekilde anla\u015f\u0131lmas\u0131n\u0131 da vurguluyoruz. Bu, i\u015f g\u00fcc\u00fcm\u00fcz\u00fcn beceri gruplar\u0131n\u0131n, ekipman performans bilgilerinin, pazar talebinin dikkate al\u0131nmas\u0131n\u0131 ve potansiyel darbo\u011fazlar\u0131n belirlenmesini i\u00e7erir. Bu ara\u00e7lardan yararlanarak s\u00fcre\u00e7lerimizin son derece g\u00fcvenilir olmas\u0131n\u0131 sa\u011flamay\u0131 ve hata olu\u015fumunu en aza indirmeyi hedefliyoruz.<\/span><\/div><div class=\"imTAJustify\">\u00a0<\/div><div class=\"imTAJustify translation-block\"><span class=\"fs12lh1-5 ff1\">Kalite kontrol\u00fcn\u00fcn kaliteli tedarik\u00e7ilerle ba\u015flad\u0131\u011f\u0131na kesinlikle inan\u0131yoruz. Ge\u00e7ti\u011fimiz <span class=\"cf1\">20 y\u0131l<\/span> boyunca, s\u00fcrekli olarak g\u00fcvenilir hammaddeler sa\u011flayan tedarik\u00e7ilerle g\u00fc\u00e7l\u00fc ve g\u00fcvenilir ili\u015fkiler geli\u015ftirerek \u00fcretim s\u00fcrecimizin istikrar\u0131n\u0131 sa\u011flad\u0131k. Ayr\u0131ca, gereksinimlerimizi kar\u015f\u0131lad\u0131klar\u0131n\u0131 do\u011frulamak i\u00e7in gelen malzemeler \u00fczerinde anl\u0131k kontroller ger\u00e7ekle\u015ftirerek kalite g\u00fcvence \u00f6nlemlerimizin etkinli\u011fini daha da art\u0131r\u0131yoruz.<\/span><\/div><div class=\"imTAJustify\">\u00a0<\/div><div class=\"imTAJustify\"><span class=\"fs12lh1-5 ff1\">Tedarik\u00e7i se\u00e7iminden \u00fcretim tasar\u0131m\u0131 ve izlemeye kadar operasyonlar\u0131m\u0131z\u0131n her a\u015famas\u0131nda kaliteye odaklanarak, y\u00fcksek standartlar\u0131 korumaya ve m\u00fc\u015fterilerimizin beklentilerini kar\u015f\u0131layan veya a\u015fan \u00fcr\u00fcnler sunmaya kendimizi adad\u0131k.<\/span><\/div><\/div>\t\t\t\t\t\t<\/div>\n\t\t\t\t<\/div>\n\t\t\t\t<\/div>\n\t\t\t\t<\/div>\n\t\t\t\t<\/div>","protected":false},"excerpt":{"rendered":"<p>Quality Assurance The Quality Assurance page details our commitment to ensuring the highest standards in product quality and safety. It outlines our rigorous testing processes, adherence to industry regulations, and continuous improvement efforts to deliver reliable and superior products. This page serves as a testament to our dedication to excellence and customer satisfaction in every [&hellip;]<\/p>","protected":false},"author":1,"featured_media":0,"parent":35,"menu_order":0,"comment_status":"closed","ping_status":"closed","template":"","meta":{"_acf_changed":false,"footnotes":""},"class_list":["post-1495","page","type-page","status-publish","hentry"],"blocksy_meta":[],"acf":[],"yoast_head":"<!-- This site is optimized with the Yoast SEO Premium plugin v22.0 (Yoast SEO v26.1.1) - https:\/\/yoast.com\/wordpress\/plugins\/seo\/ -->\n<title>Quality Assurance - CFC Egypt<\/title>\n<meta name=\"robots\" content=\"index, follow, max-snippet:-1, max-image-preview:large, max-video-preview:-1\" \/>\n<link rel=\"canonical\" href=\"https:\/\/cfcegypt.com\/tr\/hakkimizda\/kalite-guvencesi\/\" \/>\n<meta property=\"og:locale\" content=\"tr_TR\" \/>\n<meta property=\"og:type\" content=\"article\" \/>\n<meta property=\"og:title\" content=\"Quality Assurance\" \/>\n<meta property=\"og:description\" content=\"Quality Assurance The Quality Assurance page details our commitment to ensuring the highest standards in product quality and safety. It outlines our rigorous testing processes, adherence to industry regulations, and continuous improvement efforts to deliver reliable and superior products. This page serves as a testament to our dedication to excellence and customer satisfaction in every [&hellip;]\" \/>\n<meta property=\"og:url\" content=\"https:\/\/cfcegypt.com\/tr\/hakkimizda\/kalite-guvencesi\/\" \/>\n<meta property=\"og:site_name\" content=\"CFC Egypt\" \/>\n<meta property=\"article:publisher\" content=\"https:\/\/www.facebook.com\/CFCEGYPT\/\" \/>\n<meta property=\"article:modified_time\" content=\"2024-04-04T22:22:41+00:00\" \/>\n<meta property=\"og:image\" content=\"https:\/\/cfcegypt.com\/wp-content\/uploads\/2024\/03\/midsection-man-684x1024.jpg\" \/>\n<meta name=\"twitter:card\" content=\"summary_large_image\" \/>\n<meta name=\"twitter:label1\" content=\"Tahmini okuma s\u00fcresi\" \/>\n\t<meta name=\"twitter:data1\" content=\"2 dakika\" \/>\n<script type=\"application\/ld+json\" class=\"yoast-schema-graph\">{\"@context\":\"https:\/\/schema.org\",\"@graph\":[{\"@type\":\"WebPage\",\"@id\":\"https:\/\/cfcegypt.com\/about-us\/quality-assurance\/\",\"url\":\"https:\/\/cfcegypt.com\/about-us\/quality-assurance\/\",\"name\":\"Quality Assurance - CFC Egypt\",\"isPartOf\":{\"@id\":\"https:\/\/cfcegypt.com\/#website\"},\"primaryImageOfPage\":{\"@id\":\"https:\/\/cfcegypt.com\/about-us\/quality-assurance\/#primaryimage\"},\"image\":{\"@id\":\"https:\/\/cfcegypt.com\/about-us\/quality-assurance\/#primaryimage\"},\"thumbnailUrl\":\"https:\/\/cfcegypt.com\/wp-content\/uploads\/2024\/03\/midsection-man-684x1024.jpg\",\"datePublished\":\"2024-03-14T19:37:24+00:00\",\"dateModified\":\"2024-04-04T22:22:41+00:00\",\"breadcrumb\":{\"@id\":\"https:\/\/cfcegypt.com\/about-us\/quality-assurance\/#breadcrumb\"},\"inLanguage\":\"tr\",\"potentialAction\":[{\"@type\":\"ReadAction\",\"target\":[\"https:\/\/cfcegypt.com\/about-us\/quality-assurance\/\"]}]},{\"@type\":\"ImageObject\",\"inLanguage\":\"tr\",\"@id\":\"https:\/\/cfcegypt.com\/about-us\/quality-assurance\/#primaryimage\",\"url\":\"https:\/\/cfcegypt.com\/wp-content\/uploads\/2024\/03\/midsection-man-684x1024.jpg\",\"contentUrl\":\"https:\/\/cfcegypt.com\/wp-content\/uploads\/2024\/03\/midsection-man-684x1024.jpg\"},{\"@type\":\"BreadcrumbList\",\"@id\":\"https:\/\/cfcegypt.com\/about-us\/quality-assurance\/#breadcrumb\",\"itemListElement\":[{\"@type\":\"ListItem\",\"position\":1,\"name\":\"Home\",\"item\":\"https:\/\/cfcegypt.com\/\"},{\"@type\":\"ListItem\",\"position\":2,\"name\":\"About us\",\"item\":\"https:\/\/cfcegypt.com\/about-us\/\"},{\"@type\":\"ListItem\",\"position\":3,\"name\":\"Quality Assurance\"}]},{\"@type\":\"WebSite\",\"@id\":\"https:\/\/cfcegypt.com\/#website\",\"url\":\"https:\/\/cfcegypt.com\/\",\"name\":\"CFC Egypt\",\"description\":\"\",\"publisher\":{\"@id\":\"https:\/\/cfcegypt.com\/#organization\"},\"potentialAction\":[{\"@type\":\"SearchAction\",\"target\":{\"@type\":\"EntryPoint\",\"urlTemplate\":\"https:\/\/cfcegypt.com\/?s={search_term_string}\"},\"query-input\":{\"@type\":\"PropertyValueSpecification\",\"valueRequired\":true,\"valueName\":\"search_term_string\"}}],\"inLanguage\":\"tr\"},{\"@type\":\"Organization\",\"@id\":\"https:\/\/cfcegypt.com\/#organization\",\"name\":\"Construction & Foundries Chemicals Industrial Co.\",\"url\":\"https:\/\/cfcegypt.com\/\",\"logo\":{\"@type\":\"ImageObject\",\"inLanguage\":\"tr\",\"@id\":\"https:\/\/cfcegypt.com\/#\/schema\/logo\/image\/\",\"url\":\"https:\/\/cfcegypt.com\/wp-content\/uploads\/2024\/02\/CFC-Transparent-Logo-e1707911341304.png\",\"contentUrl\":\"https:\/\/cfcegypt.com\/wp-content\/uploads\/2024\/02\/CFC-Transparent-Logo-e1707911341304.png\",\"width\":131,\"height\":85,\"caption\":\"Construction & Foundries Chemicals Industrial Co.\"},\"image\":{\"@id\":\"https:\/\/cfcegypt.com\/#\/schema\/logo\/image\/\"},\"sameAs\":[\"https:\/\/www.facebook.com\/CFCEGYPT\/\",\"https:\/\/www.instagram.com\/cfc_construction_foundries\/\",\"https:\/\/www.linkedin.com\/in\/cfc-construction-and-foundries-chemicals-092b81255\/\"]}]}<\/script>\n<!-- \/ Yoast SEO Premium plugin. -->","yoast_head_json":{"title":"Quality Assurance - CFC Egypt","robots":{"index":"index","follow":"follow","max-snippet":"max-snippet:-1","max-image-preview":"max-image-preview:large","max-video-preview":"max-video-preview:-1"},"canonical":"https:\/\/cfcegypt.com\/tr\/hakkimizda\/kalite-guvencesi\/","og_locale":"tr_TR","og_type":"article","og_title":"Quality Assurance","og_description":"Quality Assurance The Quality Assurance page details our commitment to ensuring the highest standards in product quality and safety. It outlines our rigorous testing processes, adherence to industry regulations, and continuous improvement efforts to deliver reliable and superior products. This page serves as a testament to our dedication to excellence and customer satisfaction in every [&hellip;]","og_url":"https:\/\/cfcegypt.com\/tr\/hakkimizda\/kalite-guvencesi\/","og_site_name":"CFC Egypt","article_publisher":"https:\/\/www.facebook.com\/CFCEGYPT\/","article_modified_time":"2024-04-04T22:22:41+00:00","og_image":[{"url":"https:\/\/cfcegypt.com\/wp-content\/uploads\/2024\/03\/midsection-man-684x1024.jpg","type":"","width":"","height":""}],"twitter_card":"summary_large_image","twitter_misc":{"Tahmini okuma s\u00fcresi":"2 dakika"},"schema":{"@context":"https:\/\/schema.org","@graph":[{"@type":"WebPage","@id":"https:\/\/cfcegypt.com\/about-us\/quality-assurance\/","url":"https:\/\/cfcegypt.com\/about-us\/quality-assurance\/","name":"Quality Assurance - CFC Egypt","isPartOf":{"@id":"https:\/\/cfcegypt.com\/#website"},"primaryImageOfPage":{"@id":"https:\/\/cfcegypt.com\/about-us\/quality-assurance\/#primaryimage"},"image":{"@id":"https:\/\/cfcegypt.com\/about-us\/quality-assurance\/#primaryimage"},"thumbnailUrl":"https:\/\/cfcegypt.com\/wp-content\/uploads\/2024\/03\/midsection-man-684x1024.jpg","datePublished":"2024-03-14T19:37:24+00:00","dateModified":"2024-04-04T22:22:41+00:00","breadcrumb":{"@id":"https:\/\/cfcegypt.com\/about-us\/quality-assurance\/#breadcrumb"},"inLanguage":"tr","potentialAction":[{"@type":"ReadAction","target":["https:\/\/cfcegypt.com\/about-us\/quality-assurance\/"]}]},{"@type":"ImageObject","inLanguage":"tr","@id":"https:\/\/cfcegypt.com\/about-us\/quality-assurance\/#primaryimage","url":"https:\/\/cfcegypt.com\/wp-content\/uploads\/2024\/03\/midsection-man-684x1024.jpg","contentUrl":"https:\/\/cfcegypt.com\/wp-content\/uploads\/2024\/03\/midsection-man-684x1024.jpg"},{"@type":"BreadcrumbList","@id":"https:\/\/cfcegypt.com\/about-us\/quality-assurance\/#breadcrumb","itemListElement":[{"@type":"ListItem","position":1,"name":"Home","item":"https:\/\/cfcegypt.com\/"},{"@type":"ListItem","position":2,"name":"About us","item":"https:\/\/cfcegypt.com\/about-us\/"},{"@type":"ListItem","position":3,"name":"Quality Assurance"}]},{"@type":"WebSite","@id":"https:\/\/cfcegypt.com\/#website","url":"https:\/\/cfcegypt.com\/","name":"CFC Egypt","description":"","publisher":{"@id":"https:\/\/cfcegypt.com\/#organization"},"potentialAction":[{"@type":"SearchAction","target":{"@type":"EntryPoint","urlTemplate":"https:\/\/cfcegypt.com\/?s={search_term_string}"},"query-input":{"@type":"PropertyValueSpecification","valueRequired":true,"valueName":"search_term_string"}}],"inLanguage":"tr"},{"@type":"Organization","@id":"https:\/\/cfcegypt.com\/#organization","name":"Construction & Foundries Chemicals Industrial Co.","url":"https:\/\/cfcegypt.com\/","logo":{"@type":"ImageObject","inLanguage":"tr","@id":"https:\/\/cfcegypt.com\/#\/schema\/logo\/image\/","url":"https:\/\/cfcegypt.com\/wp-content\/uploads\/2024\/02\/CFC-Transparent-Logo-e1707911341304.png","contentUrl":"https:\/\/cfcegypt.com\/wp-content\/uploads\/2024\/02\/CFC-Transparent-Logo-e1707911341304.png","width":131,"height":85,"caption":"Construction & Foundries Chemicals Industrial Co."},"image":{"@id":"https:\/\/cfcegypt.com\/#\/schema\/logo\/image\/"},"sameAs":["https:\/\/www.facebook.com\/CFCEGYPT\/","https:\/\/www.instagram.com\/cfc_construction_foundries\/","https:\/\/www.linkedin.com\/in\/cfc-construction-and-foundries-chemicals-092b81255\/"]}]}},"_links":{"self":[{"href":"https:\/\/cfcegypt.com\/tr\/wp-json\/wp\/v2\/pages\/1495","targetHints":{"allow":["GET"]}}],"collection":[{"href":"https:\/\/cfcegypt.com\/tr\/wp-json\/wp\/v2\/pages"}],"about":[{"href":"https:\/\/cfcegypt.com\/tr\/wp-json\/wp\/v2\/types\/page"}],"author":[{"embeddable":true,"href":"https:\/\/cfcegypt.com\/tr\/wp-json\/wp\/v2\/users\/1"}],"replies":[{"embeddable":true,"href":"https:\/\/cfcegypt.com\/tr\/wp-json\/wp\/v2\/comments?post=1495"}],"version-history":[{"count":0,"href":"https:\/\/cfcegypt.com\/tr\/wp-json\/wp\/v2\/pages\/1495\/revisions"}],"up":[{"embeddable":true,"href":"https:\/\/cfcegypt.com\/tr\/wp-json\/wp\/v2\/pages\/35"}],"wp:attachment":[{"href":"https:\/\/cfcegypt.com\/tr\/wp-json\/wp\/v2\/media?parent=1495"}],"curies":[{"name":"wp","href":"https:\/\/api.w.org\/{rel}","templated":true}]}}