{"id":1158,"date":"2024-03-13T00:13:56","date_gmt":"2024-03-13T00:13:56","guid":{"rendered":"https:\/\/cfc.rehbars.com\/?page_id=1158"},"modified":"2024-04-21T12:03:58","modified_gmt":"2024-04-21T12:03:58","slug":"copper-treatment","status":"publish","type":"page","link":"https:\/\/cfcegypt.com\/tr\/urunler\/metalurji-kimyasallar\/demir-disi-metal-isleme\/bakir-tedavisi\/","title":{"rendered":"Bak\u0131r Tedavisi"},"content":{"rendered":"<div data-elementor-type=\"wp-page\" data-elementor-id=\"1158\" class=\"elementor elementor-1158\" data-elementor-post-type=\"page\">\n\t\t\t\t<div data-dce-background-color=\"#124254\" class=\"elementor-element elementor-element-02cf86a e-con-full e-flex e-con e-parent\" data-id=\"02cf86a\" data-element_type=\"container\" data-settings=\"{&quot;background_background&quot;:&quot;classic&quot;}\">\n\t\t<div class=\"elementor-element elementor-element-3d81364 e-con-full e-flex e-con e-child\" data-id=\"3d81364\" data-element_type=\"container\">\n\t\t\t\t<div class=\"elementor-element elementor-element-98875fd elementor-widget__width-initial elementor-widget elementor-widget-heading\" data-id=\"98875fd\" data-element_type=\"widget\" data-widget_type=\"heading.default\">\n\t\t\t\t<div class=\"elementor-widget-container\">\n\t\t\t<style>\/*! elementor - v3.23.0 - 05-08-2024 *\/\n.elementor-heading-title{padding:0;margin:0;line-height:1}.elementor-widget-heading .elementor-heading-title[class*=elementor-size-]>a{color:inherit;font-size:inherit;line-height:inherit}.elementor-widget-heading .elementor-heading-title.elementor-size-small{font-size:15px}.elementor-widget-heading .elementor-heading-title.elementor-size-medium{font-size:19px}.elementor-widget-heading .elementor-heading-title.elementor-size-large{font-size:29px}.elementor-widget-heading .elementor-heading-title.elementor-size-xl{font-size:39px}.elementor-widget-heading .elementor-heading-title.elementor-size-xxl{font-size:59px}<\/style><h2 class=\"elementor-heading-title elementor-size-default\">Bak\u0131r Tedavisi<\/h2>\t\t<\/div>\n\t\t\t\t<\/div>\n\t\t\t\t<\/div>\n\t\t<div class=\"elementor-element elementor-element-2a6aea1 e-con-full e-flex e-con e-child\" data-id=\"2a6aea1\" data-element_type=\"container\">\n\t\t\t\t<div class=\"elementor-element elementor-element-18a4935 elementor-widget elementor-widget-heading\" data-id=\"18a4935\" data-element_type=\"widget\" data-widget_type=\"heading.default\">\n\t\t\t\t<div class=\"elementor-widget-container\">\n\t\t\t<p class=\"elementor-heading-title elementor-size-default\">Bak\u0131r i\u015fleme, uygulamada daha iyi performans i\u00e7in \u00f6zelliklerini ve y\u00fczey durumunu iyile\u015ftirmeyi ama\u00e7layan \u00e7e\u015fitli i\u015flemleri i\u00e7erir.<\/p>\t\t<\/div>\n\t\t\t\t<\/div>\n\t\t\t\t<\/div>\n\t\t\t\t<\/div>\n\t\t<div class=\"elementor-element elementor-element-7f5a6b4 e-con-full e-flex e-con e-parent\" data-id=\"7f5a6b4\" data-element_type=\"container\">\n\t\t<div class=\"elementor-element elementor-element-e386a4b e-con-full e-flex e-con e-child\" data-id=\"e386a4b\" data-element_type=\"container\">\n\t\t\t\t<div class=\"elementor-element elementor-element-0342393 dce_masking-none elementor-widget elementor-widget-image\" data-id=\"0342393\" data-element_type=\"widget\" data-widget_type=\"image.default\">\n\t\t\t\t<div class=\"elementor-widget-container\">\n\t\t\t<style>\/*! elementor - v3.23.0 - 05-08-2024 *\/\n.elementor-widget-image{text-align:center}.elementor-widget-image a{display:inline-block}.elementor-widget-image a img[src$=\".svg\"]{width:48px}.elementor-widget-image img{vertical-align:middle;display:inline-block}<\/style>\t\t\t\t\t\t\t\t\t\t<img fetchpriority=\"high\" decoding=\"async\" width=\"1024\" height=\"585\" src=\"https:\/\/cfcegypt.com\/wp-content\/uploads\/2024\/04\/EGYSLAG-50--1024x585.jpg\" class=\"attachment-large size-large wp-image-3954\" alt=\"\" srcset=\"https:\/\/cfcegypt.com\/wp-content\/uploads\/2024\/04\/EGYSLAG-50--1024x585.jpg 1024w, https:\/\/cfcegypt.com\/wp-content\/uploads\/2024\/04\/EGYSLAG-50--300x171.jpg 300w, https:\/\/cfcegypt.com\/wp-content\/uploads\/2024\/04\/EGYSLAG-50--768x438.jpg 768w, https:\/\/cfcegypt.com\/wp-content\/uploads\/2024\/04\/EGYSLAG-50-.jpg 1051w\" sizes=\"(max-width: 1024px) 100vw, 1024px\" \/>\t\t\t\t\t\t\t\t\t\t\t\t\t<\/div>\n\t\t\t\t<\/div>\n\t\t\t\t<\/div>\n\t\t<div class=\"elementor-element elementor-element-9a0556f e-con-full e-flex e-con e-child\" data-id=\"9a0556f\" data-element_type=\"container\">\n\t\t\t\t<div class=\"elementor-element elementor-element-653f99f elementor-widget elementor-widget-heading\" data-id=\"653f99f\" data-element_type=\"widget\" data-widget_type=\"heading.default\">\n\t\t\t\t<div class=\"elementor-widget-container\">\n\t\t\t<h2 class=\"elementor-heading-title elementor-size-default\">Bak\u0131r ak\u0131lar\u0131 <\/h2>\t\t<\/div>\n\t\t\t\t<\/div>\n\t\t\t\t<div class=\"elementor-element elementor-element-ddd9e04 elementor-widget elementor-widget-heading\" data-id=\"ddd9e04\" data-element_type=\"widget\" data-widget_type=\"heading.default\">\n\t\t\t\t<div class=\"elementor-widget-container\">\n\t\t\t<p class=\"elementor-heading-title elementor-size-default\">Bak\u0131r Ak\u0131lar\u0131 b\u00f6l\u00fcm\u00fc, elektrik m\u00fchendisli\u011fi ve imalat alan\u0131ndaki uygulamalar i\u00e7in bak\u0131r i\u015flemeyi ve rafine etmeyi iyile\u015ftiren, safl\u0131\u011f\u0131 ve kaliteyi art\u0131ran maddelere odaklan\u0131r.<\/p>\t\t<\/div>\n\t\t\t\t<\/div>\n\t\t\t\t<div data-dce-background-color=\"#C2212E\" class=\"elementor-element elementor-element-57878dd elementor-widget elementor-widget-button\" data-id=\"57878dd\" data-element_type=\"widget\" data-widget_type=\"button.default\">\n\t\t\t\t<div class=\"elementor-widget-container\">\n\t\t\t\t\t<div class=\"elementor-button-wrapper\">\n\t\t\t<a class=\"elementor-button elementor-button-link elementor-size-sm\" href=\"https:\/\/cfcegypt.com\/tr\/urunler\/metalurji-kimyasallar\/demir-disi-metal-isleme\/bakir-tedavisi\/bakir-akilari\/\" target=\"_blank\">\n\t\t\t\t\t\t<span class=\"elementor-button-content-wrapper\">\n\t\t\t\t\t\t\t\t\t<span class=\"elementor-button-text\">Bak\u0131r ak\u0131lar\u0131 <\/span>\n\t\t\t\t\t<\/span>\n\t\t\t\t\t<\/a>\n\t\t<\/div>\n\t\t\t\t<\/div>\n\t\t\t\t<\/div>\n\t\t\t\t<\/div>\n\t\t\t\t<\/div>\n\t\t<div class=\"elementor-element elementor-element-3f5b35a e-con-full e-flex e-con e-parent\" data-id=\"3f5b35a\" data-element_type=\"container\">\n\t\t<div class=\"elementor-element elementor-element-5d54efc e-con-full e-flex e-con e-child\" data-id=\"5d54efc\" data-element_type=\"container\">\n\t\t\t\t<div class=\"elementor-element elementor-element-878e0dc elementor-widget elementor-widget-heading\" data-id=\"878e0dc\" data-element_type=\"widget\" data-widget_type=\"heading.default\">\n\t\t\t\t<div class=\"elementor-widget-container\">\n\t\t\t<h2 class=\"elementor-heading-title elementor-size-default\">Gaz giderme tableti<\/h2>\t\t<\/div>\n\t\t\t\t<\/div>\n\t\t\t\t<div class=\"elementor-element elementor-element-eaadd06 elementor-widget elementor-widget-heading\" data-id=\"eaadd06\" data-element_type=\"widget\" data-widget_type=\"heading.default\">\n\t\t\t\t<div class=\"elementor-widget-container\">\n\t\t\t<p class=\"elementor-heading-title elementor-size-default\">Gaz Giderme Tableti b\u00f6l\u00fcm\u00fc, metallerdeki gaz kirliliklerini temizleyen, kritik \u00fcretim s\u00fcre\u00e7lerinde kalitelerini ve performanslar\u0131n\u0131 art\u0131ran \u00fcr\u00fcnleri \u00f6ne \u00e7\u0131kar\u0131yor.<\/p>\t\t<\/div>\n\t\t\t\t<\/div>\n\t\t\t\t<div data-dce-background-color=\"#C2212E\" class=\"elementor-element elementor-element-3154a8b elementor-widget elementor-widget-button\" data-id=\"3154a8b\" data-element_type=\"widget\" data-widget_type=\"button.default\">\n\t\t\t\t<div class=\"elementor-widget-container\">\n\t\t\t\t\t<div class=\"elementor-button-wrapper\">\n\t\t\t<a class=\"elementor-button elementor-button-link elementor-size-sm\" href=\"https:\/\/cfcegypt.com\/tr\/urunler\/metalurji-kimyasallar\/demir-disi-metal-isleme\/bakir-tedavisi\/gaz-giderme-tableti\/\" target=\"_blank\">\n\t\t\t\t\t\t<span class=\"elementor-button-content-wrapper\">\n\t\t\t\t\t\t\t\t\t<span class=\"elementor-button-text\">Gaz giderme tableti<\/span>\n\t\t\t\t\t<\/span>\n\t\t\t\t\t<\/a>\n\t\t<\/div>\n\t\t\t\t<\/div>\n\t\t\t\t<\/div>\n\t\t\t\t<\/div>\n\t\t<div class=\"elementor-element elementor-element-9728969 e-con-full e-flex e-con e-child\" data-id=\"9728969\" data-element_type=\"container\">\n\t\t\t\t<div class=\"elementor-element elementor-element-0009314 dce_masking-none elementor-widget elementor-widget-image\" data-id=\"0009314\" data-element_type=\"widget\" data-widget_type=\"image.default\">\n\t\t\t\t<div class=\"elementor-widget-container\">\n\t\t\t\t\t\t\t\t\t\t\t\t\t<img decoding=\"async\" width=\"1024\" height=\"343\" src=\"https:\/\/cfcegypt.com\/wp-content\/uploads\/2024\/04\/EGYTAB-CU-2-1-1024x343.jpg\" class=\"attachment-large size-large wp-image-3948\" alt=\"\" srcset=\"https:\/\/cfcegypt.com\/wp-content\/uploads\/2024\/04\/EGYTAB-CU-2-1-1024x343.jpg 1024w, https:\/\/cfcegypt.com\/wp-content\/uploads\/2024\/04\/EGYTAB-CU-2-1-300x101.jpg 300w, https:\/\/cfcegypt.com\/wp-content\/uploads\/2024\/04\/EGYTAB-CU-2-1-768x258.jpg 768w, https:\/\/cfcegypt.com\/wp-content\/uploads\/2024\/04\/EGYTAB-CU-2-1-1536x515.jpg 1536w, https:\/\/cfcegypt.com\/wp-content\/uploads\/2024\/04\/EGYTAB-CU-2-1.jpg 1789w\" sizes=\"(max-width: 1024px) 100vw, 1024px\" \/>\t\t\t\t\t\t\t\t\t\t\t\t\t<\/div>\n\t\t\t\t<\/div>\n\t\t\t\t<\/div>\n\t\t\t\t<\/div>\n\t\t<div class=\"elementor-element elementor-element-3044f65 e-con-full e-flex e-con e-parent\" data-id=\"3044f65\" data-element_type=\"container\">\n\t\t<div data-dce-background-color=\"#124254\" data-dce-background-overlay-color=\"#000000\" class=\"elementor-element elementor-element-b786966 e-con-full e-flex e-con e-child\" data-id=\"b786966\" data-element_type=\"container\" data-settings=\"{&quot;background_background&quot;:&quot;classic&quot;}\">\n\t\t\t\t<div class=\"elementor-element elementor-element-cf5b509 elementor-widget elementor-widget-heading\" data-id=\"cf5b509\" data-element_type=\"widget\" data-widget_type=\"heading.default\">\n\t\t\t\t<div class=\"elementor-widget-container\">\n\t\t\t<h2 class=\"elementor-heading-title elementor-size-default\">Temasta olmak<\/h2>\t\t<\/div>\n\t\t\t\t<\/div>\n\t\t\t\t<div class=\"elementor-element elementor-element-e30b993 elementor-widget__width-initial elementor-widget elementor-widget-heading\" data-id=\"e30b993\" data-element_type=\"widget\" data-widget_type=\"heading.default\">\n\t\t\t\t<div class=\"elementor-widget-container\">\n\t\t\t<p class=\"elementor-heading-title elementor-size-default\">Bak\u0131r \u0130\u015flememiz hakk\u0131nda daha fazla bilgi edinmek ister misiniz? Sorunuzla bizimle ileti\u015fime ge\u00e7in.<\/p>\t\t<\/div>\n\t\t\t\t<\/div>\n\t\t\t\t<div data-dce-background-color=\"#FFFFFF\" class=\"elementor-element elementor-element-deb891e elementor-widget elementor-widget-button\" data-id=\"deb891e\" data-element_type=\"widget\" data-widget_type=\"button.default\">\n\t\t\t\t<div class=\"elementor-widget-container\">\n\t\t\t\t\t<div class=\"elementor-button-wrapper\">\n\t\t\t<a class=\"elementor-button elementor-button-link elementor-size-sm\" href=\"https:\/\/cfcegypt.com\/tr\/bize-ulasin\/\">\n\t\t\t\t\t\t<span class=\"elementor-button-content-wrapper\">\n\t\t\t\t\t\t\t\t\t<span class=\"elementor-button-text\">Bize Ula\u015f\u0131n<\/span>\n\t\t\t\t\t<\/span>\n\t\t\t\t\t<\/a>\n\t\t<\/div>\n\t\t\t\t<\/div>\n\t\t\t\t<\/div>\n\t\t\t\t<\/div>\n\t\t\t\t<\/div>\n\t\t\t\t<\/div>","protected":false},"excerpt":{"rendered":"<p>Copper Treatment Copper treatment involves various processes aimed at enhancing its properties and surface condition for better performance in application. Copper fluxes The Copper Fluxes section focuses on agents that improve copper processing and refining, enhancing purity and quality for applications in electrical engineering and manufacturing. Copper fluxes Degassing tablet The Degassing Tablet section highlights [&hellip;]<\/p>","protected":false},"author":1,"featured_media":0,"parent":405,"menu_order":0,"comment_status":"closed","ping_status":"closed","template":"","meta":{"_acf_changed":false,"footnotes":""},"class_list":["post-1158","page","type-page","status-publish","hentry"],"blocksy_meta":[],"acf":[],"yoast_head":"<!-- This site is optimized with the Yoast SEO Premium plugin v22.0 (Yoast SEO v26.1.1) - https:\/\/yoast.com\/wordpress\/plugins\/seo\/ -->\n<title>Copper Treatment - CFC Egypt<\/title>\n<meta name=\"robots\" content=\"index, follow, max-snippet:-1, max-image-preview:large, max-video-preview:-1\" \/>\n<link rel=\"canonical\" href=\"https:\/\/cfcegypt.com\/tr\/urunler\/metalurji-kimyasallar\/demir-disi-metal-isleme\/bakir-tedavisi\/\" \/>\n<meta property=\"og:locale\" content=\"tr_TR\" \/>\n<meta property=\"og:type\" content=\"article\" \/>\n<meta property=\"og:title\" content=\"Copper Treatment\" \/>\n<meta property=\"og:description\" content=\"Copper Treatment Copper treatment involves various processes aimed at enhancing its properties and surface condition for better performance in application. Copper fluxes The Copper Fluxes section focuses on agents that improve copper processing and refining, enhancing purity and quality for applications in electrical engineering and manufacturing. Copper fluxes Degassing tablet The Degassing Tablet section highlights [&hellip;]\" \/>\n<meta property=\"og:url\" content=\"https:\/\/cfcegypt.com\/tr\/urunler\/metalurji-kimyasallar\/demir-disi-metal-isleme\/bakir-tedavisi\/\" \/>\n<meta property=\"og:site_name\" content=\"CFC Egypt\" \/>\n<meta property=\"article:publisher\" content=\"https:\/\/www.facebook.com\/CFCEGYPT\/\" \/>\n<meta property=\"article:modified_time\" content=\"2024-04-21T12:03:58+00:00\" \/>\n<meta property=\"og:image\" content=\"https:\/\/cfcegypt.com\/wp-content\/uploads\/2024\/04\/EGYSLAG-50--1024x585.jpg\" \/>\n<meta name=\"twitter:card\" content=\"summary_large_image\" \/>\n<meta name=\"twitter:label1\" content=\"Tahmini okuma s\u00fcresi\" \/>\n\t<meta name=\"twitter:data1\" content=\"1 dakika\" \/>\n<script type=\"application\/ld+json\" class=\"yoast-schema-graph\">{\"@context\":\"https:\/\/schema.org\",\"@graph\":[{\"@type\":\"WebPage\",\"@id\":\"https:\/\/cfcegypt.com\/products\/metallurgical-chemicals\/non-ferrous-metal-treatment\/copper-treatment\/\",\"url\":\"https:\/\/cfcegypt.com\/products\/metallurgical-chemicals\/non-ferrous-metal-treatment\/copper-treatment\/\",\"name\":\"Copper Treatment - CFC Egypt\",\"isPartOf\":{\"@id\":\"https:\/\/cfcegypt.com\/#website\"},\"primaryImageOfPage\":{\"@id\":\"https:\/\/cfcegypt.com\/products\/metallurgical-chemicals\/non-ferrous-metal-treatment\/copper-treatment\/#primaryimage\"},\"image\":{\"@id\":\"https:\/\/cfcegypt.com\/products\/metallurgical-chemicals\/non-ferrous-metal-treatment\/copper-treatment\/#primaryimage\"},\"thumbnailUrl\":\"https:\/\/cfcegypt.com\/wp-content\/uploads\/2024\/04\/EGYSLAG-50--1024x585.jpg\",\"datePublished\":\"2024-03-13T00:13:56+00:00\",\"dateModified\":\"2024-04-21T12:03:58+00:00\",\"breadcrumb\":{\"@id\":\"https:\/\/cfcegypt.com\/products\/metallurgical-chemicals\/non-ferrous-metal-treatment\/copper-treatment\/#breadcrumb\"},\"inLanguage\":\"tr\",\"potentialAction\":[{\"@type\":\"ReadAction\",\"target\":[\"https:\/\/cfcegypt.com\/products\/metallurgical-chemicals\/non-ferrous-metal-treatment\/copper-treatment\/\"]}]},{\"@type\":\"ImageObject\",\"inLanguage\":\"tr\",\"@id\":\"https:\/\/cfcegypt.com\/products\/metallurgical-chemicals\/non-ferrous-metal-treatment\/copper-treatment\/#primaryimage\",\"url\":\"https:\/\/cfcegypt.com\/wp-content\/uploads\/2024\/04\/EGYSLAG-50--1024x585.jpg\",\"contentUrl\":\"https:\/\/cfcegypt.com\/wp-content\/uploads\/2024\/04\/EGYSLAG-50--1024x585.jpg\"},{\"@type\":\"BreadcrumbList\",\"@id\":\"https:\/\/cfcegypt.com\/products\/metallurgical-chemicals\/non-ferrous-metal-treatment\/copper-treatment\/#breadcrumb\",\"itemListElement\":[{\"@type\":\"ListItem\",\"position\":1,\"name\":\"Home\",\"item\":\"https:\/\/cfcegypt.com\/\"},{\"@type\":\"ListItem\",\"position\":2,\"name\":\"Products\",\"item\":\"https:\/\/cfcegypt.com\/products\/\"},{\"@type\":\"ListItem\",\"position\":3,\"name\":\"Metallurgical Chemicals\",\"item\":\"https:\/\/cfcegypt.com\/products\/metallurgical-chemicals\/\"},{\"@type\":\"ListItem\",\"position\":4,\"name\":\"Non-Ferrous Metal Treatment\",\"item\":\"https:\/\/cfcegypt.com\/products\/metallurgical-chemicals\/non-ferrous-metal-treatment\/\"},{\"@type\":\"ListItem\",\"position\":5,\"name\":\"Copper Treatment\"}]},{\"@type\":\"WebSite\",\"@id\":\"https:\/\/cfcegypt.com\/#website\",\"url\":\"https:\/\/cfcegypt.com\/\",\"name\":\"CFC Egypt\",\"description\":\"\",\"publisher\":{\"@id\":\"https:\/\/cfcegypt.com\/#organization\"},\"potentialAction\":[{\"@type\":\"SearchAction\",\"target\":{\"@type\":\"EntryPoint\",\"urlTemplate\":\"https:\/\/cfcegypt.com\/?s={search_term_string}\"},\"query-input\":{\"@type\":\"PropertyValueSpecification\",\"valueRequired\":true,\"valueName\":\"search_term_string\"}}],\"inLanguage\":\"tr\"},{\"@type\":\"Organization\",\"@id\":\"https:\/\/cfcegypt.com\/#organization\",\"name\":\"Construction & Foundries Chemicals Industrial Co.\",\"url\":\"https:\/\/cfcegypt.com\/\",\"logo\":{\"@type\":\"ImageObject\",\"inLanguage\":\"tr\",\"@id\":\"https:\/\/cfcegypt.com\/#\/schema\/logo\/image\/\",\"url\":\"https:\/\/cfcegypt.com\/wp-content\/uploads\/2024\/02\/CFC-Transparent-Logo-e1707911341304.png\",\"contentUrl\":\"https:\/\/cfcegypt.com\/wp-content\/uploads\/2024\/02\/CFC-Transparent-Logo-e1707911341304.png\",\"width\":131,\"height\":85,\"caption\":\"Construction & Foundries Chemicals Industrial Co.\"},\"image\":{\"@id\":\"https:\/\/cfcegypt.com\/#\/schema\/logo\/image\/\"},\"sameAs\":[\"https:\/\/www.facebook.com\/CFCEGYPT\/\",\"https:\/\/www.instagram.com\/cfc_construction_foundries\/\",\"https:\/\/www.linkedin.com\/in\/cfc-construction-and-foundries-chemicals-092b81255\/\"]}]}<\/script>\n<!-- \/ Yoast SEO Premium plugin. -->","yoast_head_json":{"title":"Copper Treatment - CFC Egypt","robots":{"index":"index","follow":"follow","max-snippet":"max-snippet:-1","max-image-preview":"max-image-preview:large","max-video-preview":"max-video-preview:-1"},"canonical":"https:\/\/cfcegypt.com\/tr\/urunler\/metalurji-kimyasallar\/demir-disi-metal-isleme\/bakir-tedavisi\/","og_locale":"tr_TR","og_type":"article","og_title":"Copper Treatment","og_description":"Copper Treatment Copper treatment involves various processes aimed at enhancing its properties and surface condition for better performance in application. Copper fluxes The Copper Fluxes section focuses on agents that improve copper processing and refining, enhancing purity and quality for applications in electrical engineering and manufacturing. Copper fluxes Degassing tablet The Degassing Tablet section highlights [&hellip;]","og_url":"https:\/\/cfcegypt.com\/tr\/urunler\/metalurji-kimyasallar\/demir-disi-metal-isleme\/bakir-tedavisi\/","og_site_name":"CFC Egypt","article_publisher":"https:\/\/www.facebook.com\/CFCEGYPT\/","article_modified_time":"2024-04-21T12:03:58+00:00","og_image":[{"url":"https:\/\/cfcegypt.com\/wp-content\/uploads\/2024\/04\/EGYSLAG-50--1024x585.jpg","type":"","width":"","height":""}],"twitter_card":"summary_large_image","twitter_misc":{"Tahmini okuma s\u00fcresi":"1 dakika"},"schema":{"@context":"https:\/\/schema.org","@graph":[{"@type":"WebPage","@id":"https:\/\/cfcegypt.com\/products\/metallurgical-chemicals\/non-ferrous-metal-treatment\/copper-treatment\/","url":"https:\/\/cfcegypt.com\/products\/metallurgical-chemicals\/non-ferrous-metal-treatment\/copper-treatment\/","name":"Copper Treatment - CFC Egypt","isPartOf":{"@id":"https:\/\/cfcegypt.com\/#website"},"primaryImageOfPage":{"@id":"https:\/\/cfcegypt.com\/products\/metallurgical-chemicals\/non-ferrous-metal-treatment\/copper-treatment\/#primaryimage"},"image":{"@id":"https:\/\/cfcegypt.com\/products\/metallurgical-chemicals\/non-ferrous-metal-treatment\/copper-treatment\/#primaryimage"},"thumbnailUrl":"https:\/\/cfcegypt.com\/wp-content\/uploads\/2024\/04\/EGYSLAG-50--1024x585.jpg","datePublished":"2024-03-13T00:13:56+00:00","dateModified":"2024-04-21T12:03:58+00:00","breadcrumb":{"@id":"https:\/\/cfcegypt.com\/products\/metallurgical-chemicals\/non-ferrous-metal-treatment\/copper-treatment\/#breadcrumb"},"inLanguage":"tr","potentialAction":[{"@type":"ReadAction","target":["https:\/\/cfcegypt.com\/products\/metallurgical-chemicals\/non-ferrous-metal-treatment\/copper-treatment\/"]}]},{"@type":"ImageObject","inLanguage":"tr","@id":"https:\/\/cfcegypt.com\/products\/metallurgical-chemicals\/non-ferrous-metal-treatment\/copper-treatment\/#primaryimage","url":"https:\/\/cfcegypt.com\/wp-content\/uploads\/2024\/04\/EGYSLAG-50--1024x585.jpg","contentUrl":"https:\/\/cfcegypt.com\/wp-content\/uploads\/2024\/04\/EGYSLAG-50--1024x585.jpg"},{"@type":"BreadcrumbList","@id":"https:\/\/cfcegypt.com\/products\/metallurgical-chemicals\/non-ferrous-metal-treatment\/copper-treatment\/#breadcrumb","itemListElement":[{"@type":"ListItem","position":1,"name":"Home","item":"https:\/\/cfcegypt.com\/"},{"@type":"ListItem","position":2,"name":"Products","item":"https:\/\/cfcegypt.com\/products\/"},{"@type":"ListItem","position":3,"name":"Metallurgical Chemicals","item":"https:\/\/cfcegypt.com\/products\/metallurgical-chemicals\/"},{"@type":"ListItem","position":4,"name":"Non-Ferrous Metal Treatment","item":"https:\/\/cfcegypt.com\/products\/metallurgical-chemicals\/non-ferrous-metal-treatment\/"},{"@type":"ListItem","position":5,"name":"Copper Treatment"}]},{"@type":"WebSite","@id":"https:\/\/cfcegypt.com\/#website","url":"https:\/\/cfcegypt.com\/","name":"CFC Egypt","description":"","publisher":{"@id":"https:\/\/cfcegypt.com\/#organization"},"potentialAction":[{"@type":"SearchAction","target":{"@type":"EntryPoint","urlTemplate":"https:\/\/cfcegypt.com\/?s={search_term_string}"},"query-input":{"@type":"PropertyValueSpecification","valueRequired":true,"valueName":"search_term_string"}}],"inLanguage":"tr"},{"@type":"Organization","@id":"https:\/\/cfcegypt.com\/#organization","name":"Construction & Foundries Chemicals Industrial Co.","url":"https:\/\/cfcegypt.com\/","logo":{"@type":"ImageObject","inLanguage":"tr","@id":"https:\/\/cfcegypt.com\/#\/schema\/logo\/image\/","url":"https:\/\/cfcegypt.com\/wp-content\/uploads\/2024\/02\/CFC-Transparent-Logo-e1707911341304.png","contentUrl":"https:\/\/cfcegypt.com\/wp-content\/uploads\/2024\/02\/CFC-Transparent-Logo-e1707911341304.png","width":131,"height":85,"caption":"Construction & Foundries Chemicals Industrial Co."},"image":{"@id":"https:\/\/cfcegypt.com\/#\/schema\/logo\/image\/"},"sameAs":["https:\/\/www.facebook.com\/CFCEGYPT\/","https:\/\/www.instagram.com\/cfc_construction_foundries\/","https:\/\/www.linkedin.com\/in\/cfc-construction-and-foundries-chemicals-092b81255\/"]}]}},"_links":{"self":[{"href":"https:\/\/cfcegypt.com\/tr\/wp-json\/wp\/v2\/pages\/1158","targetHints":{"allow":["GET"]}}],"collection":[{"href":"https:\/\/cfcegypt.com\/tr\/wp-json\/wp\/v2\/pages"}],"about":[{"href":"https:\/\/cfcegypt.com\/tr\/wp-json\/wp\/v2\/types\/page"}],"author":[{"embeddable":true,"href":"https:\/\/cfcegypt.com\/tr\/wp-json\/wp\/v2\/users\/1"}],"replies":[{"embeddable":true,"href":"https:\/\/cfcegypt.com\/tr\/wp-json\/wp\/v2\/comments?post=1158"}],"version-history":[{"count":0,"href":"https:\/\/cfcegypt.com\/tr\/wp-json\/wp\/v2\/pages\/1158\/revisions"}],"up":[{"embeddable":true,"href":"https:\/\/cfcegypt.com\/tr\/wp-json\/wp\/v2\/pages\/405"}],"wp:attachment":[{"href":"https:\/\/cfcegypt.com\/tr\/wp-json\/wp\/v2\/media?parent=1158"}],"curies":[{"name":"wp","href":"https:\/\/api.w.org\/{rel}","templated":true}]}}